{"id":163337,"date":"2025-12-19T12:45:10","date_gmt":"2025-12-19T09:45:10","guid":{"rendered":"https:\/\/baldumarket.lt\/product\/cortina-cnag02-komoda-na-obuwie-2d-1s-dab-grandson\/"},"modified":"2026-04-06T18:44:17","modified_gmt":"2026-04-06T15:44:17","slug":"cortina-cnag02-komoda-na-obuwie-2d-1s-dab-grandson","status":"publish","type":"product","link":"https:\/\/baldumarket.lt\/lt\/product\/cortina-cnag02-komoda-na-obuwie-2d-1s-dab-grandson\/","title":{"rendered":"Cortina CNAG02 \u2013 Bat\u0173 spintel\u0117 2D-1S Grandson Oak"},"content":{"rendered":"<p>Papuo\u0161kite savo namus moderniu stiliumi ir sutvarkykite avalyn\u0119 su \u201eCortina CNAG02\u201c komoda. \u0160is eleganti\u0161kas baldas leis lengvai susitvarkyti bat\u0173 kolekcij\u0105 ir aksesuarus. Pagaminta i\u0161 auk\u0161tos kokyb\u0117s med\u017eiag\u0173, nat\u016bralaus \u201eGrandson\u201c \u0105\u017euolo atspalvi\u0173, ji suteiks \u0161ilumos ir harmonijos bet kokiam interjerui. 92,8 cm plo\u010dio, 100,2 cm auk\u0161\u010dio ir 38 cm gylio \u0161i bat\u0173 komoda yra kompakti\u0161kas, ta\u010diau erdvus baldas, puikiai tinkantis tiek koridoriui, tiek miegamajam. Keturios funkcionalios, kruop\u0161\u010diai suprojektuotos lentynos u\u017etikrina, kad kiekviena bat\u0173 pora rast\u0173 savo viet\u0105, nejausdama ank\u0161tumo ar netvarkos. Papildomas stal\u010dius komodos vir\u0161uje puikiai tinka tokiems aksesuarams kaip \u0161epe\u010diai, kempin\u0117s ir blizginimo priemon\u0117s, u\u017etikrinant, kad visi j\u016bs\u0173 bat\u0173 prie\u017ei\u016bros reikmenys visada b\u016bt\u0173 po ranka ir vienoje vietoje. Gaminys kruop\u0161\u010diai pagamintas i\u0161 patvarios laminuotos plok\u0161t\u0117s ir MDF, tod\u0117l yra atsparus kasdieniam naudojimui ir lengvai valomas. Jo modernus dizainas, pary\u0161kintas subtiliomis metalin\u0117mis rankenomis ir prislopinta med\u017eio spalva, puikiai papildo naujausias interjero dizaino tendencijas. Itin funkcionalus laminuotos med\u017eio dro\u017eli\u0173 plok\u0161t\u0117s korpusas su MDF fasadais derina estetik\u0105 ir ilgaam\u017ei\u0161kum\u0105.<\/p>","protected":false},"excerpt":{"rendered":"<p>Plotis (cm): 92,8<br \/>\n\u016agis (cm): 100,2<br \/>\nGylis (cm): 38<\/p>","protected":false},"featured_media":163338,"comment_status":"open","ping_status":"open","template":"","meta":[],"product_brand":[],"product_cat":[9477,4107,1997],"product_tag":[],"class_list":{"0":"post-163337","1":"product","2":"type-product","3":"status-publish","4":"has-post-thumbnail","6":"product_cat-furniture-system-cortina-wojcik-meble","7":"product_cat-meble-wojcik","8":"product_cat-shoe-cabinets","10":"first","11":"instock","12":"purchasable","13":"product-type-simple"},"_links":{"self":[{"href":"https:\/\/baldumarket.lt\/lt\/wp-json\/wp\/v2\/product\/163337","targetHints":{"allow":["GET"]}}],"collection":[{"href":"https:\/\/baldumarket.lt\/lt\/wp-json\/wp\/v2\/product"}],"about":[{"href":"https:\/\/baldumarket.lt\/lt\/wp-json\/wp\/v2\/types\/product"}],"replies":[{"embeddable":true,"href":"https:\/\/baldumarket.lt\/lt\/wp-json\/wp\/v2\/comments?post=163337"}],"wp:featuredmedia":[{"embeddable":true,"href":"https:\/\/baldumarket.lt\/lt\/wp-json\/wp\/v2\/media\/163338"}],"wp:attachment":[{"href":"https:\/\/baldumarket.lt\/lt\/wp-json\/wp\/v2\/media?parent=163337"}],"wp:term":[{"taxonomy":"product_brand","embeddable":true,"href":"https:\/\/baldumarket.lt\/lt\/wp-json\/wp\/v2\/product_brand?post=163337"},{"taxonomy":"product_cat","embeddable":true,"href":"https:\/\/baldumarket.lt\/lt\/wp-json\/wp\/v2\/product_cat?post=163337"},{"taxonomy":"product_tag","embeddable":true,"href":"https:\/\/baldumarket.lt\/lt\/wp-json\/wp\/v2\/product_tag?post=163337"}],"curies":[{"name":"wp","href":"https:\/\/api.w.org\/{rel}","templated":true}]}}