{"id":163331,"date":"2025-12-19T12:44:57","date_gmt":"2025-12-19T09:44:57","guid":{"rendered":"https:\/\/baldumarket.lt\/product\/cortina-cnat04-stolik-dab-grandson\/"},"modified":"2026-04-06T18:44:17","modified_gmt":"2026-04-06T15:44:17","slug":"cortina-cnat04-stolik-dab-grandson","status":"publish","type":"product","link":"https:\/\/baldumarket.lt\/lt\/product\/cortina-cnat04-stolik-dab-grandson\/","title":{"rendered":"Cortina CNAT04 \u2013 \u0105\u017euolinis Grandson stalas"},"content":{"rendered":"<p>Kvie\u010diame susipa\u017einti su \u0161iuo unikaliu pasi\u016blymu, kuris nat\u016braliai suteiks harmonijos ir funkcionalumo bet kuriam svetain\u0117s kambariui. Pristatome \u201eCortina CNAT04\u201c kavos staliuk\u0105, \u017eavint\u012f savo paprastumu ir elegancija \u201eGrandson Oak\u201c \u0105\u017euolo spalvos. D\u0117l savo universalumo jis tampa nepakei\u010diamu kasdieniu aksesuaru ir unikaliu j\u016bs\u0173 interjero dizaino papildymu. Pagamintas i\u0161 rafinuoto med\u017eiag\u0173, laminuotos plok\u0161t\u0117s ir MDF derinio, jis pasi\u017eymi patvarumu ir stabilumu, kuriuo d\u017eiaugsit\u0117s ilgus metus. \u0160is komponent\u0173 derinys u\u017etikrina ne tik ilgaam\u017ei\u0161kum\u0105, bet ir atsparum\u0105 kasdieniam naudojimui. Eleganti\u0161kai i\u0161 MDF apdirbtas stalvir\u0161is garantuoja didesn\u012f atsparum\u0105 \u012fbr\u0117\u017eimams, dr\u0117gmei ir auk\u0161tai temperat\u016brai, u\u017etikrindamas, kad net kar\u0161tas kavos puodelis nepa\u017eeis jo eleganti\u0161ko pavir\u0161iaus. Tokios detal\u0117s kaip metalin\u0117 rankena ir laminuotos med\u017eio dro\u017eli\u0173 plok\u0161t\u0117s r\u0117mas, \u201eCortina CNAT04\u201c sukuria darni\u0105 visum\u0105, kuri sustiprins bet kurio kambario modern\u0173 charakter\u012f. Minimalistinis, ta\u010diau rafinuotas dizainas i\u0161skiria j\u012f i\u0161 kit\u0173 bald\u0173 ir atitinka naujausias interjero dizaino tendencijas.<\/p>","protected":false},"excerpt":{"rendered":"<p>Plotis (cm): 100<br \/>\n\u016agis (cm): 45,6<br \/>\nGylis (cm): 75<\/p>","protected":false},"featured_media":163332,"comment_status":"open","ping_status":"open","template":"","meta":[],"product_brand":[],"product_cat":[9477,4107,1934],"product_tag":[],"class_list":{"0":"post-163331","1":"product","2":"type-product","3":"status-publish","4":"has-post-thumbnail","6":"product_cat-furniture-system-cortina-wojcik-meble","7":"product_cat-meble-wojcik","8":"product_cat-tables","10":"first","11":"instock","12":"purchasable","13":"product-type-simple"},"_links":{"self":[{"href":"https:\/\/baldumarket.lt\/lt\/wp-json\/wp\/v2\/product\/163331","targetHints":{"allow":["GET"]}}],"collection":[{"href":"https:\/\/baldumarket.lt\/lt\/wp-json\/wp\/v2\/product"}],"about":[{"href":"https:\/\/baldumarket.lt\/lt\/wp-json\/wp\/v2\/types\/product"}],"replies":[{"embeddable":true,"href":"https:\/\/baldumarket.lt\/lt\/wp-json\/wp\/v2\/comments?post=163331"}],"wp:featuredmedia":[{"embeddable":true,"href":"https:\/\/baldumarket.lt\/lt\/wp-json\/wp\/v2\/media\/163332"}],"wp:attachment":[{"href":"https:\/\/baldumarket.lt\/lt\/wp-json\/wp\/v2\/media?parent=163331"}],"wp:term":[{"taxonomy":"product_brand","embeddable":true,"href":"https:\/\/baldumarket.lt\/lt\/wp-json\/wp\/v2\/product_brand?post=163331"},{"taxonomy":"product_cat","embeddable":true,"href":"https:\/\/baldumarket.lt\/lt\/wp-json\/wp\/v2\/product_cat?post=163331"},{"taxonomy":"product_tag","embeddable":true,"href":"https:\/\/baldumarket.lt\/lt\/wp-json\/wp\/v2\/product_tag?post=163331"}],"curies":[{"name":"wp","href":"https:\/\/api.w.org\/{rel}","templated":true}]}}