{"id":163325,"date":"2025-12-19T12:44:45","date_gmt":"2025-12-19T09:44:45","guid":{"rendered":"https:\/\/baldumarket.lt\/product\/cortina-cnat03-stol-rozkladany-160-200-dab-grandson\/"},"modified":"2026-04-06T18:44:17","modified_gmt":"2026-04-06T15:44:17","slug":"cortina-cnat03-stol-rozkladany-160-200-dab-grandson","status":"publish","type":"product","link":"https:\/\/baldumarket.lt\/lt\/product\/cortina-cnat03-stol-rozkladany-160-200-dab-grandson\/","title":{"rendered":"Cortina CNAT03 \u2013 I\u0161skleid\u017eiamas stalas 160-200 Grandson Oak"},"content":{"rendered":"<p>Suteikite savo interjerui funkcionalumo ir modernaus dizaino su i\u0161traukiamu stalu \u201eCortina CNAT03\u201c. \u0160is unikalus baldas lengvai prisitaiko prie bet kokios erdv\u0117s \u2013 nuo ma\u017e\u0173 virtuvi\u0173 iki erdvi\u0173 valgom\u0173j\u0173. Jo plotis yra 160 cm, ta\u010diau tai tik prad\u017eia. \u0160\u012f stal\u0105 galima prailginti iki 200 cm, tod\u0117l j\u012f lengva pritaikyti prie sve\u010di\u0173 skai\u010diaus ar \u0161eimos susib\u016brim\u0173, suteikiant komforto ir papildomos erdv\u0117s. MDF stalvir\u0161is \u012frodo, kad stalas ne tik atrodo eleganti\u0161kai, bet ir yra sukurtas atlaikyti kasdien\u012f naudojim\u0105 ir laiko i\u0161bandym\u0105. Kojos ir r\u0117mo elementai pagaminti i\u0161 laminuotos med\u017eio dro\u017eli\u0173 plok\u0161t\u0117s, pabr\u0117\u017eiant \u201eCortina CNAT03\u201c stalo patvarum\u0105. Be to, \u201eGrandson Oak\u201c apdaila suteikia nat\u016bralios medienos \u0161ilum\u0105, tod\u0117l jo i\u0161vaizda yra ne tik nesenstanti, bet ir lengvai derinama prie kit\u0173 bald\u0173 bei interjero dizaino. Sinchroniniai b\u0117geliai veikia nepriekai\u0161tingai, u\u017etikrindami skland\u0173 ir be r\u016bpes\u010di\u0173 stalo i\u0161pl\u0117tim\u0105. \u0160i moderni sistema ne tik supaprastina valdym\u0105, bet ir u\u017etikrina stabilum\u0105 bei saugum\u0105, o tai labai svarbu per gyvenimo \u0161ventes ar kasdienius pietus su artimaisiais. Stalo patvarum\u0105 dar labiau padidina atsparumas \u012fbr\u0117\u017eimams, pa\u017eeidimams, dr\u0117gmei ir auk\u0161tai temperat\u016brai \u2013 kriterijams, kuriuos da\u017enai turi atitikti virtuv\u0117s baldai.<\/p>","protected":false},"excerpt":{"rendered":"<p>Plotis (cm): 160\u2013200<br \/>\n\u016agis (cm): 75,5<br \/>\nGylis (cm): 90<\/p>","protected":false},"featured_media":163326,"comment_status":"open","ping_status":"open","template":"","meta":[],"product_brand":[],"product_cat":[9477,4107,1934],"product_tag":[],"class_list":{"0":"post-163325","1":"product","2":"type-product","3":"status-publish","4":"has-post-thumbnail","6":"product_cat-furniture-system-cortina-wojcik-meble","7":"product_cat-meble-wojcik","8":"product_cat-tables","10":"first","11":"instock","12":"purchasable","13":"product-type-simple"},"_links":{"self":[{"href":"https:\/\/baldumarket.lt\/lt\/wp-json\/wp\/v2\/product\/163325","targetHints":{"allow":["GET"]}}],"collection":[{"href":"https:\/\/baldumarket.lt\/lt\/wp-json\/wp\/v2\/product"}],"about":[{"href":"https:\/\/baldumarket.lt\/lt\/wp-json\/wp\/v2\/types\/product"}],"replies":[{"embeddable":true,"href":"https:\/\/baldumarket.lt\/lt\/wp-json\/wp\/v2\/comments?post=163325"}],"wp:featuredmedia":[{"embeddable":true,"href":"https:\/\/baldumarket.lt\/lt\/wp-json\/wp\/v2\/media\/163326"}],"wp:attachment":[{"href":"https:\/\/baldumarket.lt\/lt\/wp-json\/wp\/v2\/media?parent=163325"}],"wp:term":[{"taxonomy":"product_brand","embeddable":true,"href":"https:\/\/baldumarket.lt\/lt\/wp-json\/wp\/v2\/product_brand?post=163325"},{"taxonomy":"product_cat","embeddable":true,"href":"https:\/\/baldumarket.lt\/lt\/wp-json\/wp\/v2\/product_cat?post=163325"},{"taxonomy":"product_tag","embeddable":true,"href":"https:\/\/baldumarket.lt\/lt\/wp-json\/wp\/v2\/product_tag?post=163325"}],"curies":[{"name":"wp","href":"https:\/\/api.w.org\/{rel}","templated":true}]}}