{"id":163319,"date":"2025-12-19T12:44:33","date_gmt":"2025-12-19T09:44:33","guid":{"rendered":"https:\/\/baldumarket.lt\/product\/cortina-cnag06l-szafa-lewostronna-1-drzwiowa-dab-grandson\/"},"modified":"2026-04-06T18:44:17","modified_gmt":"2026-04-06T15:44:17","slug":"cortina-cnag06l-szafa-lewostronna-1-drzwiowa-dab-grandson","status":"publish","type":"product","link":"https:\/\/baldumarket.lt\/lt\/product\/cortina-cnag06l-szafa-lewostronna-1-drzwiowa-dab-grandson\/","title":{"rendered":"Cortina CNAG06L \u2013 Kairin\u0117 spinta, vienv\u0117r\u0117, Grandson Oak"},"content":{"rendered":"<p>Atraskite funkcionalum\u0105 ir elegancij\u0105 viename balde \u2013 pristatome \u201eCortina CNAG06L\u201c spint\u0105, \u012fkv\u0117pt\u0105 nat\u016bralaus \u0105\u017euolo gro\u017eio. Sukurta moderniam interjerui, kuriame siekiama harmonijos su nat\u016braliomis med\u017eiagomis, \u0161i spinta puikiai der\u0117s prie j\u016bs\u0173 nam\u0173 ir taps prakti\u0161ku bei esteti\u0161kai patraukliu baldu. Jos matmenys u\u017etikrina puiki\u0105 talp\u0105, i\u0161laikant kompakti\u0161kas proporcijas. 58 cm plotis, 195 cm auk\u0161tis ir 37,4 cm gylis leid\u017eia optimizuoti erdv\u0119 ir kartu u\u017etikrinti komfort\u0105. Spinta apdailinta \u0161ilta, \u012fkvepian\u010dia \u201eGrandson Oak\u201c spalva, kuri harmoningai papildys j\u016bs\u0173 nam\u0173 spalv\u0173 palet\u0119 ir sukurs raminan\u010di\u0105, atsipalaidavimui palanki\u0105 atmosfer\u0105. Jos konstrukcijoje naudojamos med\u017eiagos \u2013 laminuota plok\u0161t\u0117 ir MDF \u2013 garantuoja ilgaam\u017ei\u0161kum\u0105 ir atsparum\u0105 kasdieniam naudojimui. Modern\u0173 baldo stili\u0173 pabr\u0117\u017eia tiek tvirtas laminuotos med\u017eio dro\u017eli\u0173 plok\u0161t\u0117s korpusas, tiek eleganti\u0161ki MDF fasadai, suteikiantys rafinuot\u0105 i\u0161vaizd\u0105. Metalin\u0117s rankenos ne tik puikiai dera su nat\u016bralia spintel\u0117s spalva, bet ir yra patvarios bei tvirtos. \u0160velniai u\u017esidarantys vyriai yra funkcionali detal\u0117, u\u017etikrinanti komfort\u0105 ir diskreti\u0161kum\u0105 kasdien naudojant.<\/p>","protected":false},"excerpt":{"rendered":"<p>Plotis (cm): 58<br \/>\n\u016agis (cm): 195<br \/>\nGylis (cm): 37,4<\/p>","protected":false},"featured_media":163320,"comment_status":"open","ping_status":"open","template":"","meta":[],"product_brand":[],"product_cat":[9477,4107,1177],"product_tag":[],"class_list":{"0":"post-163319","1":"product","2":"type-product","3":"status-publish","4":"has-post-thumbnail","6":"product_cat-furniture-system-cortina-wojcik-meble","7":"product_cat-meble-wojcik","8":"product_cat-wardrobes","10":"first","11":"instock","12":"purchasable","13":"product-type-simple"},"_links":{"self":[{"href":"https:\/\/baldumarket.lt\/lt\/wp-json\/wp\/v2\/product\/163319","targetHints":{"allow":["GET"]}}],"collection":[{"href":"https:\/\/baldumarket.lt\/lt\/wp-json\/wp\/v2\/product"}],"about":[{"href":"https:\/\/baldumarket.lt\/lt\/wp-json\/wp\/v2\/types\/product"}],"replies":[{"embeddable":true,"href":"https:\/\/baldumarket.lt\/lt\/wp-json\/wp\/v2\/comments?post=163319"}],"wp:featuredmedia":[{"embeddable":true,"href":"https:\/\/baldumarket.lt\/lt\/wp-json\/wp\/v2\/media\/163320"}],"wp:attachment":[{"href":"https:\/\/baldumarket.lt\/lt\/wp-json\/wp\/v2\/media?parent=163319"}],"wp:term":[{"taxonomy":"product_brand","embeddable":true,"href":"https:\/\/baldumarket.lt\/lt\/wp-json\/wp\/v2\/product_brand?post=163319"},{"taxonomy":"product_cat","embeddable":true,"href":"https:\/\/baldumarket.lt\/lt\/wp-json\/wp\/v2\/product_cat?post=163319"},{"taxonomy":"product_tag","embeddable":true,"href":"https:\/\/baldumarket.lt\/lt\/wp-json\/wp\/v2\/product_tag?post=163319"}],"curies":[{"name":"wp","href":"https:\/\/api.w.org\/{rel}","templated":true}]}}