{"id":163313,"date":"2025-12-19T12:44:20","date_gmt":"2025-12-19T09:44:20","guid":{"rendered":"https:\/\/baldumarket.lt\/product\/cortina-cnag06p-szafa-prawostronna-1-drzwiowa-dab-grandson\/"},"modified":"2026-04-06T18:44:17","modified_gmt":"2026-04-06T15:44:17","slug":"cortina-cnag06p-szafa-prawostronna-1-drzwiowa-dab-grandson","status":"publish","type":"product","link":"https:\/\/baldumarket.lt\/lt\/product\/cortina-cnag06p-szafa-prawostronna-1-drzwiowa-dab-grandson\/","title":{"rendered":"Cortina CNAG06P \u2013 De\u0161in\u0117s pus\u0117s spinta, vienv\u0117r\u0117, Grandson Oak"},"content":{"rendered":"<p>Pasinerkite \u012f elegancij\u0105 ir nat\u016bral\u0173 \u201eCortina CNAG06P\u201c \u2013 rafinuotos \u201eGrandson Oak\u201c medienos spintos gro\u017e\u012f. Nepaprastai prakti\u0161ka ir esteti\u0161kai patraukli, \u0161i spinta \u2013 tai modernaus dizaino ir funkcionalumo derinys, sukurta tam, kad j\u016bs\u0173 gyvenamojoje erdv\u0117je atsiskleist\u0173 harmonija ir tvarka. Jums patiks, kaip \u201eCortina CNAG06P\u201c sutvarkys j\u016bs\u0173 drabu\u017eius ir aksesuarus. 58 cm plo\u010dio, 195 cm auk\u0161\u010dio ir 37,4 cm gylio \u0161i spinta sukurta taip, kad maksimaliai i\u0161naudot\u0173 erdv\u0119 neu\u017eimdama daug erdv\u0117s. Su pakaba ir dviem lentynomis joje tilps tiek ilgi paltai, tiek sulankstyti megztiniai. \u0160iltas ir nat\u016bralus \u201eGrandson Oak\u201c medienos atspalvis, i\u0161 kurio ji pagaminta, spinduliuoja subtili\u0105 elegancij\u0105 ir dera su \u012fvairiomis spalv\u0173 gamomis, tod\u0117l tinka \u012fvairiems interjero dizainams. Nesvarbu, ar tai miegamasis, r\u016bbin\u0117, ar net jaukus prie\u0161kambario kampelis, \u201eCortina CNAG06P\u201c suteikia kambariui atmosferin\u012f ir jauk\u0173 prisilietim\u0105.<\/p>","protected":false},"excerpt":{"rendered":"<p>Plotis (cm): 58<br \/>\n\u016agis (cm): 195<br \/>\nGylis (cm): 37,4<\/p>","protected":false},"featured_media":163314,"comment_status":"open","ping_status":"open","template":"","meta":[],"product_brand":[],"product_cat":[9477,4107,1177],"product_tag":[],"class_list":{"0":"post-163313","1":"product","2":"type-product","3":"status-publish","4":"has-post-thumbnail","6":"product_cat-furniture-system-cortina-wojcik-meble","7":"product_cat-meble-wojcik","8":"product_cat-wardrobes","10":"first","11":"instock","12":"purchasable","13":"product-type-simple"},"_links":{"self":[{"href":"https:\/\/baldumarket.lt\/lt\/wp-json\/wp\/v2\/product\/163313","targetHints":{"allow":["GET"]}}],"collection":[{"href":"https:\/\/baldumarket.lt\/lt\/wp-json\/wp\/v2\/product"}],"about":[{"href":"https:\/\/baldumarket.lt\/lt\/wp-json\/wp\/v2\/types\/product"}],"replies":[{"embeddable":true,"href":"https:\/\/baldumarket.lt\/lt\/wp-json\/wp\/v2\/comments?post=163313"}],"wp:featuredmedia":[{"embeddable":true,"href":"https:\/\/baldumarket.lt\/lt\/wp-json\/wp\/v2\/media\/163314"}],"wp:attachment":[{"href":"https:\/\/baldumarket.lt\/lt\/wp-json\/wp\/v2\/media?parent=163313"}],"wp:term":[{"taxonomy":"product_brand","embeddable":true,"href":"https:\/\/baldumarket.lt\/lt\/wp-json\/wp\/v2\/product_brand?post=163313"},{"taxonomy":"product_cat","embeddable":true,"href":"https:\/\/baldumarket.lt\/lt\/wp-json\/wp\/v2\/product_cat?post=163313"},{"taxonomy":"product_tag","embeddable":true,"href":"https:\/\/baldumarket.lt\/lt\/wp-json\/wp\/v2\/product_tag?post=163313"}],"curies":[{"name":"wp","href":"https:\/\/api.w.org\/{rel}","templated":true}]}}