{"id":163307,"date":"2025-12-19T12:44:08","date_gmt":"2025-12-19T09:44:08","guid":{"rendered":"https:\/\/baldumarket.lt\/product\/cortina-cnas02-szafa-2-drzwiowa-dab-grandson\/"},"modified":"2026-04-06T18:44:08","modified_gmt":"2026-04-06T15:44:08","slug":"cortina-cnas02-szafa-2-drzwiowa-dab-grandson","status":"publish","type":"product","link":"https:\/\/baldumarket.lt\/lt\/product\/cortina-cnas02-szafa-2-drzwiowa-dab-grandson\/","title":{"rendered":"Cortina CNAS02 \u2013 2 dur\u0173 spinta Grandson Oak spalvos"},"content":{"rendered":"<p>Susipa\u017einkite su \u201eCortina CNAS02\u201c \u2013 dviej\u0173 dur\u0173 spinta \u201eGrandson Oak\u201c spalvos, kurioje dera funkcionalumas ir modernus dizainas. Pagaminta i\u0161 auk\u0161\u010diausios kokyb\u0117s med\u017eiag\u0173 ir pritaikyta \u0161iuolaikinio interjero poreikiams, ji taps ne tik prakti\u0161ku, bet ir eleganti\u0161ku j\u016bs\u0173 nam\u0173 akcentu. Spintos matmenys \u2013 92,9 cm plo\u010dio, 195 cm auk\u0161\u010dio ir 57,9 cm gylio \u2013 leid\u017eia patogiai laikyti daiktus neu\u017eimant per daug vietos kambaryje. \u201eGrandson Oak\u201c spalva suteikia spintai nat\u016brali\u0105, \u0161ilt\u0105 i\u0161vaizd\u0105, harmoningai deran\u010di\u0105 su \u012fvairiomis spalv\u0173 ir stili\u0173 patalpomis. Korpusas pagamintas i\u0161 patvarios laminuotos med\u017eio dro\u017eli\u0173 plok\u0161t\u0117s, o priekin\u0117 dalis \u2013 i\u0161 eleganti\u0161kos MDF plok\u0161t\u0117s, u\u017etikrinan\u010dios ilgaam\u017ei\u0161kum\u0105. Viduje rasite erdv\u0173 vid\u0173, kuriame drabu\u017ei\u0173 kabykla ir auk\u0161ta lentyna suteikia vietos re\u010diau naudojamiems daiktams. Apatin\u0117 lentyna suteikia papildomos vietos drabu\u017eiams ir aksesuarams susid\u0117ti, taip sukuriant lengvai prieinam\u0105 daikt\u0173 laikymo sistem\u0105. Modern\u0173 bald\u0173 stili\u0173 pabr\u0117\u017eia metalin\u0117s rankenos, suteikian\u010dios elegancijos ir patvarumo.<\/p>","protected":false},"excerpt":{"rendered":"<p>Plotis (cm): 92,9<br \/>\n\u016agis (cm): 195<br \/>\nGylis (cm): 57,9<\/p>","protected":false},"featured_media":163308,"comment_status":"open","ping_status":"open","template":"","meta":[],"product_brand":[],"product_cat":[9477,4107,1177],"product_tag":[],"class_list":{"0":"post-163307","1":"product","2":"type-product","3":"status-publish","4":"has-post-thumbnail","6":"product_cat-furniture-system-cortina-wojcik-meble","7":"product_cat-meble-wojcik","8":"product_cat-wardrobes","10":"first","11":"instock","12":"purchasable","13":"product-type-simple"},"_links":{"self":[{"href":"https:\/\/baldumarket.lt\/lt\/wp-json\/wp\/v2\/product\/163307","targetHints":{"allow":["GET"]}}],"collection":[{"href":"https:\/\/baldumarket.lt\/lt\/wp-json\/wp\/v2\/product"}],"about":[{"href":"https:\/\/baldumarket.lt\/lt\/wp-json\/wp\/v2\/types\/product"}],"replies":[{"embeddable":true,"href":"https:\/\/baldumarket.lt\/lt\/wp-json\/wp\/v2\/comments?post=163307"}],"wp:featuredmedia":[{"embeddable":true,"href":"https:\/\/baldumarket.lt\/lt\/wp-json\/wp\/v2\/media\/163308"}],"wp:attachment":[{"href":"https:\/\/baldumarket.lt\/lt\/wp-json\/wp\/v2\/media?parent=163307"}],"wp:term":[{"taxonomy":"product_brand","embeddable":true,"href":"https:\/\/baldumarket.lt\/lt\/wp-json\/wp\/v2\/product_brand?post=163307"},{"taxonomy":"product_cat","embeddable":true,"href":"https:\/\/baldumarket.lt\/lt\/wp-json\/wp\/v2\/product_cat?post=163307"},{"taxonomy":"product_tag","embeddable":true,"href":"https:\/\/baldumarket.lt\/lt\/wp-json\/wp\/v2\/product_tag?post=163307"}],"curies":[{"name":"wp","href":"https:\/\/api.w.org\/{rel}","templated":true}]}}