{"id":163301,"date":"2025-12-19T12:43:55","date_gmt":"2025-12-19T09:43:55","guid":{"rendered":"https:\/\/baldumarket.lt\/product\/cortina-cnag03-lustro-dab-grandson\/"},"modified":"2026-04-06T18:44:08","modified_gmt":"2026-04-06T15:44:08","slug":"cortina-cnag03-lustro-dab-grandson","status":"publish","type":"product","link":"https:\/\/baldumarket.lt\/lt\/product\/cortina-cnag03-lustro-dab-grandson\/","title":{"rendered":"Cortina CNAG03 \u2013 an\u016bko \u0105\u017euolo veidrodis"},"content":{"rendered":"<p>Atraskite unikal\u0173 dizain\u0105 ir \u0161ilt\u0105 aur\u0105, kuri\u0105 j\u016bs\u0173 interjere sukurs \u201eCortina CNAG03\u201c veidrodis \u201eGrandson Oak\u201c spalvos \u2013 \u0161is veidrodis puikiai tiks tiek moderniame, tiek klasikiniame interjere. Harmoningas 92,8 cm plotis ir 72,7 cm auk\u0161tis suteikia veidrod\u017eiui tobulas proporcijas, o nedidelis, vos 3,6 cm gylis leid\u017eia j\u012f lengvai montuoti bet kur. Nat\u016brali spalva, imituojanti \u0105\u017euolo medienos strukt\u016br\u0105, suteikia modernumo, tod\u0117l \u0161is modelis yra puikus pasirinkimas m\u0117gstantiems ekologi\u0161kus ir jaukius nam\u0173 akcentus. Pagamintas i\u0161 auk\u0161tos kokyb\u0117s laminuotos plok\u0161t\u0117s ir MDF, jis garantuoja ilgaam\u017ei\u0161kum\u0105 ir atsparum\u0105 pa\u017eeidimams. Gaminio estetik\u0105 ir ilgaam\u017ei\u0161kum\u0105 sustiprina jo gamyboje naudojamos med\u017eiagos \u2013 laminuota med\u017eio dro\u017eli\u0173 plok\u0161t\u0117 ir MDF, \u017einomos d\u0117l savo tvirt\u0173 savybi\u0173.<\/p>","protected":false},"excerpt":{"rendered":"<p>Plotis (cm): 92,8<br \/>\n\u016agis (cm): 72,7<br \/>\nGylis (cm): 3,6<\/p>","protected":false},"featured_media":163302,"comment_status":"open","ping_status":"open","template":"","meta":[],"product_brand":[],"product_cat":[9477,4107,1108],"product_tag":[],"class_list":{"0":"post-163301","1":"product","2":"type-product","3":"status-publish","4":"has-post-thumbnail","6":"product_cat-furniture-system-cortina-wojcik-meble","7":"product_cat-meble-wojcik","8":"product_cat-mirrors","10":"first","11":"instock","12":"purchasable","13":"product-type-simple"},"_links":{"self":[{"href":"https:\/\/baldumarket.lt\/lt\/wp-json\/wp\/v2\/product\/163301","targetHints":{"allow":["GET"]}}],"collection":[{"href":"https:\/\/baldumarket.lt\/lt\/wp-json\/wp\/v2\/product"}],"about":[{"href":"https:\/\/baldumarket.lt\/lt\/wp-json\/wp\/v2\/types\/product"}],"replies":[{"embeddable":true,"href":"https:\/\/baldumarket.lt\/lt\/wp-json\/wp\/v2\/comments?post=163301"}],"wp:featuredmedia":[{"embeddable":true,"href":"https:\/\/baldumarket.lt\/lt\/wp-json\/wp\/v2\/media\/163302"}],"wp:attachment":[{"href":"https:\/\/baldumarket.lt\/lt\/wp-json\/wp\/v2\/media?parent=163301"}],"wp:term":[{"taxonomy":"product_brand","embeddable":true,"href":"https:\/\/baldumarket.lt\/lt\/wp-json\/wp\/v2\/product_brand?post=163301"},{"taxonomy":"product_cat","embeddable":true,"href":"https:\/\/baldumarket.lt\/lt\/wp-json\/wp\/v2\/product_cat?post=163301"},{"taxonomy":"product_tag","embeddable":true,"href":"https:\/\/baldumarket.lt\/lt\/wp-json\/wp\/v2\/product_tag?post=163301"}],"curies":[{"name":"wp","href":"https:\/\/api.w.org\/{rel}","templated":true}]}}