{"id":163295,"date":"2025-12-19T12:43:44","date_gmt":"2025-12-19T09:43:44","guid":{"rendered":"https:\/\/baldumarket.lt\/product\/cortina-cnas01l-bielizniarka-lewostronna-1-drzwiowa-dab-grandson\/"},"modified":"2026-04-06T18:44:08","modified_gmt":"2026-04-06T15:44:08","slug":"cortina-cnas01l-bielizniarka-lewostronna-1-drzwiowa-dab-grandson","status":"publish","type":"product","link":"https:\/\/baldumarket.lt\/lt\/product\/cortina-cnas01l-bielizniarka-lewostronna-1-drzwiowa-dab-grandson\/","title":{"rendered":"Cortina CNAS01L \u2013 Kairin\u0117 komoda, 1 dur\u0173, Grandson Oak"},"content":{"rendered":"<p>Pristatome unikali\u0105 linin\u0119 komod\u0105 \u201eCortina CNAS01L\u201c, kuri savo funkcionalumu ir estetika su\u017eav\u0117s kiekvien\u0105, vertinant\u012f rafinuot\u0105 stili\u0173, derint\u0105 su nat\u016braliu med\u017eio gro\u017eiu. \u0160is \u201eGrandson Oak\u201c atspalvio modelis, \u012fkv\u0117ptas kilming\u0173 medini\u0173 nam\u0173 spalv\u0173, yra patvarumo ir klas\u0117s sinonimas. \u012esp\u016bdingo 195 cm auk\u0161\u010dio, 58 cm plo\u010dio ir vos 37,4 cm gylio \u0161i komoda garantuoja optimal\u0173 erdv\u0117s i\u0161naudojim\u0105, i\u0161laikant harmonij\u0105 ir tvark\u0105 bet kuriame interjere. Tvirta, ta\u010diau eleganti\u0161ka auk\u0161tos kokyb\u0117s laminuotos plok\u0161t\u0117s apdaila ir MDF fasadas ne tik padidina konstrukcijos tvirtum\u0105, bet ir pagerina baldo estetin\u012f patrauklum\u0105. Linin\u0117 komoda \u201eCortina CNAS01L\u201c stebina ne tik nat\u016brali\u0173 atspalvi\u0173 gro\u017eiu, bet ir modernumu. Subtilus tradicij\u0173 ir modernaus dizaino derinys matomas paprastoje, chromuotoje metalin\u0117je rankenoje ir plastikin\u0117se kojel\u0117se, kurios u\u017etikrina stabilum\u0105 ir ilgaam\u017ei\u0161kum\u0105. Be to, baldas apr\u016bpintas tylaus u\u017edarymo vyri\u0173 sistema, kuri garantuoja naudojimo patogum\u0105 ir apsaug\u0105 nuo staigaus u\u017edarymo.<\/p>","protected":false},"excerpt":{"rendered":"<p>Plotis (cm): 58<br \/>\n\u016agis (cm): 195<br \/>\nGylis (cm): 37,4<\/p>","protected":false},"featured_media":163296,"comment_status":"open","ping_status":"open","template":"","meta":[],"product_brand":[],"product_cat":[9477,4107,1177],"product_tag":[],"class_list":{"0":"post-163295","1":"product","2":"type-product","3":"status-publish","4":"has-post-thumbnail","6":"product_cat-furniture-system-cortina-wojcik-meble","7":"product_cat-meble-wojcik","8":"product_cat-wardrobes","10":"first","11":"instock","12":"purchasable","13":"product-type-simple"},"_links":{"self":[{"href":"https:\/\/baldumarket.lt\/lt\/wp-json\/wp\/v2\/product\/163295","targetHints":{"allow":["GET"]}}],"collection":[{"href":"https:\/\/baldumarket.lt\/lt\/wp-json\/wp\/v2\/product"}],"about":[{"href":"https:\/\/baldumarket.lt\/lt\/wp-json\/wp\/v2\/types\/product"}],"replies":[{"embeddable":true,"href":"https:\/\/baldumarket.lt\/lt\/wp-json\/wp\/v2\/comments?post=163295"}],"wp:featuredmedia":[{"embeddable":true,"href":"https:\/\/baldumarket.lt\/lt\/wp-json\/wp\/v2\/media\/163296"}],"wp:attachment":[{"href":"https:\/\/baldumarket.lt\/lt\/wp-json\/wp\/v2\/media?parent=163295"}],"wp:term":[{"taxonomy":"product_brand","embeddable":true,"href":"https:\/\/baldumarket.lt\/lt\/wp-json\/wp\/v2\/product_brand?post=163295"},{"taxonomy":"product_cat","embeddable":true,"href":"https:\/\/baldumarket.lt\/lt\/wp-json\/wp\/v2\/product_cat?post=163295"},{"taxonomy":"product_tag","embeddable":true,"href":"https:\/\/baldumarket.lt\/lt\/wp-json\/wp\/v2\/product_tag?post=163295"}],"curies":[{"name":"wp","href":"https:\/\/api.w.org\/{rel}","templated":true}]}}