{"id":163283,"date":"2025-12-19T12:43:20","date_gmt":"2025-12-19T09:43:20","guid":{"rendered":"https:\/\/baldumarket.lt\/product\/cortina-cnas01p-bielizniarka-prawostronna-1-drzwiowa-dab-grandson\/"},"modified":"2026-04-06T18:44:08","modified_gmt":"2026-04-06T15:44:08","slug":"cortina-cnas01p-bielizniarka-prawostronna-1-drzwiowa-dab-grandson","status":"publish","type":"product","link":"https:\/\/baldumarket.lt\/lt\/product\/cortina-cnas01p-bielizniarka-prawostronna-1-drzwiowa-dab-grandson\/","title":{"rendered":"Cortina CNAS01P komoda su 1 stal\u010diumi, de\u0161inin\u0117, Grandson \u0105\u017euolo spalvos"},"content":{"rendered":"<p>Atraskite magi\u0161k\u0105 stili\u0173 ir i\u0161skirtin\u012f \u201eCortina CNAS01P\u201c linin\u0117s komodos \u201eGrandson Oak\u201c spalvos funkcionalum\u0105. Jei m\u0117gstate modern\u0173 dizain\u0105 su nat\u016bralios \u0161ilumos prieskoniu, \u0161is baldas puikiai tiks j\u016bs\u0173 namams. I\u0161skirtinai kruop\u0161\u010diai pagaminta \u201eCortina\u201c linin\u0117 komoda atrodo \u012fsp\u016bdingai i\u0161 bet kurio kampo. Jos matmenys: plotis \u2013 58 cm, auk\u0161tis \u2013 195 cm, o gylis \u2013 37,4 cm, tod\u0117l tai puikus pasirinkimas eleganti\u0161kam daikt\u0173 laikymui. Jos konstrukcijoje naudojamos med\u017eiagos, tokios kaip patvari laminuota plok\u0161t\u0117 ir MDF, u\u017etikrina ilgalaik\u012f naudojim\u0105 ir atsparum\u0105 kasdieniam d\u0117v\u0117jimuisi. Jos spalva, primenanti \u0161iltus \u0105\u017euolo atspalvius, o tiksliau \u2013 rafinuot\u0105 \u201eGrandson Oak\u201c \u0105\u017euol\u0105, suteikia interjerui unikal\u0173 gyl\u012f ir nat\u016bralum\u0105 tiek svetain\u0117je, tiek valgomajame. \u0160iuolaikin\u012f \u0161io baldo stili\u0173 papildo laminuotos med\u017eio dro\u017eli\u0173 plok\u0161t\u0117s korpusas ir MDF fasadas, sukuriantys nesenstant\u012f patvarumo ir estetikos derin\u012f.<\/p>","protected":false},"excerpt":{"rendered":"<p>Plotis (cm): 58<br \/>\n\u016agis (cm): 195<br \/>\nGylis (cm): 37,4<\/p>","protected":false},"featured_media":163284,"comment_status":"open","ping_status":"open","template":"","meta":[],"product_brand":[],"product_cat":[9477,4107,1177],"product_tag":[],"class_list":{"0":"post-163283","1":"product","2":"type-product","3":"status-publish","4":"has-post-thumbnail","6":"product_cat-furniture-system-cortina-wojcik-meble","7":"product_cat-meble-wojcik","8":"product_cat-wardrobes","10":"first","11":"instock","12":"purchasable","13":"product-type-simple"},"_links":{"self":[{"href":"https:\/\/baldumarket.lt\/lt\/wp-json\/wp\/v2\/product\/163283","targetHints":{"allow":["GET"]}}],"collection":[{"href":"https:\/\/baldumarket.lt\/lt\/wp-json\/wp\/v2\/product"}],"about":[{"href":"https:\/\/baldumarket.lt\/lt\/wp-json\/wp\/v2\/types\/product"}],"replies":[{"embeddable":true,"href":"https:\/\/baldumarket.lt\/lt\/wp-json\/wp\/v2\/comments?post=163283"}],"wp:featuredmedia":[{"embeddable":true,"href":"https:\/\/baldumarket.lt\/lt\/wp-json\/wp\/v2\/media\/163284"}],"wp:attachment":[{"href":"https:\/\/baldumarket.lt\/lt\/wp-json\/wp\/v2\/media?parent=163283"}],"wp:term":[{"taxonomy":"product_brand","embeddable":true,"href":"https:\/\/baldumarket.lt\/lt\/wp-json\/wp\/v2\/product_brand?post=163283"},{"taxonomy":"product_cat","embeddable":true,"href":"https:\/\/baldumarket.lt\/lt\/wp-json\/wp\/v2\/product_cat?post=163283"},{"taxonomy":"product_tag","embeddable":true,"href":"https:\/\/baldumarket.lt\/lt\/wp-json\/wp\/v2\/product_tag?post=163283"}],"curies":[{"name":"wp","href":"https:\/\/api.w.org\/{rel}","templated":true}]}}