{"id":163277,"date":"2025-12-19T12:43:08","date_gmt":"2025-12-19T09:43:08","guid":{"rendered":"https:\/\/baldumarket.lt\/product\/cortina-cnav02p-witryna-prawostronna-1-drzwiowa-dab-grandson\/"},"modified":"2026-04-06T18:44:08","modified_gmt":"2026-04-06T15:44:08","slug":"cortina-cnav02p-witryna-prawostronna-1-drzwiowa-dab-grandson","status":"publish","type":"product","link":"https:\/\/baldumarket.lt\/lt\/product\/cortina-cnav02p-witryna-prawostronna-1-drzwiowa-dab-grandson\/","title":{"rendered":"Cortina CNAV02P \u2013 De\u0161in\u0117s pus\u0117s 1 dur\u0173 vitrina, Grandson Oak"},"content":{"rendered":"<p>Atraskite modernumo \u017eaves\u012f su \u201eCortina CNAV02P\u201c vitrina \u2013 unikaliu baldu, kuris j\u016bs\u0173 interjerui suteiks elegancijos ir stiliaus. Klasifikuojama kaip vitrina, ji pasi\u017eymi vienomis durel\u0117mis, atsidaran\u010diomis \u012f de\u0161in\u0119, puikiai papildan\u010diomis modern\u0173 dizain\u0105 ir funkcionalum\u0105. \u201eCortina CNAV02P\u201c vitrina pasi\u017eymi matmenimis, pritaikytais \u0161iuolaikini\u0173 nam\u0173 poreikiams: 58 cm plotis u\u017etikrina didel\u0119 talp\u0105 neu\u017eimant vertingos vietos, 195 cm auk\u0161tis leid\u017eia patogiai i\u0161d\u0117styti daiktus \u012fvairiuose lygiuose, o 37,4 cm gylis suteikia spintelei stabilumo ir erdv\u0117s. \u201eGrandson Oak\u201c spalva yra \u0161ilumos ir nat\u016bralumo sinonimas, tod\u0117l \u201eCortina\u201c vitrina puikiai dera prie daugelio interjero dizain\u0173. \u0160is baldas pagamintas i\u0161 auk\u0161tos kokyb\u0117s med\u017eiag\u0173, toki\u0173 kaip laminuota plok\u0161t\u0117 ir MDF, u\u017etikrinan\u010di\u0173 patvarum\u0105 ir atsparum\u0105 pa\u017eeidimams. Nat\u016brali apdaila dar labiau i\u0161ry\u0161kina i\u0161skirtin\u012f medienos ra\u0161t\u0105.<\/p>","protected":false},"excerpt":{"rendered":"<p>Plotis (cm): 58<br \/>\n\u016agis (cm): 195<br \/>\nGylis (cm): 37,4<\/p>","protected":false},"featured_media":163278,"comment_status":"open","ping_status":"open","template":"","meta":[],"product_brand":[],"product_cat":[9477,4107,2006],"product_tag":[],"class_list":{"0":"post-163277","1":"product","2":"type-product","3":"status-publish","4":"has-post-thumbnail","6":"product_cat-furniture-system-cortina-wojcik-meble","7":"product_cat-meble-wojcik","8":"product_cat-vitrines","10":"first","11":"instock","12":"purchasable","13":"product-type-simple"},"_links":{"self":[{"href":"https:\/\/baldumarket.lt\/lt\/wp-json\/wp\/v2\/product\/163277","targetHints":{"allow":["GET"]}}],"collection":[{"href":"https:\/\/baldumarket.lt\/lt\/wp-json\/wp\/v2\/product"}],"about":[{"href":"https:\/\/baldumarket.lt\/lt\/wp-json\/wp\/v2\/types\/product"}],"replies":[{"embeddable":true,"href":"https:\/\/baldumarket.lt\/lt\/wp-json\/wp\/v2\/comments?post=163277"}],"wp:featuredmedia":[{"embeddable":true,"href":"https:\/\/baldumarket.lt\/lt\/wp-json\/wp\/v2\/media\/163278"}],"wp:attachment":[{"href":"https:\/\/baldumarket.lt\/lt\/wp-json\/wp\/v2\/media?parent=163277"}],"wp:term":[{"taxonomy":"product_brand","embeddable":true,"href":"https:\/\/baldumarket.lt\/lt\/wp-json\/wp\/v2\/product_brand?post=163277"},{"taxonomy":"product_cat","embeddable":true,"href":"https:\/\/baldumarket.lt\/lt\/wp-json\/wp\/v2\/product_cat?post=163277"},{"taxonomy":"product_tag","embeddable":true,"href":"https:\/\/baldumarket.lt\/lt\/wp-json\/wp\/v2\/product_tag?post=163277"}],"curies":[{"name":"wp","href":"https:\/\/api.w.org\/{rel}","templated":true}]}}