{"id":163271,"date":"2025-12-19T12:42:55","date_gmt":"2025-12-19T09:42:55","guid":{"rendered":"https:\/\/baldumarket.lt\/product\/cortina-cnav02l-witryna-lewostronna-1-drzwiowa-dab-grandson\/"},"modified":"2026-04-06T18:44:08","modified_gmt":"2026-04-06T15:44:08","slug":"cortina-cnav02l-witryna-lewostronna-1-drzwiowa-dab-grandson","status":"publish","type":"product","link":"https:\/\/baldumarket.lt\/lt\/product\/cortina-cnav02l-witryna-lewostronna-1-drzwiowa-dab-grandson\/","title":{"rendered":"Cortina CNAV02L \u2013 Kairin\u0117 vien\u0173 dureli\u0173 vitrina, Grandson Oak"},"content":{"rendered":"<p>Susipa\u017einkite su \u201eCortina CNAV02L\u201c \u2013 vien\u0173 dur\u0173 \u201eGrandson Oak\u201c vitrina, kuri j\u016bs\u0173 namams suteiks modernumo ir nat\u016brali\u0173 spalv\u0173 \u0161ilumos. \u0160i gra\u017eiai pagaminta vitrina \u017eavi subtiliu funkcionalumo ir eleganti\u0161ko dizaino deriniu, tapdama nepakei\u010diamu elementu bet kurioje svetain\u0117je ar valgomajame, kur norite eksponuoti gra\u017eiausius savo daiktus. 58 cm plo\u010dio, 195 cm auk\u0161\u010dio ir 37,4 cm gylio spintel\u0117 patenkins net ir reikliausius vartotojus. Ji atsidaro \u012f kair\u0119, tod\u0117l lengvai patenkama \u012f vid\u0173, kuriame yra \u0161e\u0161ios prakti\u0161kos ni\u0161os. Pagaminta i\u0161 auk\u0161tos kokyb\u0117s med\u017eiag\u0173, toki\u0173 kaip laminuota plok\u0161t\u0117 ir MDF, ji garantuoja ne tik patvarum\u0105, bet ir patraukli\u0105 i\u0161vaizd\u0105. \u0160ilta \u201eGrandson Oak\u201c spalva derina modernum\u0105 su tradicine elegancija, sukurdama unikali\u0105 atmosfer\u0105 kambaryje. Laminuotos med\u017eio dro\u017eli\u0173 plok\u0161t\u0117s korpusas ir MDF fasadas u\u017etikrina patvarum\u0105 ir atsparum\u0105 kasdieniam naudojimui.<\/p>","protected":false},"excerpt":{"rendered":"<p>Plotis (cm): 58<br \/>\n\u016agis (cm): 195<br \/>\nGylis (cm): 37,4<\/p>","protected":false},"featured_media":163272,"comment_status":"open","ping_status":"open","template":"","meta":[],"product_brand":[],"product_cat":[9477,4107,2006],"product_tag":[],"class_list":{"0":"post-163271","1":"product","2":"type-product","3":"status-publish","4":"has-post-thumbnail","6":"product_cat-furniture-system-cortina-wojcik-meble","7":"product_cat-meble-wojcik","8":"product_cat-vitrines","10":"first","11":"instock","12":"purchasable","13":"product-type-simple"},"_links":{"self":[{"href":"https:\/\/baldumarket.lt\/lt\/wp-json\/wp\/v2\/product\/163271","targetHints":{"allow":["GET"]}}],"collection":[{"href":"https:\/\/baldumarket.lt\/lt\/wp-json\/wp\/v2\/product"}],"about":[{"href":"https:\/\/baldumarket.lt\/lt\/wp-json\/wp\/v2\/types\/product"}],"replies":[{"embeddable":true,"href":"https:\/\/baldumarket.lt\/lt\/wp-json\/wp\/v2\/comments?post=163271"}],"wp:featuredmedia":[{"embeddable":true,"href":"https:\/\/baldumarket.lt\/lt\/wp-json\/wp\/v2\/media\/163272"}],"wp:attachment":[{"href":"https:\/\/baldumarket.lt\/lt\/wp-json\/wp\/v2\/media?parent=163271"}],"wp:term":[{"taxonomy":"product_brand","embeddable":true,"href":"https:\/\/baldumarket.lt\/lt\/wp-json\/wp\/v2\/product_brand?post=163271"},{"taxonomy":"product_cat","embeddable":true,"href":"https:\/\/baldumarket.lt\/lt\/wp-json\/wp\/v2\/product_cat?post=163271"},{"taxonomy":"product_tag","embeddable":true,"href":"https:\/\/baldumarket.lt\/lt\/wp-json\/wp\/v2\/product_tag?post=163271"}],"curies":[{"name":"wp","href":"https:\/\/api.w.org\/{rel}","templated":true}]}}