{"id":163265,"date":"2025-12-19T12:42:43","date_gmt":"2025-12-19T09:42:43","guid":{"rendered":"https:\/\/baldumarket.lt\/product\/cortina-cnav01-witryna-2-drzwiowa-dab-grandson\/"},"modified":"2026-04-06T18:44:08","modified_gmt":"2026-04-06T15:44:08","slug":"cortina-cnav01-witryna-2-drzwiowa-dab-grandson","status":"publish","type":"product","link":"https:\/\/baldumarket.lt\/lt\/product\/cortina-cnav01-witryna-2-drzwiowa-dab-grandson\/","title":{"rendered":"Cortina CNAV01 \u2013 2 dur\u0173 vitrina Grandson Oak spalvos"},"content":{"rendered":"<p>Pristatome \u201eCortina CNAV01\u201c \u2013 dviej\u0173 dur\u0173 vitrin\u0105 \u201eGrandson Oak\u201c spalvos \u2013 eleganti\u0161k\u0105 ir funkcional\u0173 bet kurios j\u016bs\u0173 nam\u0173 erdv\u0117s papildym\u0105. \u0160is baldas i\u0161did\u017eiai parodys j\u016bs\u0173 nieku\u010dius ir atminimo daiktus, suteikdamas kambariui modernumo. \u0160is baldas skirtas vitrinoms, o \u201eCortina\u201c dviej\u0173 dur\u0173 vitrina neabejotinai pritrauks d\u0117mes\u012f savo meistri\u0161kumu. Jos plotis yra 101,9 cm, tod\u0117l ji puikiai tinka tiek erdvioms svetain\u0117ms, tiek ma\u017eesniems kambariams. Jos auk\u0161tis yra 133 cm, tod\u0117l u\u017etikrinamas optimalus vertikalios erdv\u0117s i\u0161naudojimas, o 37,4 cm gylis leid\u017eia laikyti dar didesnius daiktus, i\u0161laikant tinkam\u0105 pusiausvyr\u0105 ir proporcijas. \u201eGrandson Oak\u201c spalva garantuoja \u0161ilt\u0105, ta\u010diau nat\u016brali\u0105 i\u0161vaizd\u0105, kuri papildys \u012fvairius interjero dizainus. Gamyboje naudojamos med\u017eiagos, tokios kaip laminuota plok\u0161t\u0117 ir MDF, d\u017eiugins jus savo patvarumu ir lengvu valymu. Modern\u0173 stili\u0173 pabr\u0117\u017eia laminuotos med\u017eio dro\u017eli\u0173 plok\u0161t\u0117s korpusas ir MDF priekin\u0117 dalis, kurie kartu sukuria darni\u0105 visum\u0105, atspari\u0105 kasdieniam naudojimui.<\/p>","protected":false},"excerpt":{"rendered":"<p>Plotis (cm): 101,9<br \/>\n\u016agis (cm): 133<br \/>\nGylis (cm): 37,4<\/p>","protected":false},"featured_media":163266,"comment_status":"open","ping_status":"open","template":"","meta":[],"product_brand":[],"product_cat":[9477,4107,2006],"product_tag":[],"class_list":{"0":"post-163265","1":"product","2":"type-product","3":"status-publish","4":"has-post-thumbnail","6":"product_cat-furniture-system-cortina-wojcik-meble","7":"product_cat-meble-wojcik","8":"product_cat-vitrines","10":"first","11":"instock","12":"purchasable","13":"product-type-simple"},"_links":{"self":[{"href":"https:\/\/baldumarket.lt\/lt\/wp-json\/wp\/v2\/product\/163265","targetHints":{"allow":["GET"]}}],"collection":[{"href":"https:\/\/baldumarket.lt\/lt\/wp-json\/wp\/v2\/product"}],"about":[{"href":"https:\/\/baldumarket.lt\/lt\/wp-json\/wp\/v2\/types\/product"}],"replies":[{"embeddable":true,"href":"https:\/\/baldumarket.lt\/lt\/wp-json\/wp\/v2\/comments?post=163265"}],"wp:featuredmedia":[{"embeddable":true,"href":"https:\/\/baldumarket.lt\/lt\/wp-json\/wp\/v2\/media\/163266"}],"wp:attachment":[{"href":"https:\/\/baldumarket.lt\/lt\/wp-json\/wp\/v2\/media?parent=163265"}],"wp:term":[{"taxonomy":"product_brand","embeddable":true,"href":"https:\/\/baldumarket.lt\/lt\/wp-json\/wp\/v2\/product_brand?post=163265"},{"taxonomy":"product_cat","embeddable":true,"href":"https:\/\/baldumarket.lt\/lt\/wp-json\/wp\/v2\/product_cat?post=163265"},{"taxonomy":"product_tag","embeddable":true,"href":"https:\/\/baldumarket.lt\/lt\/wp-json\/wp\/v2\/product_tag?post=163265"}],"curies":[{"name":"wp","href":"https:\/\/api.w.org\/{rel}","templated":true}]}}