{"id":163259,"date":"2025-12-19T12:42:30","date_gmt":"2025-12-19T09:42:30","guid":{"rendered":"https:\/\/baldumarket.lt\/product\/cortina-cnap01-polka-wiszaca-dab-grandson\/"},"modified":"2026-04-06T18:43:58","modified_gmt":"2026-04-06T15:43:58","slug":"cortina-cnap01-polka-wiszaca-dab-grandson","status":"publish","type":"product","link":"https:\/\/baldumarket.lt\/lt\/product\/cortina-cnap01-polka-wiszaca-dab-grandson\/","title":{"rendered":"Cortina CNAP01 \u2013 pakabinama lentyna \u201eGrandson Oak\u201c"},"content":{"rendered":"<p>Atraskite nauj\u0105 funkcionalumo ir estetikos dimensij\u0105 su modernia \u201eCortina CNAP01\u201c lentyna, kuri puikiai papildys j\u016bs\u0173 interjer\u0105, suteikdama \u0161ilt\u0105 akcent\u0105 d\u0117l savo \u201eGrandson Oak\u201c atspalvio. Unikalus \u0161ios lentynos dizainas sujungia nat\u016bral\u0173 med\u017eio \u017eaves\u012f su moderniu dizainu, puikiai atspindin\u010diu dabartines interjero dizaino tendencijas. Optimalus \u201eCortina CNAP01\u201c lentynos plotis \u2013 117,6 cm, auk\u0161tis \u2013 19,6 cm, o gylis \u2013 21,9 cm \u2013 garantuoja, kad rasite tobul\u0105 viet\u0105 savo namuose, nepriklausomai nuo erdv\u0117s dyd\u017eio. \u0160ie matmenys leid\u017eia eksponuoti m\u0117gstamas dekoracijas, nuotrauk\u0173 r\u0117melius, puo\u0161nius albumus, \u0161vie\u010dian\u010dias \u017evakes ar asmeninius suvenyrus i\u0161 nepamir\u0161tam\u0173 kelioni\u0173. Lentynos patvari laminuota plok\u0161t\u0117 ir patvari MDF u\u017etikrina ilgaam\u017ei\u0161kum\u0105 ir atsparum\u0105 kasdieniam naudojimui. Higieni\u0161kas ir lengvai valomas pavir\u0161ius lengvai i\u0161laikys j\u0105 puikios b\u016bkl\u0117s. Laminuota med\u017eio dro\u017eli\u0173 plok\u0161t\u0117 suteikia papildomo konstrukcijos tvirtumo, o konstrukcijos gale naudojama MDF plok\u0161t\u0117 garantuoja stabilum\u0105 ir u\u017etikrina, kad j\u016bs\u0173 pasirinkti daiktai i\u0161liks savo vietose.<\/p>","protected":false},"excerpt":{"rendered":"<p>Plotis (cm): 117,6<br \/>\n\u016agis (cm): 19,6<br \/>\nGylis (cm): 21,9<\/p>","protected":false},"featured_media":163260,"comment_status":"open","ping_status":"open","template":"","meta":[],"product_brand":[],"product_cat":[9477,1174,4107],"product_tag":[],"class_list":{"0":"post-163259","1":"product","2":"type-product","3":"status-publish","4":"has-post-thumbnail","6":"product_cat-furniture-system-cortina-wojcik-meble","7":"product_cat-hanging-shelves","8":"product_cat-meble-wojcik","10":"first","11":"instock","12":"purchasable","13":"product-type-simple"},"_links":{"self":[{"href":"https:\/\/baldumarket.lt\/lt\/wp-json\/wp\/v2\/product\/163259","targetHints":{"allow":["GET"]}}],"collection":[{"href":"https:\/\/baldumarket.lt\/lt\/wp-json\/wp\/v2\/product"}],"about":[{"href":"https:\/\/baldumarket.lt\/lt\/wp-json\/wp\/v2\/types\/product"}],"replies":[{"embeddable":true,"href":"https:\/\/baldumarket.lt\/lt\/wp-json\/wp\/v2\/comments?post=163259"}],"wp:featuredmedia":[{"embeddable":true,"href":"https:\/\/baldumarket.lt\/lt\/wp-json\/wp\/v2\/media\/163260"}],"wp:attachment":[{"href":"https:\/\/baldumarket.lt\/lt\/wp-json\/wp\/v2\/media?parent=163259"}],"wp:term":[{"taxonomy":"product_brand","embeddable":true,"href":"https:\/\/baldumarket.lt\/lt\/wp-json\/wp\/v2\/product_brand?post=163259"},{"taxonomy":"product_cat","embeddable":true,"href":"https:\/\/baldumarket.lt\/lt\/wp-json\/wp\/v2\/product_cat?post=163259"},{"taxonomy":"product_tag","embeddable":true,"href":"https:\/\/baldumarket.lt\/lt\/wp-json\/wp\/v2\/product_tag?post=163259"}],"curies":[{"name":"wp","href":"https:\/\/api.w.org\/{rel}","templated":true}]}}