{"id":163253,"date":"2025-12-19T12:42:18","date_gmt":"2025-12-19T09:42:18","guid":{"rendered":"https:\/\/baldumarket.lt\/product\/cortina-cnap02-polka-wiszaca-dab-grandson\/"},"modified":"2026-04-06T18:43:58","modified_gmt":"2026-04-06T15:43:58","slug":"cortina-cnap02-polka-wiszaca-dab-grandson","status":"publish","type":"product","link":"https:\/\/baldumarket.lt\/lt\/product\/cortina-cnap02-polka-wiszaca-dab-grandson\/","title":{"rendered":"Cortina CNAP02 \u2013 pakabinama lentyna \u201eGrandson Oak\u201c"},"content":{"rendered":"<p>Atraskite unikali\u0105 \u201eCortina CNAP02\u201c lentyn\u0105, kuri stebina ne tik savo funkcionalumu, bet ir unikaliu dizainu. Sukurta suteikti interjerui nat\u016bralumo ir harmoningumo, ji puikiai papildo modernius i\u0161d\u0117stymus, pasi\u017eymin\u010dius klase ir elegancija. 157 cm plo\u010dio, 19,6 cm auk\u0161\u010dio ir 21,9 cm gylio lentyna suteikia puiki\u0105 erdv\u0119 eksponuoti m\u0117gstamas knygas, \u0161eimos nuotraukas ar dekoratyvinius daiktus, kurie nusipelno ypatingos vietos j\u016bs\u0173 namuose. Pagaminta i\u0161 auk\u0161tos kokyb\u0117s laminuotos \u201eGrandson Oak\u201c plok\u0161t\u0117s, \u201eCortina CNAP02\u201c lentyna perteikia nat\u016bral\u0173 medienos gro\u017e\u012f, i\u0161laikant visus \u0161iuolaikini\u0173 med\u017eiag\u0173 privalumus. Be to, lentynos pagrindas yra MDF, kad b\u016bt\u0173 stabilesnis ir patvaresnis.<\/p>","protected":false},"excerpt":{"rendered":"<p>Plotis (cm): 157<br \/>\n\u016agis (cm): 19,6<br \/>\nGylis (cm): 21,9<\/p>","protected":false},"featured_media":163254,"comment_status":"open","ping_status":"open","template":"","meta":[],"product_brand":[],"product_cat":[9477,1174,4107],"product_tag":[],"class_list":{"0":"post-163253","1":"product","2":"type-product","3":"status-publish","4":"has-post-thumbnail","6":"product_cat-furniture-system-cortina-wojcik-meble","7":"product_cat-hanging-shelves","8":"product_cat-meble-wojcik","10":"first","11":"instock","12":"purchasable","13":"product-type-simple"},"_links":{"self":[{"href":"https:\/\/baldumarket.lt\/lt\/wp-json\/wp\/v2\/product\/163253","targetHints":{"allow":["GET"]}}],"collection":[{"href":"https:\/\/baldumarket.lt\/lt\/wp-json\/wp\/v2\/product"}],"about":[{"href":"https:\/\/baldumarket.lt\/lt\/wp-json\/wp\/v2\/types\/product"}],"replies":[{"embeddable":true,"href":"https:\/\/baldumarket.lt\/lt\/wp-json\/wp\/v2\/comments?post=163253"}],"wp:featuredmedia":[{"embeddable":true,"href":"https:\/\/baldumarket.lt\/lt\/wp-json\/wp\/v2\/media\/163254"}],"wp:attachment":[{"href":"https:\/\/baldumarket.lt\/lt\/wp-json\/wp\/v2\/media?parent=163253"}],"wp:term":[{"taxonomy":"product_brand","embeddable":true,"href":"https:\/\/baldumarket.lt\/lt\/wp-json\/wp\/v2\/product_brand?post=163253"},{"taxonomy":"product_cat","embeddable":true,"href":"https:\/\/baldumarket.lt\/lt\/wp-json\/wp\/v2\/product_cat?post=163253"},{"taxonomy":"product_tag","embeddable":true,"href":"https:\/\/baldumarket.lt\/lt\/wp-json\/wp\/v2\/product_tag?post=163253"}],"curies":[{"name":"wp","href":"https:\/\/api.w.org\/{rel}","templated":true}]}}