{"id":163235,"date":"2025-12-19T12:41:43","date_gmt":"2025-12-19T09:41:43","guid":{"rendered":"https:\/\/baldumarket.lt\/product\/brolo-bros07-szafa-2-drzwiowa-dab-catania-czarna-perla-biala\/"},"modified":"2026-04-06T18:43:58","modified_gmt":"2026-04-06T15:43:58","slug":"brolo-bros07-szafa-2-drzwiowa-dab-catania-czarna-perla-biala","status":"publish","type":"product","link":"https:\/\/baldumarket.lt\/lt\/product\/brolo-bros07-szafa-2-drzwiowa-dab-catania-czarna-perla-biala\/","title":{"rendered":"Brolo BROS07 \u2013 Dviej\u0173 dur\u0173 spinta Catania \u0105\u017euolo\/juodo perlo\/baltos spalvos"},"content":{"rendered":"<p>Ie\u0161kote funkcionalaus ir esteti\u0161ko sprendimo, kaip suma\u017einti miegamojo erdv\u0117s tr\u016bkum\u0105? \u201eBrolo BROS07\u201c dviej\u0173 dur\u0173 spinta, kurios spalvos \u2013 \u201eCatania Oak\u201c, \u201eBlack Pearl\u201c ir \u201eWhite\u201c, yra modernaus dizaino ir prakti\u0161ko kasdieni\u0173 poreiki\u0173 sprendimo kvintesencija. Ji si\u016blo unikal\u0173 nat\u016bralios \u0105\u017euolo i\u0161vaizdos, \u201eBlack Pearl\u201c elegancijos ir blizgios baltos spalvos grynumo derin\u012f. \u0160io baldo patvarum\u0105 garantuoja auk\u0161tos kokyb\u0117s laminuota plok\u0161t\u0117 ir MDF, kurios yra atsparios \u012fbr\u0117\u017eimams ir kitiems pa\u017eeidimams, tuo pa\u010diu i\u0161laikant puiki\u0105 i\u0161vaizd\u0105 daugel\u012f met\u0173. 197,2 cm plo\u010dio, 208,5 cm auk\u0161\u010dio ir 60,9 cm gylio \u201eBrolo BROS07\u201c spintoje lengvai tilps visi svarbiausi j\u016bs\u0173 garderobo daiktai. Stumdom\u0173 dur\u0173 sistema leid\u017eia lengvai pasiekti vid\u0173 net ir ank\u0161tose erdv\u0117se, nepaliekant papildomos vietos durims atidaryti.<\/p>","protected":false},"excerpt":{"rendered":"<p>Plotis (cm): 197,2<br \/>\n\u016agis (cm): 208,5<br \/>\nGylis (cm): 60,9<\/p>","protected":false},"featured_media":163236,"comment_status":"open","ping_status":"open","template":"","meta":[],"product_brand":[],"product_cat":[9472,4107,1177],"product_tag":[],"class_list":{"0":"post-163235","1":"product","2":"type-product","3":"status-publish","4":"has-post-thumbnail","6":"product_cat-furniture-system-brolo-wojcik-meble","7":"product_cat-meble-wojcik","8":"product_cat-wardrobes","10":"first","11":"instock","12":"purchasable","13":"product-type-simple"},"_links":{"self":[{"href":"https:\/\/baldumarket.lt\/lt\/wp-json\/wp\/v2\/product\/163235","targetHints":{"allow":["GET"]}}],"collection":[{"href":"https:\/\/baldumarket.lt\/lt\/wp-json\/wp\/v2\/product"}],"about":[{"href":"https:\/\/baldumarket.lt\/lt\/wp-json\/wp\/v2\/types\/product"}],"replies":[{"embeddable":true,"href":"https:\/\/baldumarket.lt\/lt\/wp-json\/wp\/v2\/comments?post=163235"}],"wp:featuredmedia":[{"embeddable":true,"href":"https:\/\/baldumarket.lt\/lt\/wp-json\/wp\/v2\/media\/163236"}],"wp:attachment":[{"href":"https:\/\/baldumarket.lt\/lt\/wp-json\/wp\/v2\/media?parent=163235"}],"wp:term":[{"taxonomy":"product_brand","embeddable":true,"href":"https:\/\/baldumarket.lt\/lt\/wp-json\/wp\/v2\/product_brand?post=163235"},{"taxonomy":"product_cat","embeddable":true,"href":"https:\/\/baldumarket.lt\/lt\/wp-json\/wp\/v2\/product_cat?post=163235"},{"taxonomy":"product_tag","embeddable":true,"href":"https:\/\/baldumarket.lt\/lt\/wp-json\/wp\/v2\/product_tag?post=163235"}],"curies":[{"name":"wp","href":"https:\/\/api.w.org\/{rel}","templated":true}]}}