{"id":163229,"date":"2025-12-19T12:41:31","date_gmt":"2025-12-19T09:41:31","guid":{"rendered":"https:\/\/baldumarket.lt\/product\/brolo-brol02-lustro-dab-catania-czarna-perla\/"},"modified":"2026-04-06T18:43:58","modified_gmt":"2026-04-06T15:43:58","slug":"brolo-brol02-lustro-dab-catania-czarna-perla","status":"publish","type":"product","link":"https:\/\/baldumarket.lt\/lt\/product\/brolo-brol02-lustro-dab-catania-czarna-perla\/","title":{"rendered":"Brolo BROL02 \u2013 Katanijos \u0105\u017euolo\/juodojo perlo veidrodis"},"content":{"rendered":"<p>Atraskite unikal\u0173 dizain\u0105 ir funkcionalum\u0105 viename \u2013 pristatome \u201eBrolo BROL02\u201c veidrod\u012f, kuris \u017eavi Katanijos \u0105\u017euolo ir sodri\u0173 juodojo perlo atspalvi\u0173 deriniu. Nesenstantis stilius ir auk\u0161tos kokyb\u0117s med\u017eiagos \u2013 tai tik keletas savybi\u0173, kurios suteiks j\u016bs\u0173 interjerui unikali\u0105 atmosfer\u0105 ir palengvins kasdien\u0119 gro\u017eio prie\u017ei\u016br\u0105. \u201eBrolo BROL02\u201c veidrodis i\u0161siskiria i\u0161rai\u0161kingomis spalvomis \u2013 nat\u016brali Katanijos \u0105\u017euolo spalva ir eleganti\u0161ki juodojo perlo akcentai yra derinys, suteikiantis charakterio tiek \u0161iuolaikiniam, tiek klasikiniam interjerui. Visas veidrodis pagamintas i\u0161 patvarios laminuotos plok\u0161t\u0117s, u\u017etikrinan\u010dios ilgaam\u017ei\u0161kum\u0105 ir estetin\u012f patrauklum\u0105. Modernus veidrod\u017eio dizainas, kurio plotis \u2013 80 cm, auk\u0161tis \u2013 50 cm, o gylis \u2013 subtilus \u2013 3,2 cm, leid\u017eia lengvai integruoti j\u012f \u012f \u012fvairius i\u0161d\u0117stymus. Apgalvotas spalv\u0173 ir dyd\u017ei\u0173 derinys paver\u010dia \u201eBrolo BROL02\u201c veidrod\u012f bet kurio kambario traukos centru.<\/p>","protected":false},"excerpt":{"rendered":"<p>Plotis (cm): 80<br \/>\n\u016agis (cm): 50<br \/>\nGylis (cm): 3,2<\/p>","protected":false},"featured_media":163230,"comment_status":"open","ping_status":"open","template":"","meta":[],"product_brand":[],"product_cat":[9472,4107,1108],"product_tag":[],"class_list":{"0":"post-163229","1":"product","2":"type-product","3":"status-publish","4":"has-post-thumbnail","6":"product_cat-furniture-system-brolo-wojcik-meble","7":"product_cat-meble-wojcik","8":"product_cat-mirrors","10":"first","11":"instock","12":"purchasable","13":"product-type-simple"},"_links":{"self":[{"href":"https:\/\/baldumarket.lt\/lt\/wp-json\/wp\/v2\/product\/163229","targetHints":{"allow":["GET"]}}],"collection":[{"href":"https:\/\/baldumarket.lt\/lt\/wp-json\/wp\/v2\/product"}],"about":[{"href":"https:\/\/baldumarket.lt\/lt\/wp-json\/wp\/v2\/types\/product"}],"replies":[{"embeddable":true,"href":"https:\/\/baldumarket.lt\/lt\/wp-json\/wp\/v2\/comments?post=163229"}],"wp:featuredmedia":[{"embeddable":true,"href":"https:\/\/baldumarket.lt\/lt\/wp-json\/wp\/v2\/media\/163230"}],"wp:attachment":[{"href":"https:\/\/baldumarket.lt\/lt\/wp-json\/wp\/v2\/media?parent=163229"}],"wp:term":[{"taxonomy":"product_brand","embeddable":true,"href":"https:\/\/baldumarket.lt\/lt\/wp-json\/wp\/v2\/product_brand?post=163229"},{"taxonomy":"product_cat","embeddable":true,"href":"https:\/\/baldumarket.lt\/lt\/wp-json\/wp\/v2\/product_cat?post=163229"},{"taxonomy":"product_tag","embeddable":true,"href":"https:\/\/baldumarket.lt\/lt\/wp-json\/wp\/v2\/product_tag?post=163229"}],"curies":[{"name":"wp","href":"https:\/\/api.w.org\/{rel}","templated":true}]}}