{"id":163223,"date":"2025-12-19T12:41:19","date_gmt":"2025-12-19T09:41:19","guid":{"rendered":"https:\/\/baldumarket.lt\/product\/brolo-broz03-lozko-160-dab-catania-czarna-perla-biale\/"},"modified":"2026-04-06T18:43:58","modified_gmt":"2026-04-06T15:43:58","slug":"brolo-broz03-lozko-160-dab-catania-czarna-perla-biale","status":"publish","type":"product","link":"https:\/\/baldumarket.lt\/lt\/product\/brolo-broz03-lozko-160-dab-catania-czarna-perla-biale\/","title":{"rendered":"Brolo BROZ03 \u2013 Lova 160 Catania \u0105\u017euolas\/juodas perlas\/balta"},"content":{"rendered":"<p>Atsipalaiduokite ir m\u0117gaukit\u0117s patogiu miegu su \u201eBrolo BROZ03\u201c lova, kuri ne tik suteiks i\u0161skirtin\u012f poils\u012f, bet ir dramati\u0161kai pakeis j\u016bs\u0173 miegamojo i\u0161vaizd\u0105. \u201eBrolo\u201c kolekcijos dizaineriai apgalvojo kiekvien\u0105 detal\u0119, kad sukurt\u0173 gamin\u012f, kuriame derinamas komfortas ir modernus dizainas. \u201eBrolo BROZ03\u201c lova yra 165,1 cm plo\u010dio, 100,8 cm auk\u0161\u010dio ir 206,5 cm gylio, puikiai tinkanti dviem \u017emon\u0117ms. Sukurta tiems, kurie ie\u0161ko spalv\u0173 ir form\u0173 nuoseklumo, ji \u017eavi \u201eCatania Oak\u201c, \u201eBlack Pearl\u201c ir \u201eWhite\u201c spalv\u0173 deriniu. Ji \u017eavi savo tvirtumu ir kokybe, kuri\u0105 lemia meistri\u0161kumas, naudojant geriausias med\u017eiagas, tokias kaip laminuota plok\u0161t\u0117 ir MDF. Modernus stilius atitinka minimalistinio, ta\u010diau \u0161ilto ir jaukaus stiliaus erdves. \u201eBrolo BROZ03\u201c lova turi eko odos galv\u016bgal\u012f, kuris miegamajam suteikia elegancijos ir prabangos. Stalvir\u0161iai pagaminti i\u0161 laminuotos med\u017eio dro\u017eli\u0173 plok\u0161t\u0117s ir MDF, o \u0161onai \u2013 i\u0161 ypa\u010d patvarios laminuotos med\u017eio dro\u017eli\u0173 plok\u0161t\u0117s, u\u017etikrinan\u010dios ilgaam\u017ei\u0161kum\u0105.<\/p>","protected":false},"excerpt":{"rendered":"<p>Plotis (cm): 165,1<br \/>\n\u016agis (cm): 100,8<br \/>\nGylis (cm): 206,5<\/p>","protected":false},"featured_media":163224,"comment_status":"open","ping_status":"open","template":"","meta":[],"product_brand":[],"product_cat":[9472,505,4107],"product_tag":[],"class_list":{"0":"post-163223","1":"product","2":"type-product","3":"status-publish","4":"has-post-thumbnail","6":"product_cat-furniture-system-brolo-wojcik-meble","7":"product_cat-bedroom-beds","8":"product_cat-meble-wojcik","10":"first","11":"instock","12":"purchasable","13":"product-type-simple"},"_links":{"self":[{"href":"https:\/\/baldumarket.lt\/lt\/wp-json\/wp\/v2\/product\/163223","targetHints":{"allow":["GET"]}}],"collection":[{"href":"https:\/\/baldumarket.lt\/lt\/wp-json\/wp\/v2\/product"}],"about":[{"href":"https:\/\/baldumarket.lt\/lt\/wp-json\/wp\/v2\/types\/product"}],"replies":[{"embeddable":true,"href":"https:\/\/baldumarket.lt\/lt\/wp-json\/wp\/v2\/comments?post=163223"}],"wp:featuredmedia":[{"embeddable":true,"href":"https:\/\/baldumarket.lt\/lt\/wp-json\/wp\/v2\/media\/163224"}],"wp:attachment":[{"href":"https:\/\/baldumarket.lt\/lt\/wp-json\/wp\/v2\/media?parent=163223"}],"wp:term":[{"taxonomy":"product_brand","embeddable":true,"href":"https:\/\/baldumarket.lt\/lt\/wp-json\/wp\/v2\/product_brand?post=163223"},{"taxonomy":"product_cat","embeddable":true,"href":"https:\/\/baldumarket.lt\/lt\/wp-json\/wp\/v2\/product_cat?post=163223"},{"taxonomy":"product_tag","embeddable":true,"href":"https:\/\/baldumarket.lt\/lt\/wp-json\/wp\/v2\/product_tag?post=163223"}],"curies":[{"name":"wp","href":"https:\/\/api.w.org\/{rel}","templated":true}]}}