{"id":163217,"date":"2025-12-19T12:41:07","date_gmt":"2025-12-19T09:41:07","guid":{"rendered":"https:\/\/baldumarket.lt\/product\/brolo-brov02-witryna-2-drzwiowa-dab-catania-czarna-perla-biala\/"},"modified":"2026-04-06T18:43:58","modified_gmt":"2026-04-06T15:43:58","slug":"brolo-brov02-witryna-2-drzwiowa-dab-catania-czarna-perla-biala","status":"publish","type":"product","link":"https:\/\/baldumarket.lt\/lt\/product\/brolo-brov02-witryna-2-drzwiowa-dab-catania-czarna-perla-biala\/","title":{"rendered":"Brolo BROV02 \u2013 2 dur\u0173 vitrina Catania \u0105\u017euolo\/juodo perlo\/baltos spalvos"},"content":{"rendered":"<p>Leiskite man pristatyti jums nuostab\u0173 bald\u0105, kuris papuo\u0161 bet kok\u012f interjer\u0105 \u2013 \u201eBrolo BROV02\u201c vitrin\u0105. \u0160is unikalus baldas yra ne tik prakti\u0161ka daikt\u0173 laikymo vieta, bet ir unikalus dekoratyvinis elementas, paversiantis j\u016bs\u0173 erdv\u0119 i\u0161ties unikalia. \u201eBrolo\u201c vitrina pasi\u017eymi kontrastinga spalv\u0173 gama \u2013 \u201eCatania Oak\u201c derinama su eleganti\u0161kais \u201ePearl Black\u201c ir \u201eBaltos\u201c akcentais, tod\u0117l ji yra i\u0161skirtinai patraukli ir moderni. 106,9 cm plo\u010dio, 208,5 cm auk\u0161\u010dio ir 37 cm gylio, tod\u0117l ji puikiai tinka eksponuoti j\u016bs\u0173 brangiausius papuo\u0161alus ir kolekcinius daiktus. Pagaminta i\u0161 laminuotos plok\u0161t\u0117s ir su juodai da\u017eytomis MDF priekin\u0117mis dalimis, \u201eBrolo\u201c vitrina yra ne tik patvari, bet ir lengvai valoma. Nat\u016bralaus \u0105\u017euolo apdaila ir eleganti\u0161ka juoda bei balta spalv\u0173 kombinacija garantuoja unikal\u0173 stili\u0173, kuris dera prie \u012fvairi\u0173 interjero dizain\u0173 \u2013 nuo klasikinio iki modernaus.<\/p>","protected":false},"excerpt":{"rendered":"<p>Plotis (cm): 106,9<br \/>\n\u016agis (cm): 208,5<br \/>\nGylis (cm): 37<\/p>","protected":false},"featured_media":163218,"comment_status":"open","ping_status":"open","template":"","meta":[],"product_brand":[],"product_cat":[9472,4107,2006],"product_tag":[],"class_list":{"0":"post-163217","1":"product","2":"type-product","3":"status-publish","4":"has-post-thumbnail","6":"product_cat-furniture-system-brolo-wojcik-meble","7":"product_cat-meble-wojcik","8":"product_cat-vitrines","10":"first","11":"instock","12":"purchasable","13":"product-type-simple"},"_links":{"self":[{"href":"https:\/\/baldumarket.lt\/lt\/wp-json\/wp\/v2\/product\/163217","targetHints":{"allow":["GET"]}}],"collection":[{"href":"https:\/\/baldumarket.lt\/lt\/wp-json\/wp\/v2\/product"}],"about":[{"href":"https:\/\/baldumarket.lt\/lt\/wp-json\/wp\/v2\/types\/product"}],"replies":[{"embeddable":true,"href":"https:\/\/baldumarket.lt\/lt\/wp-json\/wp\/v2\/comments?post=163217"}],"wp:featuredmedia":[{"embeddable":true,"href":"https:\/\/baldumarket.lt\/lt\/wp-json\/wp\/v2\/media\/163218"}],"wp:attachment":[{"href":"https:\/\/baldumarket.lt\/lt\/wp-json\/wp\/v2\/media?parent=163217"}],"wp:term":[{"taxonomy":"product_brand","embeddable":true,"href":"https:\/\/baldumarket.lt\/lt\/wp-json\/wp\/v2\/product_brand?post=163217"},{"taxonomy":"product_cat","embeddable":true,"href":"https:\/\/baldumarket.lt\/lt\/wp-json\/wp\/v2\/product_cat?post=163217"},{"taxonomy":"product_tag","embeddable":true,"href":"https:\/\/baldumarket.lt\/lt\/wp-json\/wp\/v2\/product_tag?post=163217"}],"curies":[{"name":"wp","href":"https:\/\/api.w.org\/{rel}","templated":true}]}}