{"id":163205,"date":"2025-12-19T12:40:42","date_gmt":"2025-12-19T09:40:42","guid":{"rendered":"https:\/\/baldumarket.lt\/product\/brolo-brov01l-witryna-lewostronna-1-drzwiowa-dab-catania-czarna-perla-biala\/"},"modified":"2026-04-06T18:43:49","modified_gmt":"2026-04-06T15:43:49","slug":"brolo-brov01l-witryna-lewostronna-1-drzwiowa-dab-catania-czarna-perla-biala","status":"publish","type":"product","link":"https:\/\/baldumarket.lt\/lt\/product\/brolo-brov01l-witryna-lewostronna-1-drzwiowa-dab-catania-czarna-perla-biala\/","title":{"rendered":"Brolo BROV01L \u2013 Kairin\u0117 vitrina, 1 dur\u0173, Catania \u0105\u017euolas\/juodas perlas\/balta"},"content":{"rendered":"<p>Atraskite unikal\u0173 bald\u0105, kuris gra\u017eiai pademonstruos j\u016bs\u0173 b\u016btiniausius daiktus. Pristatome \u201eBrolo BROV01L\u201c \u2013 i\u0161skirtin\u0119 vien\u0173 dureli\u0173 vitrin\u0105, kurioje puikiai dera modernumas ir funkcionalumas. Eleganti\u0161kas dizainas, unikali \u201eCatania Oak\u201c spalv\u0173 gama ir baltos bei paslaptingos \u201eBlack Pearl\u201c spalv\u0173 derinys paver\u010dia \u0161i\u0105 vitrin\u0105 j\u016bs\u0173 interjero \u017evaig\u017ede. Spintel\u0117s konstrukcija pagaminta i\u0161 auk\u0161tos kokyb\u0117s laminuotos plok\u0161t\u0117s ir MDF, tod\u0117l ji yra patvari ir lengvai valoma. Subtiliai nat\u016brali spalva, \u012fpinta \u012f moderni\u0105 form\u0105, sukuria esteti\u0161k\u0105, harmoning\u0105 i\u0161vaizd\u0105, kuri su\u017eav\u0117s kiekvien\u0105 gra\u017eaus interjero myl\u0117toj\u0105. Tvirtas, laminuotos med\u017eio dro\u017eli\u0173 plok\u0161t\u0117s korpusas kartu su juodai da\u017eyta MDF priekine dalimi garantuoja ilgaam\u017ei\u0161kum\u0105. \u201eBrolo BROV01L\u201c yra 56,6 cm plo\u010dio, 208,5 cm auk\u0161\u010dio ir 37 cm gylio, tod\u0117l ji tinka daugumai interjer\u0173, kartu suteikdama daug vietos j\u016bs\u0173 lobiams laikyti ir eksponuoti. Gr\u016bdintas stiklas nuo saul\u0117s stiklin\u0117je priekyje suteikia papildom\u0105 apsaug\u0105 ir pagerina estetin\u012f patrauklum\u0105. \u0160velnaus u\u017edarymo vyriai leid\u017eia \u0161velniai ir tyliai u\u017esidaryti, padidindami vitrinos patogum\u0105.<\/p>","protected":false},"excerpt":{"rendered":"<p>Plotis (cm): 56,6<br \/>\n\u016agis (cm): 208,5<br \/>\nGylis (cm): 37<\/p>","protected":false},"featured_media":163206,"comment_status":"open","ping_status":"open","template":"","meta":[],"product_brand":[],"product_cat":[9472,4107,2006],"product_tag":[],"class_list":{"0":"post-163205","1":"product","2":"type-product","3":"status-publish","4":"has-post-thumbnail","6":"product_cat-furniture-system-brolo-wojcik-meble","7":"product_cat-meble-wojcik","8":"product_cat-vitrines","10":"first","11":"instock","12":"purchasable","13":"product-type-simple"},"_links":{"self":[{"href":"https:\/\/baldumarket.lt\/lt\/wp-json\/wp\/v2\/product\/163205","targetHints":{"allow":["GET"]}}],"collection":[{"href":"https:\/\/baldumarket.lt\/lt\/wp-json\/wp\/v2\/product"}],"about":[{"href":"https:\/\/baldumarket.lt\/lt\/wp-json\/wp\/v2\/types\/product"}],"replies":[{"embeddable":true,"href":"https:\/\/baldumarket.lt\/lt\/wp-json\/wp\/v2\/comments?post=163205"}],"wp:featuredmedia":[{"embeddable":true,"href":"https:\/\/baldumarket.lt\/lt\/wp-json\/wp\/v2\/media\/163206"}],"wp:attachment":[{"href":"https:\/\/baldumarket.lt\/lt\/wp-json\/wp\/v2\/media?parent=163205"}],"wp:term":[{"taxonomy":"product_brand","embeddable":true,"href":"https:\/\/baldumarket.lt\/lt\/wp-json\/wp\/v2\/product_brand?post=163205"},{"taxonomy":"product_cat","embeddable":true,"href":"https:\/\/baldumarket.lt\/lt\/wp-json\/wp\/v2\/product_cat?post=163205"},{"taxonomy":"product_tag","embeddable":true,"href":"https:\/\/baldumarket.lt\/lt\/wp-json\/wp\/v2\/product_tag?post=163205"}],"curies":[{"name":"wp","href":"https:\/\/api.w.org\/{rel}","templated":true}]}}