{"id":163199,"date":"2025-12-19T12:40:29","date_gmt":"2025-12-19T09:40:29","guid":{"rendered":"https:\/\/baldumarket.lt\/product\/brolo-brot01-stolik-dab-catania-czarna-perla\/"},"modified":"2026-04-06T18:43:49","modified_gmt":"2026-04-06T15:43:49","slug":"brolo-brot01-stolik-dab-catania-czarna-perla","status":"publish","type":"product","link":"https:\/\/baldumarket.lt\/lt\/product\/brolo-brot01-stolik-dab-catania-czarna-perla\/","title":{"rendered":"Brolo BROT01 \u2013 Catania \u0105\u017euolo\/juodojo perlo stalas"},"content":{"rendered":"<p>Pristatome jums unikal\u0173 \u201eBrolo BROT01\u201c stal\u0105, kuris neabejotinai taps bet kurios modernios svetain\u0117s pagrindiniu akcentu. Jis derina elegancij\u0105 ir funkcionalum\u0105, atspindint naujausias interjero dizaino tendencijas. Jo matmenys puikiai tinka patogiam naudojimui: plotis \u2013 106,9 cm, auk\u0161tis \u2013 42,8 cm, o gylis \u2013 70 cm. D\u0117l gerai apgalvot\u0173 proporcij\u0173 jis puikiai tinka tiek ma\u017eoms erdv\u0117ms, tiek erdviausioms svetain\u0117ms. \u0160io unikalaus baldo \u0161irdis \u2013 stalvir\u0161is, pagamintas i\u0161 auk\u0161tos kokyb\u0117s laminuotos med\u017eio dro\u017eli\u0173 plok\u0161t\u0117s, kurios patvarumas yra prover\u017eis bald\u0173 dizaine. Laminavimo metodai padidina atsparum\u0105 neigiamiems veiksniams, tokiems kaip auk\u0161ta temperat\u016bra, dr\u0117gm\u0117 ir nepageidaujami \u012fbr\u0117\u017eimai, u\u017etikrindami ilgaam\u017ei\u0161kum\u0105 ir gaiv\u0173 vaizd\u0105 ilgus metus. Stalvir\u0161io spalva \u201eCatania Oak\u201c harmoningai dera su eleganti\u0161ka stalo \u0161on\u0173 \u201eBlack Pearl\u201c spalva, sukurdama kontrast\u0173 kupin\u0105, ta\u010diau vienodai \u0161ilt\u0105 ir jauki\u0105 kompozicij\u0105. \u0160io stalo unikalum\u0105 sustiprina modernus stilius, kuriame nat\u016brali \u0105\u017euolo lak\u0161to apdaila derinama su dinami\u0161ka juoda spalva, sukuriant minimalistin\u0119, ta\u010diau i\u0161rai\u0161king\u0105 visum\u0105. \u201eBrolo\u201c stalas taip pat turi funkcionali\u0105 lentyn\u0105 po stalvir\u0161iu, kurioje lengvai telpa laikra\u0161\u010diai, knygos ir kiti smulk\u016bs aksesuarai, tod\u0117l j\u016bs\u0173 svetain\u0117je palaikyti tvark\u0105 bus labai lengva.<\/p>","protected":false},"excerpt":{"rendered":"<p>Plotis (cm): 106,9<br \/>\n\u016agis (cm): 42,8<br \/>\nGylis (cm): 70<\/p>","protected":false},"featured_media":163200,"comment_status":"open","ping_status":"open","template":"","meta":[],"product_brand":[],"product_cat":[9472,4107,1934],"product_tag":[],"class_list":{"0":"post-163199","1":"product","2":"type-product","3":"status-publish","4":"has-post-thumbnail","6":"product_cat-furniture-system-brolo-wojcik-meble","7":"product_cat-meble-wojcik","8":"product_cat-tables","10":"first","11":"instock","12":"purchasable","13":"product-type-simple"},"_links":{"self":[{"href":"https:\/\/baldumarket.lt\/lt\/wp-json\/wp\/v2\/product\/163199","targetHints":{"allow":["GET"]}}],"collection":[{"href":"https:\/\/baldumarket.lt\/lt\/wp-json\/wp\/v2\/product"}],"about":[{"href":"https:\/\/baldumarket.lt\/lt\/wp-json\/wp\/v2\/types\/product"}],"replies":[{"embeddable":true,"href":"https:\/\/baldumarket.lt\/lt\/wp-json\/wp\/v2\/comments?post=163199"}],"wp:featuredmedia":[{"embeddable":true,"href":"https:\/\/baldumarket.lt\/lt\/wp-json\/wp\/v2\/media\/163200"}],"wp:attachment":[{"href":"https:\/\/baldumarket.lt\/lt\/wp-json\/wp\/v2\/media?parent=163199"}],"wp:term":[{"taxonomy":"product_brand","embeddable":true,"href":"https:\/\/baldumarket.lt\/lt\/wp-json\/wp\/v2\/product_brand?post=163199"},{"taxonomy":"product_cat","embeddable":true,"href":"https:\/\/baldumarket.lt\/lt\/wp-json\/wp\/v2\/product_cat?post=163199"},{"taxonomy":"product_tag","embeddable":true,"href":"https:\/\/baldumarket.lt\/lt\/wp-json\/wp\/v2\/product_tag?post=163199"}],"curies":[{"name":"wp","href":"https:\/\/api.w.org\/{rel}","templated":true}]}}