{"id":163193,"date":"2025-12-19T12:40:16","date_gmt":"2025-12-19T09:40:16","guid":{"rendered":"https:\/\/baldumarket.lt\/product\/brolo-brop01-polka-wiszaca-dab-catania-czarna-perla\/"},"modified":"2026-04-06T18:43:49","modified_gmt":"2026-04-06T15:43:49","slug":"brolo-brop01-polka-wiszaca-dab-catania-czarna-perla","status":"publish","type":"product","link":"https:\/\/baldumarket.lt\/lt\/product\/brolo-brop01-polka-wiszaca-dab-catania-czarna-perla\/","title":{"rendered":"Brolo BROP01 \u2013 Pakabinama lentyna Catania \u0105\u017euolas\/juodas perlas"},"content":{"rendered":"<p>Pristatome \u201eBrolo BROP01 \u2013 Catania Oak\/Black Pearl\u201c lentyn\u0105 \u2013 tobul\u0105 funkcionalumo ir modernaus dizaino derin\u012f, kuris suteiks charakterio bet kokiam interjerui. 167 cm plo\u010dio, 20,7 cm gylio ir 22 cm auk\u0161\u010dio ji leid\u017eia efektyviai i\u0161naudoti sienos erdv\u0119 ir kartu suteikia daug vietos m\u0117gstamiausiems daiktams laikyti. \u201eBrolo BROP01\u201c lentyna i\u0161siskiria unikalia \u201eCatania Oak\u201c apdaila, kurios nat\u016brali i\u0161vaizda suteikia kambariui \u0161ilt\u0105 ir jauki\u0105 atmosfer\u0105. Modernumo suteikia \u201eBlack Pearl\u201c elementai, sukuriantys estetin\u012f kontrast\u0105, sukuria unikal\u0173 derin\u012f, kuris pagerins bet kokio interjero stili\u0173. \u0160is spalv\u0173 derinys leid\u017eia lentynai skland\u017eiai \u012fsilieti tiek \u012f atmosferines, tiek \u012f modernias erdves. Laminuota plok\u0161t\u0117 yra \u017einoma d\u0117l savo patvarumo ir lengvos prie\u017ei\u016bros. \u0160is derinys idealiai tinka tiems, kurie vertina auk\u0161tos kokyb\u0117s ir ilgaam\u017eius baldus. Naudojama kaip lentyna ir galin\u0117 sienel\u0117, laminuota med\u017eio dro\u017eli\u0173 plok\u0161t\u0117 suteikia stabilumo ir atsparumo kasdieniam naudojimui, u\u017etikrindama, kad \u201eBrolo BROP01\u201c tarnaus jums ilgus metus.<\/p>","protected":false},"excerpt":{"rendered":"<p>Plotis (cm): 167<br \/>\n\u016agis (cm): 22<br \/>\nGylis (cm): 20,7<\/p>","protected":false},"featured_media":163194,"comment_status":"open","ping_status":"open","template":"","meta":[],"product_brand":[],"product_cat":[9472,1174,4107],"product_tag":[],"class_list":{"0":"post-163193","1":"product","2":"type-product","3":"status-publish","4":"has-post-thumbnail","6":"product_cat-furniture-system-brolo-wojcik-meble","7":"product_cat-hanging-shelves","8":"product_cat-meble-wojcik","10":"first","11":"instock","12":"purchasable","13":"product-type-simple"},"_links":{"self":[{"href":"https:\/\/baldumarket.lt\/lt\/wp-json\/wp\/v2\/product\/163193","targetHints":{"allow":["GET"]}}],"collection":[{"href":"https:\/\/baldumarket.lt\/lt\/wp-json\/wp\/v2\/product"}],"about":[{"href":"https:\/\/baldumarket.lt\/lt\/wp-json\/wp\/v2\/types\/product"}],"replies":[{"embeddable":true,"href":"https:\/\/baldumarket.lt\/lt\/wp-json\/wp\/v2\/comments?post=163193"}],"wp:featuredmedia":[{"embeddable":true,"href":"https:\/\/baldumarket.lt\/lt\/wp-json\/wp\/v2\/media\/163194"}],"wp:attachment":[{"href":"https:\/\/baldumarket.lt\/lt\/wp-json\/wp\/v2\/media?parent=163193"}],"wp:term":[{"taxonomy":"product_brand","embeddable":true,"href":"https:\/\/baldumarket.lt\/lt\/wp-json\/wp\/v2\/product_brand?post=163193"},{"taxonomy":"product_cat","embeddable":true,"href":"https:\/\/baldumarket.lt\/lt\/wp-json\/wp\/v2\/product_cat?post=163193"},{"taxonomy":"product_tag","embeddable":true,"href":"https:\/\/baldumarket.lt\/lt\/wp-json\/wp\/v2\/product_tag?post=163193"}],"curies":[{"name":"wp","href":"https:\/\/api.w.org\/{rel}","templated":true}]}}