{"id":163187,"date":"2025-12-19T12:40:03","date_gmt":"2025-12-19T09:40:03","guid":{"rendered":"https:\/\/baldumarket.lt\/product\/brolo-brop02-polka-wiszaca-dab-catania-czarna-perla\/"},"modified":"2026-04-06T18:43:49","modified_gmt":"2026-04-06T15:43:49","slug":"brolo-brop02-polka-wiszaca-dab-catania-czarna-perla","status":"publish","type":"product","link":"https:\/\/baldumarket.lt\/lt\/product\/brolo-brop02-polka-wiszaca-dab-catania-czarna-perla\/","title":{"rendered":"Brolo BROP02 \u2013 Pakabinama lentyna Catania \u0105\u017euolas\/juodas perlas"},"content":{"rendered":"<p>Pristatome unikali\u0105 \u201eBrolo BROP02\u201c sienin\u0119 lentyn\u0105, kuri puikiai atitiks \u0161iuolaikinio dizaino entuziast\u0173 skon\u012f. \u0160is baldas, kuriame derinamas \u201eCatania Oak\u201c ir \u201eBlack Pearl\u201c atspalviai, yra ne tik prakti\u0161kas, bet ir unikalus dekoratyvinis elementas bet kuriame kambaryje. Jei norite pagyvinti tu\u0161\u010dias sienas, \u201eBrolo BROP02\u201c lentyna yra puikus pasirinkimas. \u012esp\u016bdingi jos matmenys \u2013 197,3 cm plo\u010dio, 22 cm auk\u0161\u010dio ir 20,7 cm gylio \u2013 leid\u017eia patogiai i\u0161d\u0117styti \u012fvairius daiktus \u2013 nuo knyg\u0173 ir nuotrauk\u0173 r\u0117meli\u0173 iki eleganti\u0161k\u0173 vaz\u0173 ir kit\u0173 dekoratyvini\u0173 element\u0173. \u201eBrolo BROP02\u201c lentyna pagaminta i\u0161 auk\u0161tos kokyb\u0117s laminuotos plok\u0161t\u0117s, u\u017etikrinan\u010dios ilgaam\u017ei\u0161kum\u0105 ir atsparum\u0105 kasdieniam naudojimui. Jos spalv\u0173 gama, suderinta su naujausiomis interjero dizaino tendencijomis \u2013 nat\u016bralaus \u0105\u017euolo, baltos ir juodos atspalviai \u2013 suteikia harmonijos ir elegancijos bet kokiam interjero dizaino stiliui.<\/p>","protected":false},"excerpt":{"rendered":"<p>Plotis (cm): 197,3<br \/>\n\u016agis (cm): 22<br \/>\nGylis (cm): 20,7<\/p>","protected":false},"featured_media":163188,"comment_status":"open","ping_status":"open","template":"","meta":[],"product_brand":[],"product_cat":[9472,1174,4107],"product_tag":[],"class_list":{"0":"post-163187","1":"product","2":"type-product","3":"status-publish","4":"has-post-thumbnail","6":"product_cat-furniture-system-brolo-wojcik-meble","7":"product_cat-hanging-shelves","8":"product_cat-meble-wojcik","10":"first","11":"instock","12":"purchasable","13":"product-type-simple"},"_links":{"self":[{"href":"https:\/\/baldumarket.lt\/lt\/wp-json\/wp\/v2\/product\/163187","targetHints":{"allow":["GET"]}}],"collection":[{"href":"https:\/\/baldumarket.lt\/lt\/wp-json\/wp\/v2\/product"}],"about":[{"href":"https:\/\/baldumarket.lt\/lt\/wp-json\/wp\/v2\/types\/product"}],"replies":[{"embeddable":true,"href":"https:\/\/baldumarket.lt\/lt\/wp-json\/wp\/v2\/comments?post=163187"}],"wp:featuredmedia":[{"embeddable":true,"href":"https:\/\/baldumarket.lt\/lt\/wp-json\/wp\/v2\/media\/163188"}],"wp:attachment":[{"href":"https:\/\/baldumarket.lt\/lt\/wp-json\/wp\/v2\/media?parent=163187"}],"wp:term":[{"taxonomy":"product_brand","embeddable":true,"href":"https:\/\/baldumarket.lt\/lt\/wp-json\/wp\/v2\/product_brand?post=163187"},{"taxonomy":"product_cat","embeddable":true,"href":"https:\/\/baldumarket.lt\/lt\/wp-json\/wp\/v2\/product_cat?post=163187"},{"taxonomy":"product_tag","embeddable":true,"href":"https:\/\/baldumarket.lt\/lt\/wp-json\/wp\/v2\/product_tag?post=163187"}],"curies":[{"name":"wp","href":"https:\/\/api.w.org\/{rel}","templated":true}]}}