{"id":163181,"date":"2025-12-19T12:39:51","date_gmt":"2025-12-19T09:39:51","guid":{"rendered":"https:\/\/baldumarket.lt\/product\/brolo-bror01-regal-1-drzwiowy-dab-catania-czarna-perla-bialy\/"},"modified":"2026-04-06T18:43:49","modified_gmt":"2026-04-06T15:43:49","slug":"brolo-bror01-regal-1-drzwiowy-dab-catania-czarna-perla-bialy","status":"publish","type":"product","link":"https:\/\/baldumarket.lt\/lt\/product\/brolo-bror01-regal-1-drzwiowy-dab-catania-czarna-perla-bialy\/","title":{"rendered":"Brolo BROR01 \u2013 1 dur\u0173 knyg\u0173 lentyna Catania \u0105\u017euolo\/juodo perlo\/baltos spalvos"},"content":{"rendered":"<p>Pristatome eleganti\u0161k\u0105 ir funkcionali\u0105 vien\u0173 dur\u0173 knyg\u0173 lentyn\u0105 i\u0161 \u201eBrolo\u201c serijos, model\u012f BROR01, kuri neabejotinai suteiks rafinuotumo bet kokiam interjerui. \u201eBrolo\u201c serijos dizaineriai siekia derinti funkcionalum\u0105 su moderniu dizainu, tai demonstruodami kiekvienoje \u0161io baldo detal\u0117je. \u0160is baldas, kur\u012f galima \u012fsigyti \u201eCatania Oak\u201c, \u201eBlack Pearl\u201c ir \u201eWhite\u201c spalv\u0173, si\u016blo plat\u0173 dizaino variant\u0173 pasirinkim\u0105 \u2013 nuo klasikinio iki avangardinio ir modernaus interjero. \u0160is baldas derina elegancij\u0105 ir prakti\u0161kum\u0105. Jo matmenys \u2013 plotis 85,4 cm, auk\u0161tis 160,5 cm ir gylis 37 cm \u2013 garantuoja daug erdv\u0117s, leid\u017eian\u010dios patogiai laikyti knygas, dokumentus ir smulkius daiktus, kurie nusipelno ypatingos vietos j\u016bs\u0173 namuose. Knyg\u0173 lentyna BROR01 pagaminta i\u0161 auk\u0161\u010diausios kokyb\u0117s med\u017eiag\u0173 \u2013 laminuotos plok\u0161t\u0117s ir MDF, tod\u0117l ji yra patvari ir atspari pa\u017eeidimams. Unikali \u201eBrolo\u201c knyg\u0173 lentynos savyb\u0117 \u2013 trij\u0173 spalv\u0173 palet\u0117, leid\u017eianti sukurti \u012fdomius kontrastus kambaryje. Lentynos priekin\u0117 dalis, pagaminta i\u0161 juodai da\u017eytos MDF plok\u0161t\u0117s ir padengta blizgia PVC pl\u0117vele, yra ne tik vizualinis akcentas, bet ir ilgaam\u017ei\u0161kumo bei lengvo valymo pa\u017eadas. Nat\u016brali Katanijos \u0105\u017euolo spalva subtiliai susipina su balta ir juoda spalvomis, sukurdama moderni\u0105 ir jauki\u0105 atmosfer\u0105.<\/p>","protected":false},"excerpt":{"rendered":"<p>Plotis (cm): 85,4<br \/>\n\u016agis (cm): 160,5<br \/>\nGylis (cm): 37<\/p>","protected":false},"featured_media":163182,"comment_status":"open","ping_status":"open","template":"","meta":[],"product_brand":[],"product_cat":[9472,4107,1177],"product_tag":[],"class_list":{"0":"post-163181","1":"product","2":"type-product","3":"status-publish","4":"has-post-thumbnail","6":"product_cat-furniture-system-brolo-wojcik-meble","7":"product_cat-meble-wojcik","8":"product_cat-wardrobes","10":"first","11":"instock","12":"purchasable","13":"product-type-simple"},"_links":{"self":[{"href":"https:\/\/baldumarket.lt\/lt\/wp-json\/wp\/v2\/product\/163181","targetHints":{"allow":["GET"]}}],"collection":[{"href":"https:\/\/baldumarket.lt\/lt\/wp-json\/wp\/v2\/product"}],"about":[{"href":"https:\/\/baldumarket.lt\/lt\/wp-json\/wp\/v2\/types\/product"}],"replies":[{"embeddable":true,"href":"https:\/\/baldumarket.lt\/lt\/wp-json\/wp\/v2\/comments?post=163181"}],"wp:featuredmedia":[{"embeddable":true,"href":"https:\/\/baldumarket.lt\/lt\/wp-json\/wp\/v2\/media\/163182"}],"wp:attachment":[{"href":"https:\/\/baldumarket.lt\/lt\/wp-json\/wp\/v2\/media?parent=163181"}],"wp:term":[{"taxonomy":"product_brand","embeddable":true,"href":"https:\/\/baldumarket.lt\/lt\/wp-json\/wp\/v2\/product_brand?post=163181"},{"taxonomy":"product_cat","embeddable":true,"href":"https:\/\/baldumarket.lt\/lt\/wp-json\/wp\/v2\/product_cat?post=163181"},{"taxonomy":"product_tag","embeddable":true,"href":"https:\/\/baldumarket.lt\/lt\/wp-json\/wp\/v2\/product_tag?post=163181"}],"curies":[{"name":"wp","href":"https:\/\/api.w.org\/{rel}","templated":true}]}}