{"id":163175,"date":"2025-12-19T12:39:38","date_gmt":"2025-12-19T09:39:38","guid":{"rendered":"https:\/\/baldumarket.lt\/product\/angel-typ-22-szafa-3-drzwiowa-dab-white-craft\/"},"modified":"2026-04-06T18:43:49","modified_gmt":"2026-04-06T15:43:49","slug":"angel-typ-22-szafa-3-drzwiowa-dab-white-craft","status":"publish","type":"product","link":"https:\/\/baldumarket.lt\/lt\/product\/angel-typ-22-szafa-3-drzwiowa-dab-white-craft\/","title":{"rendered":"Angel TYP-22 \u2013 Trij\u0173 dur\u0173 spinta, \u0105\u017euolo baltumo Craft"},"content":{"rendered":"<p>Atraskite tobul\u0105 stiliaus ir funkcionalumo harmonij\u0105 su \u201cAngel TYP-22\u201d spinta, kuri d\u0117l savo gerai apgalvoto dizaino ir subtilios baltos spalvos suteiks j\u016bs\u0173 miegamojo erdvei gaivumo ir elegancijos. Sukurta tiems, kurie vertina erdvum\u0105 ir modern\u0173 interjer\u0105, \u0161i \u012fsp\u016bdinga 3D spinta, kurios matmenys \u2013 220,1 cm plo\u010dio, 207,5 cm auk\u0161\u010dio ir 60 cm gylio, yra b\u016btinas pirkinys kiekvienam tvarkos ir dizaino m\u0117g\u0117jui. Unikalus \u201eAngel TYP-22\u201c dizainas derina auk\u0161t\u0105 meistri\u0161kum\u0105 ir estetik\u0105, kuri pakeis j\u016bs\u0173 miegamojo i\u0161vaizd\u0105. Spintos korpusas ir fasadai pagaminti i\u0161 laminuotos med\u017eio dro\u017eli\u0173 plok\u0161t\u0117s, \u017einomos d\u0117l savo patvarumo ir kasdienio d\u0117v\u0117jimo. D\u0117l \u0161ios med\u017eiagos baldai yra atspar\u016bs \u012fbr\u0117\u017eimams, mechaniniams pa\u017eeidimams, dr\u0117gmei ir auk\u0161tai temperat\u016brai, tod\u0117l u\u017etikrina ilgaam\u017ei\u0161kum\u0105 ir ilgalaik\u0119 i\u0161vaizd\u0105. Balta \u201eAngel\u201c spintos spalva ne tik pagyvina kambar\u012f, bet ir leid\u017eia j\u0105 lengvai integruoti \u012f \u012fvairius interjerus \u2013 tiek minimalistinius, tiek dekoratyvesnius. \u201eNat\u016brali\u201c spalva suteikia interjerui \u0161ilumos, tod\u0117l miegamasis tampa jaukesnis.<\/p>","protected":false},"excerpt":{"rendered":"<p>Plotis (cm): 220,1<br \/>\n\u016agis (cm): 207,5<br \/>\nGylis (cm): 60<\/p>","protected":false},"featured_media":163176,"comment_status":"open","ping_status":"open","template":"","meta":[],"product_brand":[],"product_cat":[9470,4107,1177],"product_tag":[],"class_list":{"0":"post-163175","1":"product","2":"type-product","3":"status-publish","4":"has-post-thumbnail","6":"product_cat-furniture-system-angel-wojcik-meble","7":"product_cat-meble-wojcik","8":"product_cat-wardrobes","10":"first","11":"instock","12":"purchasable","13":"product-type-simple"},"_links":{"self":[{"href":"https:\/\/baldumarket.lt\/lt\/wp-json\/wp\/v2\/product\/163175","targetHints":{"allow":["GET"]}}],"collection":[{"href":"https:\/\/baldumarket.lt\/lt\/wp-json\/wp\/v2\/product"}],"about":[{"href":"https:\/\/baldumarket.lt\/lt\/wp-json\/wp\/v2\/types\/product"}],"replies":[{"embeddable":true,"href":"https:\/\/baldumarket.lt\/lt\/wp-json\/wp\/v2\/comments?post=163175"}],"wp:featuredmedia":[{"embeddable":true,"href":"https:\/\/baldumarket.lt\/lt\/wp-json\/wp\/v2\/media\/163176"}],"wp:attachment":[{"href":"https:\/\/baldumarket.lt\/lt\/wp-json\/wp\/v2\/media?parent=163175"}],"wp:term":[{"taxonomy":"product_brand","embeddable":true,"href":"https:\/\/baldumarket.lt\/lt\/wp-json\/wp\/v2\/product_brand?post=163175"},{"taxonomy":"product_cat","embeddable":true,"href":"https:\/\/baldumarket.lt\/lt\/wp-json\/wp\/v2\/product_cat?post=163175"},{"taxonomy":"product_tag","embeddable":true,"href":"https:\/\/baldumarket.lt\/lt\/wp-json\/wp\/v2\/product_tag?post=163175"}],"curies":[{"name":"wp","href":"https:\/\/api.w.org\/{rel}","templated":true}]}}