{"id":163163,"date":"2025-12-19T12:39:13","date_gmt":"2025-12-19T09:39:13","guid":{"rendered":"https:\/\/baldumarket.lt\/product\/angel-typ-92-lozko-160-cm-dab-white-craft\/"},"modified":"2026-04-06T18:43:39","modified_gmt":"2026-04-06T15:43:39","slug":"angel-typ-92-lozko-160-cm-dab-white-craft","status":"publish","type":"product","link":"https:\/\/baldumarket.lt\/lt\/product\/angel-typ-92-lozko-160-cm-dab-white-craft\/","title":{"rendered":"Angelas TYP-92 \u2013 Lova 160 cm, \u0105\u017euolo baltumo, rankdarbiams"},"content":{"rendered":"<p>Atraskite \u201eAngel TYP-92\u201c \u2013 lov\u0105 160. Balta, eleganti\u0161ka ir moderni lova, j\u016bs\u0173 miegamojo \u0161irdis, suteiks ne tik komforto, bet ir stilingo dekoro. \u0160is baldas puikiai papildys \u0161iuolaikinio interjero poreikius, i\u0161laikydamas klasikin\u0119 elegancij\u0105 ir paprastum\u0105. Pasiruo\u0161\u0119s sukurti miego erdv\u0119, kurioje kiekviena naktis atne\u0161 ram\u0173 ir atpalaiduojant\u012f poils\u012f. \u201eAngel TYP-92\u201c gali pasigirti idealiais matmenimis patogiam naudojimui \u2013 plotis yra 166,4 cm, auk\u0161tis 91,5 cm ir gylis 218 cm. Tai puikus sprendimas dviem \u017emon\u0117ms, suteikiantis pakankamai vietos abiem naudotojams. Optimalus 160 \u00d7 200 cm \u010diu\u017einio dydis leid\u017eia patogiai miegoti ir laisvai jud\u0117ti \u2013 tobulas receptas atkurian\u010diai nak\u010diai. Balta spalva, susipynusi su nat\u016brali\u0173 spalv\u0173 elementais, suteikia lovai lengvumo ir gaivos poj\u016bt\u012f, puikiai papildydama \u012fvairias spalv\u0173 paletes ir interjero stilius. Laminuota plok\u0161t\u0117 garantuoja tvirt\u0105 apdirbim\u0105 ir atsparum\u0105 \u012fbr\u0117\u017eimams, pa\u017eeidimams, dr\u0117gmei ir auk\u0161tai temperat\u016brai \u2013 idealus pasirinkimas ateinantiems metams.<\/p>","protected":false},"excerpt":{"rendered":"<p>Plotis (cm): 166,4<br \/>\n\u016agis (cm): 91,5<br \/>\nGylis (cm): 218<\/p>","protected":false},"featured_media":163164,"comment_status":"open","ping_status":"open","template":"","meta":[],"product_brand":[],"product_cat":[9470,505,4107],"product_tag":[],"class_list":{"0":"post-163163","1":"product","2":"type-product","3":"status-publish","4":"has-post-thumbnail","6":"product_cat-furniture-system-angel-wojcik-meble","7":"product_cat-bedroom-beds","8":"product_cat-meble-wojcik","10":"first","11":"instock","12":"purchasable","13":"product-type-simple"},"_links":{"self":[{"href":"https:\/\/baldumarket.lt\/lt\/wp-json\/wp\/v2\/product\/163163","targetHints":{"allow":["GET"]}}],"collection":[{"href":"https:\/\/baldumarket.lt\/lt\/wp-json\/wp\/v2\/product"}],"about":[{"href":"https:\/\/baldumarket.lt\/lt\/wp-json\/wp\/v2\/types\/product"}],"replies":[{"embeddable":true,"href":"https:\/\/baldumarket.lt\/lt\/wp-json\/wp\/v2\/comments?post=163163"}],"wp:featuredmedia":[{"embeddable":true,"href":"https:\/\/baldumarket.lt\/lt\/wp-json\/wp\/v2\/media\/163164"}],"wp:attachment":[{"href":"https:\/\/baldumarket.lt\/lt\/wp-json\/wp\/v2\/media?parent=163163"}],"wp:term":[{"taxonomy":"product_brand","embeddable":true,"href":"https:\/\/baldumarket.lt\/lt\/wp-json\/wp\/v2\/product_brand?post=163163"},{"taxonomy":"product_cat","embeddable":true,"href":"https:\/\/baldumarket.lt\/lt\/wp-json\/wp\/v2\/product_cat?post=163163"},{"taxonomy":"product_tag","embeddable":true,"href":"https:\/\/baldumarket.lt\/lt\/wp-json\/wp\/v2\/product_tag?post=163163"}],"curies":[{"name":"wp","href":"https:\/\/api.w.org\/{rel}","templated":true}]}}