{"id":163151,"date":"2025-12-19T12:38:48","date_gmt":"2025-12-19T09:38:48","guid":{"rendered":"https:\/\/baldumarket.lt\/product\/angel-typ-90-lozko-dab-white-craft\/"},"modified":"2026-04-06T18:43:39","modified_gmt":"2026-04-06T15:43:39","slug":"angel-typ-90-lozko-dab-white-craft","status":"publish","type":"product","link":"https:\/\/baldumarket.lt\/lt\/product\/angel-typ-90-lozko-dab-white-craft\/","title":{"rendered":"Angel TYP-90 &#8211; Balta \u0105\u017euolo rankdarbi\u0173 lova"},"content":{"rendered":"<p>Kvie\u010diame atrasti \u2018Angel TYP-90 \u2013 White Bed\u2019 lovos \u017eaves\u012f ir funkcionalum\u0105 \u2013 tai lova, kurioje dera subtili forma ir modernumas. \u0160viesios ir \u0161velnios spalvos papildo bet kuri\u0105 miegamojo erdv\u0119 ir yra skirtos tiems, kurie nori derinti klasikin\u0119 elegancij\u0105 su moderniomis tendencijomis. D\u0117l ideali\u0173 matmen\u0173 lova s\u0117kmingai atitinka \u0161iuolaikini\u0173 miegam\u0173j\u0173 reikalavimus: plotis 95,8 cm, auk\u0161tis 80,5 cm ir gylis 206,1 cm, si\u016blydama patog\u0173 ir jauk\u0173 mieg\u0105 tiek suaugusiems, tiek vaikams. Eleganti\u0161ka balta spalva kartu su nat\u016braliu da\u017eymu pasi\u017eymi nepaprastu paprastumu, papildan\u010diu bet kok\u012f interjer\u0105. Ry\u0161ki laminuotos plok\u0161t\u0117s, i\u0161 kurios pagamintas lovos galv\u016bgalis ir \u0161onai, tekst\u016bra garantuoja atsparum\u0105 \u012fbr\u0117\u017eimams, pa\u017eeidimams, dr\u0117gmei ir auk\u0161tai temperat\u016brai. \u0160is patvarumas \u2013 tai investicija \u012f daugel\u012f met\u0173 eksploatavimo. Pagrindinis \u2018Angel TYP-90\u2019 lovos privalumas \u2013 funkcionalus stal\u010dius ant tvirt\u0173 kreipian\u010di\u0173j\u0173 ratuk\u0173. \u0160is sprendimas yra ne\u012ftik\u0117tinai prakti\u0161kas \u2013 jame galima laikyti patalyn\u0119 ar kitus daiktus, taip pat jis gali b\u016bti papildoma miegojimo vieta netik\u0117tam sve\u010diui. Jame lengvai telpa 80 x 190 cm \u010diu\u017einys (iki 15 cm auk\u0161\u010dio).<\/p>","protected":false},"excerpt":{"rendered":"<p>Plotis (cm): 95,8<br \/>\n\u016agis (cm): 80,5<br \/>\nGylis (cm): 206,1<\/p>","protected":false},"featured_media":163152,"comment_status":"open","ping_status":"open","template":"","meta":[],"product_brand":[],"product_cat":[9470,505,4107],"product_tag":[],"class_list":{"0":"post-163151","1":"product","2":"type-product","3":"status-publish","4":"has-post-thumbnail","6":"product_cat-furniture-system-angel-wojcik-meble","7":"product_cat-bedroom-beds","8":"product_cat-meble-wojcik","10":"first","11":"instock","12":"purchasable","13":"product-type-simple"},"_links":{"self":[{"href":"https:\/\/baldumarket.lt\/lt\/wp-json\/wp\/v2\/product\/163151","targetHints":{"allow":["GET"]}}],"collection":[{"href":"https:\/\/baldumarket.lt\/lt\/wp-json\/wp\/v2\/product"}],"about":[{"href":"https:\/\/baldumarket.lt\/lt\/wp-json\/wp\/v2\/types\/product"}],"replies":[{"embeddable":true,"href":"https:\/\/baldumarket.lt\/lt\/wp-json\/wp\/v2\/comments?post=163151"}],"wp:featuredmedia":[{"embeddable":true,"href":"https:\/\/baldumarket.lt\/lt\/wp-json\/wp\/v2\/media\/163152"}],"wp:attachment":[{"href":"https:\/\/baldumarket.lt\/lt\/wp-json\/wp\/v2\/media?parent=163151"}],"wp:term":[{"taxonomy":"product_brand","embeddable":true,"href":"https:\/\/baldumarket.lt\/lt\/wp-json\/wp\/v2\/product_brand?post=163151"},{"taxonomy":"product_cat","embeddable":true,"href":"https:\/\/baldumarket.lt\/lt\/wp-json\/wp\/v2\/product_cat?post=163151"},{"taxonomy":"product_tag","embeddable":true,"href":"https:\/\/baldumarket.lt\/lt\/wp-json\/wp\/v2\/product_tag?post=163151"}],"curies":[{"name":"wp","href":"https:\/\/api.w.org\/{rel}","templated":true}]}}