{"id":163145,"date":"2025-12-19T12:38:36","date_gmt":"2025-12-19T09:38:36","guid":{"rendered":"https:\/\/baldumarket.lt\/product\/angel-typ-61-polka-wiszaca-dab-white-craft\/"},"modified":"2026-04-06T18:43:39","modified_gmt":"2026-04-06T15:43:39","slug":"angel-typ-61-polka-wiszaca-dab-white-craft","status":"publish","type":"product","link":"https:\/\/baldumarket.lt\/lt\/product\/angel-typ-61-polka-wiszaca-dab-white-craft\/","title":{"rendered":"Angel TYP-61 &#8211; Pakabinama lentyna, \u0105\u017euolo baltumo, rankdarbiams"},"content":{"rendered":"<p>Paverskite tu\u0161\u010di\u0105 sien\u0105 \u017eavinga, gyvyb\u0117s kupina erdve su \u201eAngel TYP-61\u201c lentyna. Sukurta moderniems namams, \u0161i balta stebukladar\u0117 taps unikaliais namais j\u016bs\u0173 brangiausiems papuo\u0161alams, knygoms ar CD kolekcijai. 118,7 cm plo\u010dio, 21,6 cm auk\u0161\u010dio ir 25 cm gylio \u201eAngel TYP-61\u201c lentyna skland\u017eiai dera prie bet kokio interjero, suteikdama lengvumo ir gaivumo. Tai lentyna, kuri atlieka ne tik praktin\u0119 funkcij\u0105, bet ir yra pagrindinis dekoratyvinis elementas. Laminuota plok\u0161t\u0117, i\u0161 kurios pagaminta \u0161i lentyna, yra itin patvari ir atspari kasdieniam naudojimui. Pavir\u0161ius atsparus \u012fbr\u0117\u017eimams, pa\u017eeidimams, dr\u0117gmei ir auk\u0161tai temperat\u016brai, tod\u0117l garantuoja ilgaam\u017ei\u0161kum\u0105 ir nereikalauja r\u016bpes\u010di\u0173 prie\u017ei\u016bros. \u201eAngel TYP-61\u201c lentyna pasi\u017eymi moderniu dizainu ir balta apdaila, kuri suteikia kambariui tvarkos ir erdv\u0117s poj\u016bt\u012f. Nat\u016brali \u0161ios lentynos spalva puikiai dera su \u012fvairiomis tekst\u016bromis ir spalvomis, sukurdama raminan\u010di\u0105 atmosfer\u0105, kad ir kur ji b\u016bt\u0173 pastatyta. Be to, prakti\u0161kos \u0161onin\u0117s ir centrin\u0117s sienel\u0117s neleid\u017eia daiktams nety\u010dia apvirsti ir apsaugoti juos nuo kritimo.<\/p>","protected":false},"excerpt":{"rendered":"<p>Plotis (cm): 118,7<br \/>\n\u016agis (cm): 21,6<br \/>\nGylis (cm): 25<\/p>","protected":false},"featured_media":163146,"comment_status":"open","ping_status":"open","template":"","meta":[],"product_brand":[],"product_cat":[9470,1174,4107],"product_tag":[],"class_list":{"0":"post-163145","1":"product","2":"type-product","3":"status-publish","4":"has-post-thumbnail","6":"product_cat-furniture-system-angel-wojcik-meble","7":"product_cat-hanging-shelves","8":"product_cat-meble-wojcik","10":"first","11":"instock","12":"purchasable","13":"product-type-simple"},"_links":{"self":[{"href":"https:\/\/baldumarket.lt\/lt\/wp-json\/wp\/v2\/product\/163145","targetHints":{"allow":["GET"]}}],"collection":[{"href":"https:\/\/baldumarket.lt\/lt\/wp-json\/wp\/v2\/product"}],"about":[{"href":"https:\/\/baldumarket.lt\/lt\/wp-json\/wp\/v2\/types\/product"}],"replies":[{"embeddable":true,"href":"https:\/\/baldumarket.lt\/lt\/wp-json\/wp\/v2\/comments?post=163145"}],"wp:featuredmedia":[{"embeddable":true,"href":"https:\/\/baldumarket.lt\/lt\/wp-json\/wp\/v2\/media\/163146"}],"wp:attachment":[{"href":"https:\/\/baldumarket.lt\/lt\/wp-json\/wp\/v2\/media?parent=163145"}],"wp:term":[{"taxonomy":"product_brand","embeddable":true,"href":"https:\/\/baldumarket.lt\/lt\/wp-json\/wp\/v2\/product_brand?post=163145"},{"taxonomy":"product_cat","embeddable":true,"href":"https:\/\/baldumarket.lt\/lt\/wp-json\/wp\/v2\/product_cat?post=163145"},{"taxonomy":"product_tag","embeddable":true,"href":"https:\/\/baldumarket.lt\/lt\/wp-json\/wp\/v2\/product_tag?post=163145"}],"curies":[{"name":"wp","href":"https:\/\/api.w.org\/{rel}","templated":true}]}}