{"id":163139,"date":"2025-12-19T12:38:24","date_gmt":"2025-12-19T09:38:24","guid":{"rendered":"https:\/\/baldumarket.lt\/product\/angel-typ-62-polka-dab-white-craft\/"},"modified":"2026-04-06T18:43:39","modified_gmt":"2026-04-06T15:43:39","slug":"angel-typ-62-polka-dab-white-craft","status":"publish","type":"product","link":"https:\/\/baldumarket.lt\/lt\/product\/angel-typ-62-polka-dab-white-craft\/","title":{"rendered":"Angel TYP-62 &#8211; Balta \u0105\u017euolo lentyna"},"content":{"rendered":"<p>Atraskite tobul\u0105 dekoratyvin\u012f akcent\u0105 ir funkcional\u0173 sprendim\u0105 bet kokiam \u0161iuolaikiniam interjerui \u2013 balt\u0105 \u201eAngel TYP-62\u201c lentyn\u0105. Paprastas, ta\u010diau eleganti\u0161kas dizainas paver\u010dia \u0161i\u0105 lentyn\u0105 ne tik prakti\u0161ku priedu, bet ir subtilia dekoracija, kuri praskaidrins ir pagyvins bet kuri\u0105 tu\u0161\u010di\u0105 j\u016bs\u0173 nam\u0173 sien\u0105. 84 cm plo\u010dio, 21,6 cm auk\u0161\u010dio ir 25 cm gylio derinys sukuria puikius matmenis m\u0117gstamoms knygoms, fig\u016br\u0117l\u0117ms, nuotrauk\u0173 r\u0117meliams ar net eleganti\u0161kiems augal\u0173 vazonams eksponuoti. Pagaminta i\u0161 auk\u0161tos kokyb\u0117s laminuotos plok\u0161t\u0117s, \u0161i lentyna garantuoja patvarum\u0105 ir ilgalaik\u0119 estetik\u0105, o valymas ir prie\u017ei\u016bra yra lengvi. Nuostabi balta apdaila, kuri puikiai dera tiek su moderniu, tiek su klasikiniu interjeru, paver\u010dia \u201eAngel TYP-62\u201c lentyn\u0105 nesenstan\u010diu bet kurio kambario papildymu. Be funkcionalumo, lentyna taip pat pasi\u017eymi auk\u0161tu saugumo lygiu \u2013 \u0161onin\u0117s ir centrin\u0117s sienel\u0117s efektyviai apsaugo daiktus nuo atsitiktinio kritimo.<\/p>","protected":false},"excerpt":{"rendered":"<p>Plotis (cm): 84<br \/>\n\u016agis (cm): 21,6<br \/>\nGylis (cm): 25<\/p>","protected":false},"featured_media":163140,"comment_status":"open","ping_status":"open","template":"","meta":[],"product_brand":[],"product_cat":[9470,1174,4107],"product_tag":[],"class_list":{"0":"post-163139","1":"product","2":"type-product","3":"status-publish","4":"has-post-thumbnail","6":"product_cat-furniture-system-angel-wojcik-meble","7":"product_cat-hanging-shelves","8":"product_cat-meble-wojcik","10":"first","11":"instock","12":"purchasable","13":"product-type-simple"},"_links":{"self":[{"href":"https:\/\/baldumarket.lt\/lt\/wp-json\/wp\/v2\/product\/163139","targetHints":{"allow":["GET"]}}],"collection":[{"href":"https:\/\/baldumarket.lt\/lt\/wp-json\/wp\/v2\/product"}],"about":[{"href":"https:\/\/baldumarket.lt\/lt\/wp-json\/wp\/v2\/types\/product"}],"replies":[{"embeddable":true,"href":"https:\/\/baldumarket.lt\/lt\/wp-json\/wp\/v2\/comments?post=163139"}],"wp:featuredmedia":[{"embeddable":true,"href":"https:\/\/baldumarket.lt\/lt\/wp-json\/wp\/v2\/media\/163140"}],"wp:attachment":[{"href":"https:\/\/baldumarket.lt\/lt\/wp-json\/wp\/v2\/media?parent=163139"}],"wp:term":[{"taxonomy":"product_brand","embeddable":true,"href":"https:\/\/baldumarket.lt\/lt\/wp-json\/wp\/v2\/product_brand?post=163139"},{"taxonomy":"product_cat","embeddable":true,"href":"https:\/\/baldumarket.lt\/lt\/wp-json\/wp\/v2\/product_cat?post=163139"},{"taxonomy":"product_tag","embeddable":true,"href":"https:\/\/baldumarket.lt\/lt\/wp-json\/wp\/v2\/product_tag?post=163139"}],"curies":[{"name":"wp","href":"https:\/\/api.w.org\/{rel}","templated":true}]}}