{"id":163133,"date":"2025-12-19T12:38:12","date_gmt":"2025-12-19T09:38:12","guid":{"rendered":"https:\/\/baldumarket.lt\/product\/angel-typ-60-polka-3-drzwiowa-dab-white-craft\/"},"modified":"2026-04-06T18:43:39","modified_gmt":"2026-04-06T15:43:39","slug":"angel-typ-60-polka-3-drzwiowa-dab-white-craft","status":"publish","type":"product","link":"https:\/\/baldumarket.lt\/lt\/product\/angel-typ-60-polka-3-drzwiowa-dab-white-craft\/","title":{"rendered":"Angel TYP-60 &#8211; 3 dur\u0173 lentyna, \u0105\u017euolo baltumo Craft"},"content":{"rendered":"<p>Norite atnaujinti savo interjer\u0105 ir suteikti jam funkcionalumo? Svajojate apie tvark\u0105, prakti\u0161kum\u0105 ir modern\u0173 stili\u0173 savo namuose ar biure? \u0160tai sprendimas, kuris pateisins j\u016bs\u0173 l\u016bkes\u010dius \u2013 ***Angel TYP-60 \u2013 3D balta lentyna*** \u2013 elegancijos ir prakti\u0161kumo derinys viename. Unikali \u201eAngel TYP-60\u201c lentyna pasi\u017eymi erdviu dizainu \u2013 118,7 cm plo\u010dio, 83,2 cm auk\u0161\u010dio ir 25,2 cm gylio, u\u017etikrinan\u010diu funkcional\u0173 erdv\u0117s i\u0161naudojim\u0105 bet kuriame kambaryje. Kruop\u0161\u010diai parinktos proporcijos kartu su balta laminato apdaila sukuria lengvumo ir gaivumo atmosfer\u0105, tuo pa\u010diu i\u0161likdamos harmonijoje su moderniu dizainu. Sukurta galvojant apie modern\u0173 interjer\u0105, lentyna pasi\u017eymi esteti\u0161kai patrauklia balta spalva, kuri puikiai dera tiek su \u0161viesiais, tiek su tamsiais kambario atspalviais. Nat\u016brali spalva paver\u010dia \u201eAngel TYP-60\u201c nesenstan\u010diu dekoratyviniu elementu ir prakti\u0161ku baldu.<\/p>","protected":false},"excerpt":{"rendered":"<p>Plotis (cm): 118,7<br \/>\n\u016agis (cm): 83,2<br \/>\nGylis (cm): 25,2<\/p>","protected":false},"featured_media":163134,"comment_status":"open","ping_status":"open","template":"","meta":[],"product_brand":[],"product_cat":[9470,4107,1177],"product_tag":[],"class_list":{"0":"post-163133","1":"product","2":"type-product","3":"status-publish","4":"has-post-thumbnail","6":"product_cat-furniture-system-angel-wojcik-meble","7":"product_cat-meble-wojcik","8":"product_cat-wardrobes","10":"first","11":"instock","12":"purchasable","13":"product-type-simple"},"_links":{"self":[{"href":"https:\/\/baldumarket.lt\/lt\/wp-json\/wp\/v2\/product\/163133","targetHints":{"allow":["GET"]}}],"collection":[{"href":"https:\/\/baldumarket.lt\/lt\/wp-json\/wp\/v2\/product"}],"about":[{"href":"https:\/\/baldumarket.lt\/lt\/wp-json\/wp\/v2\/types\/product"}],"replies":[{"embeddable":true,"href":"https:\/\/baldumarket.lt\/lt\/wp-json\/wp\/v2\/comments?post=163133"}],"wp:featuredmedia":[{"embeddable":true,"href":"https:\/\/baldumarket.lt\/lt\/wp-json\/wp\/v2\/media\/163134"}],"wp:attachment":[{"href":"https:\/\/baldumarket.lt\/lt\/wp-json\/wp\/v2\/media?parent=163133"}],"wp:term":[{"taxonomy":"product_brand","embeddable":true,"href":"https:\/\/baldumarket.lt\/lt\/wp-json\/wp\/v2\/product_brand?post=163133"},{"taxonomy":"product_cat","embeddable":true,"href":"https:\/\/baldumarket.lt\/lt\/wp-json\/wp\/v2\/product_cat?post=163133"},{"taxonomy":"product_tag","embeddable":true,"href":"https:\/\/baldumarket.lt\/lt\/wp-json\/wp\/v2\/product_tag?post=163133"}],"curies":[{"name":"wp","href":"https:\/\/api.w.org\/{rel}","templated":true}]}}