{"id":163127,"date":"2025-12-19T12:37:59","date_gmt":"2025-12-19T09:37:59","guid":{"rendered":"https:\/\/baldumarket.lt\/product\/angel-typ-20-szafa-2d-2s-dab-white-craft\/"},"modified":"2026-04-06T18:43:39","modified_gmt":"2026-04-06T15:43:39","slug":"angel-typ-20-szafa-2d-2s-dab-white-craft","status":"publish","type":"product","link":"https:\/\/baldumarket.lt\/lt\/product\/angel-typ-20-szafa-2d-2s-dab-white-craft\/","title":{"rendered":"Angel TYP-20 &#8211; Drabu\u017ein\u0117 2D-2S \u0105\u017euolo baltumo Craft"},"content":{"rendered":"<p>Pristatome eleganti\u0161k\u0105 ir funkcional\u0173 bald\u0105, kuris bet kokiam interjerui suteiks harmonijos ir tvarkos \u2013 \u201eAngel TYP-20\u201c \u2013 balt\u0105 spint\u0105, kurios plotis \u2013 84 cm, auk\u0161tis \u2013 190,5 cm, o gylis \u2013 58,2 cm. \u0160is nepakei\u010diamas spintos baldas puikiai tinka tiek miegamajam, tiek persirengimo kambariui, tiek prie\u0161kambariui. \u201eAngel TYP-20\u201c spinta yra balta spalva, kuri suteikia kambariui gaivumo ir vizualiai j\u012f padidina. Spinta pagaminta i\u0161 auk\u0161tos kokyb\u0117s laminuotos plok\u0161t\u0117s, kuri yra labai atspari \u012fbr\u0117\u017eimams, pa\u017eeidimams, dr\u0117gmei ir auk\u0161tai temperat\u016brai \u2013 u\u017etikrina, kad baldai i\u0161laikyt\u0173 savo estetik\u0105 ir funkcionalum\u0105 ilgus metus. Modernus \u201eAngel TYP-20\u201c spintos dizainas pasi\u017eymi sistema be ranken\u0117li\u0173, kuri pabr\u0117\u017eia minimalistin\u012f ir eleganti\u0161k\u0105 baldo stili\u0173 bei palengvina valym\u0105. Ritininiai kreiptuvai u\u017etikrina skland\u0173 stal\u010di\u0173 atidarym\u0105 ir u\u017edarym\u0105, o pasl\u0117pti vyriai suteikia papildomo patvarumo ir dureli\u0173 stabilumo. Tvirt\u0105 konstrukcij\u0105 u\u017etikrina korpusas ir priekin\u0117 dalis, pagaminti i\u0161 laminuotos med\u017eio dro\u017eli\u0173 plok\u0161t\u0117s. Be to, plastikin\u0117s kojel\u0117s apsaugo grindis nuo \u012fbr\u0117\u017eim\u0173 ir suteikia stabili\u0105 atram\u0105 visam baldui.<\/p>","protected":false},"excerpt":{"rendered":"<p>Plotis (cm): 84<br \/>\n\u016agis (cm): 190,5<br \/>\nGylis (cm): 58,2<\/p>","protected":false},"featured_media":163128,"comment_status":"open","ping_status":"open","template":"","meta":[],"product_brand":[],"product_cat":[9470,4107,1177],"product_tag":[],"class_list":{"0":"post-163127","1":"product","2":"type-product","3":"status-publish","4":"has-post-thumbnail","6":"product_cat-furniture-system-angel-wojcik-meble","7":"product_cat-meble-wojcik","8":"product_cat-wardrobes","10":"first","11":"instock","12":"purchasable","13":"product-type-simple"},"_links":{"self":[{"href":"https:\/\/baldumarket.lt\/lt\/wp-json\/wp\/v2\/product\/163127","targetHints":{"allow":["GET"]}}],"collection":[{"href":"https:\/\/baldumarket.lt\/lt\/wp-json\/wp\/v2\/product"}],"about":[{"href":"https:\/\/baldumarket.lt\/lt\/wp-json\/wp\/v2\/types\/product"}],"replies":[{"embeddable":true,"href":"https:\/\/baldumarket.lt\/lt\/wp-json\/wp\/v2\/comments?post=163127"}],"wp:featuredmedia":[{"embeddable":true,"href":"https:\/\/baldumarket.lt\/lt\/wp-json\/wp\/v2\/media\/163128"}],"wp:attachment":[{"href":"https:\/\/baldumarket.lt\/lt\/wp-json\/wp\/v2\/media?parent=163127"}],"wp:term":[{"taxonomy":"product_brand","embeddable":true,"href":"https:\/\/baldumarket.lt\/lt\/wp-json\/wp\/v2\/product_brand?post=163127"},{"taxonomy":"product_cat","embeddable":true,"href":"https:\/\/baldumarket.lt\/lt\/wp-json\/wp\/v2\/product_cat?post=163127"},{"taxonomy":"product_tag","embeddable":true,"href":"https:\/\/baldumarket.lt\/lt\/wp-json\/wp\/v2\/product_tag?post=163127"}],"curies":[{"name":"wp","href":"https:\/\/api.w.org\/{rel}","templated":true}]}}