{"id":163121,"date":"2025-12-19T12:37:47","date_gmt":"2025-12-19T09:37:47","guid":{"rendered":"https:\/\/baldumarket.lt\/product\/angel-typ-21-szafa-narozna-2-drzwiowa-dab-white-craft\/"},"modified":"2026-04-06T18:43:39","modified_gmt":"2026-04-06T15:43:39","slug":"angel-typ-21-szafa-narozna-2-drzwiowa-dab-white-craft","status":"publish","type":"product","link":"https:\/\/baldumarket.lt\/lt\/product\/angel-typ-21-szafa-narozna-2-drzwiowa-dab-white-craft\/","title":{"rendered":"Angel TYP-21 &#8211; Dviej\u0173 dur\u0173 kampin\u0117 spinta, \u0105\u017euolo spalvos, balta Craft"},"content":{"rendered":"<p>\u201eAngel TYP-21\u201c \u2013 dvimat\u0117 balta kampin\u0117 spinta \u2013 tai funkcionalumo ir modernaus dizaino kvintesencija, puikiai tinkanti \u0161iuolaikiniam interjerui. \u0160is prakti\u0161kas baldas leid\u017eia maksimaliai i\u0161naudoti kiekvien\u0105 kambario centimetr\u0105 neaukojant estetikos ar kokybi\u0161ko darbo. \u0160i kampin\u0117 spinta gars\u0117ja savo matmenimis: 96 cm plo\u010dio, 190,5 cm auk\u0161\u010dio ir 96 cm gylio, tod\u0117l yra daug vietos daiktams susid\u0117ti, neu\u017ego\u017eiant likusio interjero. \u0160is modelis pateikiamas baltos spalvos, kuri suteikia kambariui gaivumo ir \u017evilgesio, o universali nat\u016brali spalva harmoningai dera su kitais baldais. Gaminys pagamintas i\u0161 auk\u0161\u010diausios kokyb\u0117s laminuotos plok\u0161t\u0117s, u\u017etikrinan\u010dios patvarum\u0105 ir atsparum\u0105 kasdieniam naudojimui. Tiek spintos korpusas, tiek priekin\u0117 dalis pagaminti i\u0161 laminuotos med\u017eio dro\u017eli\u0173 plok\u0161t\u0117s, u\u017etikrinan\u010dios tvirt\u0105 strukt\u016br\u0105 ir ilgalaik\u0119, i\u0161skirtin\u0119 i\u0161vaizd\u0105. \u0160i med\u017eiaga atspari \u012fbr\u0117\u017eimams, mechaniniams pa\u017eeidimams, dr\u0117gmei ir auk\u0161tai temperat\u016brai, tod\u0117l spinta daugel\u012f met\u0173 i\u0161laikys nepriekai\u0161ting\u0105 i\u0161vaizd\u0105.<\/p>","protected":false},"excerpt":{"rendered":"<p>Plotis (cm): 96<br \/>\n\u016agis (cm): 190,5<br \/>\nGylis (cm): 96<\/p>","protected":false},"featured_media":163122,"comment_status":"open","ping_status":"open","template":"","meta":[],"product_brand":[],"product_cat":[9470,4107,1177],"product_tag":[],"class_list":{"0":"post-163121","1":"product","2":"type-product","3":"status-publish","4":"has-post-thumbnail","6":"product_cat-furniture-system-angel-wojcik-meble","7":"product_cat-meble-wojcik","8":"product_cat-wardrobes","10":"first","11":"instock","12":"purchasable","13":"product-type-simple"},"_links":{"self":[{"href":"https:\/\/baldumarket.lt\/lt\/wp-json\/wp\/v2\/product\/163121","targetHints":{"allow":["GET"]}}],"collection":[{"href":"https:\/\/baldumarket.lt\/lt\/wp-json\/wp\/v2\/product"}],"about":[{"href":"https:\/\/baldumarket.lt\/lt\/wp-json\/wp\/v2\/types\/product"}],"replies":[{"embeddable":true,"href":"https:\/\/baldumarket.lt\/lt\/wp-json\/wp\/v2\/comments?post=163121"}],"wp:featuredmedia":[{"embeddable":true,"href":"https:\/\/baldumarket.lt\/lt\/wp-json\/wp\/v2\/media\/163122"}],"wp:attachment":[{"href":"https:\/\/baldumarket.lt\/lt\/wp-json\/wp\/v2\/media?parent=163121"}],"wp:term":[{"taxonomy":"product_brand","embeddable":true,"href":"https:\/\/baldumarket.lt\/lt\/wp-json\/wp\/v2\/product_brand?post=163121"},{"taxonomy":"product_cat","embeddable":true,"href":"https:\/\/baldumarket.lt\/lt\/wp-json\/wp\/v2\/product_cat?post=163121"},{"taxonomy":"product_tag","embeddable":true,"href":"https:\/\/baldumarket.lt\/lt\/wp-json\/wp\/v2\/product_tag?post=163121"}],"curies":[{"name":"wp","href":"https:\/\/api.w.org\/{rel}","templated":true}]}}