{"id":163115,"date":"2025-12-19T12:37:34","date_gmt":"2025-12-19T09:37:34","guid":{"rendered":"https:\/\/baldumarket.lt\/product\/angel-typ-11-regal-3s-dab-white-craft\/"},"modified":"2026-04-06T18:43:27","modified_gmt":"2026-04-06T15:43:27","slug":"angel-typ-11-regal-3s-dab-white-craft","status":"publish","type":"product","link":"https:\/\/baldumarket.lt\/lt\/product\/angel-typ-11-regal-3s-dab-white-craft\/","title":{"rendered":"Angel TYPE-11 &#8211; 3S lentyna, \u0105\u017euolo baltumo, amat\u0173 stiliaus"},"content":{"rendered":"<p>Kvie\u010diame ap\u017ei\u016br\u0117ti \u0161\u012f unikal\u0173 bald\u0105, kuris puikiai tiks tiek moderniame, tiek klasikiniame interjere. Pristatome \u201cAngel TYP-11 \u2013 3S White Shelf\u201d, kuri skirta ie\u0161kantiems funkcionali\u0173, bet esteti\u0161kai patraukli\u0173 daikt\u0173 laikymo sprendim\u0173. Kategorija, kuriai priskirta m\u016bs\u0173 lentyna, kalba pati u\u017e save. Erdv\u0117 ir organizuotumas yra pagrindiniai jos atributai. Lentynos plotis yra 56 cm, tod\u0117l ji idealiai tinka patalpoms, kuriose reikia optimaliai i\u0161naudoti erdv\u0119. 190,5 cm auk\u0161tis garantuoja didel\u0119 talp\u0105, o 40,2 cm gylis leid\u017eia patogiai laikyti \u012fvairius daiktus. \u201eAngel TYP-11\u201c \u017eavi savo i\u0161vaizda \u2013 balta priekin\u0117s dalies ir korpuso apdaila kartu su nat\u016braliu akcentu suteikia jai lengvumo poj\u016bt\u012f ir leid\u017eia lengvai \u012fsilieti \u012f bet kok\u012f interjer\u0105. Pagaminta i\u0161 auk\u0161\u010diausios kokyb\u0117s laminuotos plok\u0161t\u0117s, ji i\u0161siskiria savo patvarumu ir atsparumu kasdieniam naudojimui. Laminuota med\u017eio dro\u017eli\u0173 plok\u0161t\u0117, naudojama tiek priekin\u0117je dalyje, tiek korpuse, u\u017etikrina lentynos tvirtum\u0105 ir ilgaam\u017ei\u0161kum\u0105.<\/p>","protected":false},"excerpt":{"rendered":"<p>Plotis (cm): 56<br \/>\n\u016agis (cm): 190,5<br \/>\nGylis (cm): 40,2<\/p>","protected":false},"featured_media":163116,"comment_status":"open","ping_status":"open","template":"","meta":[],"product_brand":[],"product_cat":[9470,4107,1177],"product_tag":[],"class_list":{"0":"post-163115","1":"product","2":"type-product","3":"status-publish","4":"has-post-thumbnail","6":"product_cat-furniture-system-angel-wojcik-meble","7":"product_cat-meble-wojcik","8":"product_cat-wardrobes","10":"first","11":"instock","12":"purchasable","13":"product-type-simple"},"_links":{"self":[{"href":"https:\/\/baldumarket.lt\/lt\/wp-json\/wp\/v2\/product\/163115","targetHints":{"allow":["GET"]}}],"collection":[{"href":"https:\/\/baldumarket.lt\/lt\/wp-json\/wp\/v2\/product"}],"about":[{"href":"https:\/\/baldumarket.lt\/lt\/wp-json\/wp\/v2\/types\/product"}],"replies":[{"embeddable":true,"href":"https:\/\/baldumarket.lt\/lt\/wp-json\/wp\/v2\/comments?post=163115"}],"wp:featuredmedia":[{"embeddable":true,"href":"https:\/\/baldumarket.lt\/lt\/wp-json\/wp\/v2\/media\/163116"}],"wp:attachment":[{"href":"https:\/\/baldumarket.lt\/lt\/wp-json\/wp\/v2\/media?parent=163115"}],"wp:term":[{"taxonomy":"product_brand","embeddable":true,"href":"https:\/\/baldumarket.lt\/lt\/wp-json\/wp\/v2\/product_brand?post=163115"},{"taxonomy":"product_cat","embeddable":true,"href":"https:\/\/baldumarket.lt\/lt\/wp-json\/wp\/v2\/product_cat?post=163115"},{"taxonomy":"product_tag","embeddable":true,"href":"https:\/\/baldumarket.lt\/lt\/wp-json\/wp\/v2\/product_tag?post=163115"}],"curies":[{"name":"wp","href":"https:\/\/api.w.org\/{rel}","templated":true}]}}