{"id":163110,"date":"2025-12-19T12:37:23","date_gmt":"2025-12-19T09:37:23","guid":{"rendered":"https:\/\/baldumarket.lt\/product\/alverno-alvv01r-witryna-wiszaca-1-drzwiowa-popiel-dab-coast-evoke\/"},"modified":"2026-02-03T23:30:39","modified_gmt":"2026-02-03T20:30:39","slug":"alverno-alvv01r-witryna-wiszaca-1-drzwiowa-popiel-dab-coast-evoke","status":"publish","type":"product","link":"https:\/\/baldumarket.lt\/lt\/product\/alverno-alvv01r-witryna-wiszaca-1-drzwiowa-popiel-dab-coast-evoke\/","title":{"rendered":"\u201eAlverno ALVV01R\u201c \u2013 pakabinama vitrina su 1 durel\u0117mis, uosio\/\u0105\u017euolo spalvos, \u201eCoast Evoke\u201c"},"content":{"rendered":"<p>Pristatome Jums eleganti\u0161k\u0105, modernaus stiliaus \u201eAlverno ALVV01R\u201c vitrin\u0105. Sukurta tiems, kurie vertina rafinuot\u0105 estetik\u0105 ir funkcionalum\u0105, ji taps unikaliu bet kurios svetain\u0117s, valgomojo ar darbo kambario akcentu. Nat\u016bralus med\u017eio gro\u017eis kartu su subtiliu pelen\u0173 atspalviu sukuria unikali\u0105 kompozicij\u0105, kuri harmoningai der\u0117s prie bet kokio interjero. 45,2 cm plo\u010dio, 173,8 cm auk\u0161\u010dio ir 40 cm gylio vitrina, pagaminta i\u0161 auk\u0161tos kokyb\u0117s med\u017eiag\u0173, toki\u0173 kaip MDF ir laminuota plok\u0161t\u0117, demonstruoja tvirt\u0105 meistri\u0161kum\u0105 iki smulkiausi\u0173 detali\u0173. Nat\u016brali \u201eCoast Evoke Oak\u201c spalva papildo balt\u0105 spalv\u0105 ir suteikia kambariui \u0161ilt\u0105, jauki\u0105 atmosfer\u0105. Spintel\u0117s korpusas ir priekin\u0117 dalis sukuria darni\u0105 visum\u0105, nes naudojamos laminuotos med\u017eio dro\u017eli\u0173 plok\u0161t\u0117s ir MDF, u\u017etikrinan\u010dios patvarum\u0105 ir atsparum\u0105 dilimui. Skaidrus, gr\u016bdinto stiklo priekin\u0117 dalis ir negr\u016bdinto stiklo lentynos ne tik u\u017etikrina saugum\u0105, bet ir leid\u017eia efektyviai eksponuoti dekoracijas, knygas ar stalo \u012frankius. Tai paver\u010dia vitrin\u0105 ne tik daikt\u0173 laikymo vieta, bet ir dekoratyviniu elementu. Minimalistin\u0117s, juodos plastikin\u0117s ranken\u0117l\u0117s ir modern\u016bs pasl\u0117pti vyriai puikiai papildo bendr\u0105 dizain\u0105, pabr\u0117\u017edami \u0161iuolaiki\u0161k\u0105 jo charakter\u012f.<\/p>","protected":false},"excerpt":{"rendered":"<p>Plotis (cm): 45,2<br \/>\n\u016agis (cm): 173,8<br \/>\nGylis (cm): 40<\/p>","protected":false},"featured_media":163111,"comment_status":"open","ping_status":"open","template":"","meta":[],"product_brand":[],"product_cat":[4107,2006],"product_tag":[],"class_list":{"0":"post-163110","1":"product","2":"type-product","3":"status-publish","4":"has-post-thumbnail","6":"product_cat-meble-wojcik","7":"product_cat-vitrines","9":"first","10":"instock","11":"purchasable","12":"product-type-simple"},"_links":{"self":[{"href":"https:\/\/baldumarket.lt\/lt\/wp-json\/wp\/v2\/product\/163110","targetHints":{"allow":["GET"]}}],"collection":[{"href":"https:\/\/baldumarket.lt\/lt\/wp-json\/wp\/v2\/product"}],"about":[{"href":"https:\/\/baldumarket.lt\/lt\/wp-json\/wp\/v2\/types\/product"}],"replies":[{"embeddable":true,"href":"https:\/\/baldumarket.lt\/lt\/wp-json\/wp\/v2\/comments?post=163110"}],"wp:featuredmedia":[{"embeddable":true,"href":"https:\/\/baldumarket.lt\/lt\/wp-json\/wp\/v2\/media\/163111"}],"wp:attachment":[{"href":"https:\/\/baldumarket.lt\/lt\/wp-json\/wp\/v2\/media?parent=163110"}],"wp:term":[{"taxonomy":"product_brand","embeddable":true,"href":"https:\/\/baldumarket.lt\/lt\/wp-json\/wp\/v2\/product_brand?post=163110"},{"taxonomy":"product_cat","embeddable":true,"href":"https:\/\/baldumarket.lt\/lt\/wp-json\/wp\/v2\/product_cat?post=163110"},{"taxonomy":"product_tag","embeddable":true,"href":"https:\/\/baldumarket.lt\/lt\/wp-json\/wp\/v2\/product_tag?post=163110"}],"curies":[{"name":"wp","href":"https:\/\/api.w.org\/{rel}","templated":true}]}}