{"id":163104,"date":"2025-12-19T12:37:11","date_gmt":"2025-12-19T09:37:11","guid":{"rendered":"https:\/\/baldumarket.lt\/product\/sarina-sangs1-bielizniarka-2d-dab-cremona-cashmere\/"},"modified":"2026-02-03T23:30:39","modified_gmt":"2026-02-03T20:30:39","slug":"sarina-sangs1-bielizniarka-2d-dab-cremona-cashmere","status":"publish","type":"product","link":"https:\/\/baldumarket.lt\/lt\/product\/sarina-sangs1-bielizniarka-2d-dab-cremona-cashmere\/","title":{"rendered":"Sarina SANGS1 &#8211; 2D komoda, Cremona ka\u0161myro \u0105\u017euolas"},"content":{"rendered":"<p>Sveiki atvyk\u0119 \u012f elegancijos ir funkcionalumo pasaul\u012f, kuriame \u201eMeble W\u00f3jcik\u201c \u201eSarina 2D\u201c patalyn\u0117s spinta tampa pagrindiniu j\u016bs\u0173 prie\u0161kambario elementu. Subtilus ka\u0161myro atspalvis kartu su \u0161ilta Kremonos \u0105\u017euolo apdaila sukuria jauki\u0105 atmosfer\u0105, kuri prad\u017eiugins kiekvien\u0105 sve\u010di\u0105. Tai puikus sprendimas tiems, kurie vertina ne tik estetik\u0105, bet ir prakti\u0161kum\u0105 kasdieniame naudojime. Abiejose duryse esantis viso \u016bgio veidrodis ne tik leid\u017eia akimirksniu ap\u017evelgti j\u016bs\u0173 stili\u0173, bet ir vizualiai padidina erdv\u0119 j\u016bs\u0173 prie\u0161kambaryje. Tai paver\u010dia kiekvien\u0105 \u012f\u0117jim\u0105 malonumu, o nuo veidrod\u017eio atsispindinti \u0161viesa suteikia erdvei gaivumo ir vizualinio gylio. Plonos ranken\u0117l\u0117s pabr\u0117\u017eia minimalistin\u012f dizain\u0105, derindamos bald\u0173 elegancij\u0105 su moderniu stiliumi. \u201eSarina 2D\u201c patalyn\u0117s spintos vidus \u017eavi savo talpumu ir funkcionalumu. Trys metaliniai st\u016bmimo-traukimo kabliukai leid\u017eia ne\u012ftik\u0117tinai lengvai sutvarkyti erdv\u0119 \u2013 tereikia vieno judesio, kad pakabintum\u0117te m\u0117gstamus aksesuarus, tokius kaip krep\u0161iai ar \u0161alikai. D\u0117l \u0161alia esan\u010dios atviros lentynos galite lengvai eksponuoti savo batus ar dekoratyvinius krep\u0161elius, suteikdami prie\u0161kambariui unikal\u0173 charakter\u012f.<\/p>","protected":false},"excerpt":{"rendered":"<p>Plotis (cm): 76<br \/>\n\u016agis (cm): 201,5<br \/>\nGylis (cm): 36,98<\/p>","protected":false},"featured_media":163105,"comment_status":"open","ping_status":"open","template":"","meta":[],"product_brand":[],"product_cat":[4107,1177],"product_tag":[],"class_list":{"0":"post-163104","1":"product","2":"type-product","3":"status-publish","4":"has-post-thumbnail","6":"product_cat-meble-wojcik","7":"product_cat-wardrobes","9":"first","10":"instock","11":"purchasable","12":"product-type-simple"},"_links":{"self":[{"href":"https:\/\/baldumarket.lt\/lt\/wp-json\/wp\/v2\/product\/163104","targetHints":{"allow":["GET"]}}],"collection":[{"href":"https:\/\/baldumarket.lt\/lt\/wp-json\/wp\/v2\/product"}],"about":[{"href":"https:\/\/baldumarket.lt\/lt\/wp-json\/wp\/v2\/types\/product"}],"replies":[{"embeddable":true,"href":"https:\/\/baldumarket.lt\/lt\/wp-json\/wp\/v2\/comments?post=163104"}],"wp:featuredmedia":[{"embeddable":true,"href":"https:\/\/baldumarket.lt\/lt\/wp-json\/wp\/v2\/media\/163105"}],"wp:attachment":[{"href":"https:\/\/baldumarket.lt\/lt\/wp-json\/wp\/v2\/media?parent=163104"}],"wp:term":[{"taxonomy":"product_brand","embeddable":true,"href":"https:\/\/baldumarket.lt\/lt\/wp-json\/wp\/v2\/product_brand?post=163104"},{"taxonomy":"product_cat","embeddable":true,"href":"https:\/\/baldumarket.lt\/lt\/wp-json\/wp\/v2\/product_cat?post=163104"},{"taxonomy":"product_tag","embeddable":true,"href":"https:\/\/baldumarket.lt\/lt\/wp-json\/wp\/v2\/product_tag?post=163104"}],"curies":[{"name":"wp","href":"https:\/\/api.w.org\/{rel}","templated":true}]}}