{"id":163100,"date":"2025-12-19T12:37:03","date_gmt":"2025-12-19T09:37:03","guid":{"rendered":"https:\/\/baldumarket.lt\/product\/mosano-lusv101-witryna-1d-cashmere-dab-cremona\/"},"modified":"2026-04-06T19:46:58","modified_gmt":"2026-04-06T16:46:58","slug":"mosano-lusv101-witryna-1d-cashmere-dab-cremona","status":"publish","type":"product","link":"https:\/\/baldumarket.lt\/lt\/product\/mosano-lusv101-witryna-1d-cashmere-dab-cremona\/","title":{"rendered":"\u201eMosano LUSV101\u201c \u2013 1D ka\u0161myro vitrina, \u201eCremona Oak\u201c"},"content":{"rendered":"<p>\u201eMosano LUSV101\u201c vitrina \u2013 stilingo paprastumo kvintesencija, sukurta galvojant apie eleganti\u0161ko dizaino m\u0117g\u0117jus. D\u0117l plono silueto ir 189,5 cm auk\u0161\u010dio interjeras atrodo lengvesnis ir erdvesnis, tod\u0117l puikiai tinka tiek \u0161viesiai svetainei, tiek sant\u016briai valgomajam. \u0160ilta kremonos \u0105\u017euolo spalva kartu su madingu ka\u0161myro atspalviu sukuria harmoning\u0105 kompozicij\u0105, kuri papildys daugel\u012f interjero dizain\u0173, suteikdama unikal\u0173 charakter\u012f.<\/p>\n<p>Vitrina sukurta taip, kad efektyviai pademonstruot\u0173 j\u016bs\u0173 m\u0117gstamiausias dekoracijas ir stiklinius indus. Stiklinis priekis ir \u0161onas sukuria tobul\u0105 fon\u0105, subtiliai i\u0161ry\u0161kindami bet kok\u012f interjero element\u0105. I\u0161skirtinis grioveli\u0173 dizainas ant dureli\u0173 ne tik traukia ak\u012f, bet ir suteikia baldams ritmo bei elegancijos.<\/p>\n<p>Pagaminta i\u0161 patvari\u0173 med\u017eiag\u0173, toki\u0173 kaip laminuotos med\u017eio dro\u017eli\u0173 plok\u0161t\u0117s ir MDF fasadai, vitrina u\u017etikrina ilgalaik\u012f naudojim\u0105. \u0160velniai u\u017esidaranti dureli\u0173 sistema yra funkcionali detal\u0117, garantuojanti komfort\u0105 kasdien naudojant. Viduje tvirtos, 6 mm storio stiklin\u0117s lentynos lengvai tilps vertingiausius daiktus, o pasirenkamas LED ap\u0161vietimas sutemus suteiks unikali\u0105 atmosfer\u0105.<\/p>\n<p>LUSV101 \u2013 tai ne tik klasikin\u0117 vitrina, bet ir baldas, galintis tapti j\u016bs\u0173 interjero \u0161irdimi. Universalus dizainas leid\u017eia jai prisitaikyti prie \u012fvairi\u0173 interjero stili\u0173, ypa\u010d t\u0173, kurie derina modernum\u0105 su nat\u016braliais akcentais. Pastatykite j\u0105 ten, kur ji gaus nat\u016bralios \u0161viesos \u2013 stiklo plok\u0161t\u0117 ir grioveli\u0173 medienos tekst\u016bra savo forma d\u017eiugins vis\u0105 dien\u0105.<\/p>\n<p>Atraskite nauj\u0105 elegancijos dimensij\u0105 su \u201eMosano LUSV101\u201c. Investuokite \u012f bald\u0105, kuris praturtins j\u016bs\u0173 interjer\u0105 ir leis i\u0161reik\u0161ti asmenin\u012f stili\u0173. Garantuojame, kad kiekviena diena, praleista su \u0161ia vitrina, bus kupina gro\u017eio ir harmonijos.<\/p>","protected":false},"excerpt":{"rendered":"<p>Plotis (cm): 62<br \/>\n\u016agis (cm): 189,5<br \/>\nGylis (cm): 40<\/p>","protected":false},"featured_media":163101,"comment_status":"open","ping_status":"open","template":"","meta":[],"product_brand":[],"product_cat":[9463,4107,2006],"product_tag":[],"class_list":{"0":"post-163100","1":"product","2":"type-product","3":"status-publish","4":"has-post-thumbnail","6":"product_cat-furniture-system-mosano-wojcik-meble","7":"product_cat-meble-wojcik","8":"product_cat-vitrines","10":"first","11":"instock","12":"purchasable","13":"product-type-simple"},"_links":{"self":[{"href":"https:\/\/baldumarket.lt\/lt\/wp-json\/wp\/v2\/product\/163100","targetHints":{"allow":["GET"]}}],"collection":[{"href":"https:\/\/baldumarket.lt\/lt\/wp-json\/wp\/v2\/product"}],"about":[{"href":"https:\/\/baldumarket.lt\/lt\/wp-json\/wp\/v2\/types\/product"}],"replies":[{"embeddable":true,"href":"https:\/\/baldumarket.lt\/lt\/wp-json\/wp\/v2\/comments?post=163100"}],"wp:featuredmedia":[{"embeddable":true,"href":"https:\/\/baldumarket.lt\/lt\/wp-json\/wp\/v2\/media\/163101"}],"wp:attachment":[{"href":"https:\/\/baldumarket.lt\/lt\/wp-json\/wp\/v2\/media?parent=163100"}],"wp:term":[{"taxonomy":"product_brand","embeddable":true,"href":"https:\/\/baldumarket.lt\/lt\/wp-json\/wp\/v2\/product_brand?post=163100"},{"taxonomy":"product_cat","embeddable":true,"href":"https:\/\/baldumarket.lt\/lt\/wp-json\/wp\/v2\/product_cat?post=163100"},{"taxonomy":"product_tag","embeddable":true,"href":"https:\/\/baldumarket.lt\/lt\/wp-json\/wp\/v2\/product_tag?post=163100"}],"curies":[{"name":"wp","href":"https:\/\/api.w.org\/{rel}","templated":true}]}}