{"id":163095,"date":"2025-12-19T12:36:53","date_gmt":"2025-12-19T09:36:53","guid":{"rendered":"https:\/\/baldumarket.lt\/product\/mosano-lusv102-witryna-2d-cashmere-dab-cremona\/"},"modified":"2026-04-06T19:46:58","modified_gmt":"2026-04-06T16:46:58","slug":"mosano-lusv102-witryna-2d-cashmere-dab-cremona","status":"publish","type":"product","link":"https:\/\/baldumarket.lt\/lt\/product\/mosano-lusv102-witryna-2d-cashmere-dab-cremona\/","title":{"rendered":"Mosano LUSV102 &#8211; 2D ka\u0161myro vitrina, Cremona \u0105\u017euolo spalvos"},"content":{"rendered":"<p>\u201eMosano LUSV102\u201c vitrina yra negin\u010dijamas modernaus stiliaus simbolis, suteikiantis rafinuotumo bet kokiam interjerui. Pagaminta i\u0161 Kremonos \u0105\u017euolo ir apdailinta madinga ka\u0161myro spalva, ji harmoningai derina nat\u016bral\u0173 gro\u017e\u012f su dizainerio prisilietimu. Subtili, ta\u010diau i\u0161skirtin\u0117 i\u0161vaizda daro j\u0105 idealiu elementu tiek minimalistiniam, tiek jaukesniam interjerui. Spintel\u0117s stiklin\u0117 pus\u0117 ir grioveliais i\u0161rai\u017eytas priekis traukia ak\u012f, sukurdami unikal\u0173 vizualin\u012f efekt\u0105, kuris tikrai su\u017eav\u0117s kiekvien\u0105 sve\u010di\u0105. \u201eMosano LUSV102\u201c vitrinos funkcionalumas paver\u010dia j\u0105 baldu, skirtu kasdieniam naudojimui. D\u0117l i\u0161manaus dizaino j\u0105 galite lengvai pritaikyti \u012fvairiose savo nam\u0173 erdv\u0117se \u2013 nuo eleganti\u0161kos svetain\u0117s iki jaukaus valgomojo. \u0160iame balde lengvai tilps visos j\u016bs\u0173 m\u0117gstamos dekoracijos, knygos ar net \u0161eimos nuotraukos, suteikiant interjerui \u0161ilt\u0105 ir jauk\u0173 poj\u016bt\u012f. Tylus dureli\u0173 u\u017edarymas kiekvien\u0105 atidarym\u0105 ir u\u017edarym\u0105 paver\u010dia tyliu ritualu, leid\u017eian\u010diu m\u0117gautis atsipalaidavimo akimirkomis jaukiuose namuose. \u201eLUSV102\u201c vitrina taip pat yra puikus pasirinkimas tiems, kurie vertina kokyb\u0119 ir ilgaam\u017ei\u0161kum\u0105. Pagamintas i\u0161 auk\u0161tos kokyb\u0117s med\u017eiag\u0173, \u012fskaitant MDF ir laminuotas plok\u0161tes, jis u\u017etikrina ne tik estetin\u012f patrauklum\u0105, bet ir ilgaam\u017ei\u0161kum\u0105. Papildomos savyb\u0117s, tokios kaip gr\u016bdintas stiklas priekyje ir \u0161onuose, padidina ne tik saugum\u0105, bet ir bendr\u0105 elegancij\u0105. Atsparus \u012fbr\u0117\u017eimams ir lengvai valomas, \u0161is baldas puikiai tiks bet kuriuose namuose, nepriklausomai nuo interjero dizaino stiliaus.<\/p>","protected":false},"excerpt":{"rendered":"<p>Plotis (cm): 87,2<br \/>\n\u016agis (cm): 158,5<br \/>\nGylis (cm): 40<\/p>","protected":false},"featured_media":163096,"comment_status":"open","ping_status":"open","template":"","meta":[],"product_brand":[],"product_cat":[9463,4107,2006],"product_tag":[],"class_list":{"0":"post-163095","1":"product","2":"type-product","3":"status-publish","4":"has-post-thumbnail","6":"product_cat-furniture-system-mosano-wojcik-meble","7":"product_cat-meble-wojcik","8":"product_cat-vitrines","10":"first","11":"instock","12":"purchasable","13":"product-type-simple"},"_links":{"self":[{"href":"https:\/\/baldumarket.lt\/lt\/wp-json\/wp\/v2\/product\/163095","targetHints":{"allow":["GET"]}}],"collection":[{"href":"https:\/\/baldumarket.lt\/lt\/wp-json\/wp\/v2\/product"}],"about":[{"href":"https:\/\/baldumarket.lt\/lt\/wp-json\/wp\/v2\/types\/product"}],"replies":[{"embeddable":true,"href":"https:\/\/baldumarket.lt\/lt\/wp-json\/wp\/v2\/comments?post=163095"}],"wp:featuredmedia":[{"embeddable":true,"href":"https:\/\/baldumarket.lt\/lt\/wp-json\/wp\/v2\/media\/163096"}],"wp:attachment":[{"href":"https:\/\/baldumarket.lt\/lt\/wp-json\/wp\/v2\/media?parent=163095"}],"wp:term":[{"taxonomy":"product_brand","embeddable":true,"href":"https:\/\/baldumarket.lt\/lt\/wp-json\/wp\/v2\/product_brand?post=163095"},{"taxonomy":"product_cat","embeddable":true,"href":"https:\/\/baldumarket.lt\/lt\/wp-json\/wp\/v2\/product_cat?post=163095"},{"taxonomy":"product_tag","embeddable":true,"href":"https:\/\/baldumarket.lt\/lt\/wp-json\/wp\/v2\/product_tag?post=163095"}],"curies":[{"name":"wp","href":"https:\/\/api.w.org\/{rel}","templated":true}]}}