{"id":163090,"date":"2025-12-19T12:36:43","date_gmt":"2025-12-19T09:36:43","guid":{"rendered":"https:\/\/baldumarket.lt\/product\/mosano-mdt20-stol-jadalniany-dab-cremona\/"},"modified":"2026-04-06T19:46:58","modified_gmt":"2026-04-06T16:46:58","slug":"mosano-mdt20-stol-jadalniany-dab-cremona","status":"publish","type":"product","link":"https:\/\/baldumarket.lt\/lt\/product\/mosano-mdt20-stol-jadalniany-dab-cremona\/","title":{"rendered":"Mosano MDT20 \u2013 Cremona \u0105\u017euolo valgomasis stalas"},"content":{"rendered":"<p>Atraskite \u201eMosano MDT20\u201c valgomojo stal\u0105, kuris taps j\u016bs\u0173 nam\u0173 \u0161irdimi. Unikalus, gamtos \u012fkv\u0117ptas dizainas derina estetik\u0105 ir funkcionalum\u0105, puikiai papildydamas \u0161iuolaikines interjero dizaino tendencijas. \u0160ilta \u201eCremona\u201c \u0105\u017euolo apdaila stalui suteikia jaukumo, tapdamas ne tik prakti\u0161ku elementu, bet ir stilingu akcentu j\u016bs\u0173 virtuv\u0117je ar valgomajame. Tai ne tik stalas \u2013 tai vieta \u0161eimos vakarien\u0117ms, rytin\u0117s kavos pasis\u0117d\u0117jimams ir vakaro pokalbiams prie taur\u0117s vyno. Stalvir\u0161\u012f galima prailginti nuo 140 cm iki 180 cm, tod\u0117l jo dyd\u012f galite lengvai pritaikyti prie savo poreiki\u0173, tod\u0117l jis idealiai tinka tiek ma\u017eesniems butams, tiek didesn\u0117ms \u0161eimoms ar vakar\u0117liams. Netrukus atrasite d\u017eiaugsm\u0105 vai\u0161intis kartu tokioje skoningoje aplinkoje. Pagamintas i\u0161 patvarios laminuotos med\u017eio dro\u017eli\u0173 plok\u0161t\u0117s, stalas yra ne tik gra\u017eus, bet ir atsparus kasdieniam d\u0117v\u0117jimuisi. Dizainerio siluetas su tvirtomis kojel\u0117mis garantuoja stabilum\u0105 naudojimo metu, o tai labai svarbu da\u017enai naudojamose erdv\u0117se. Be to, subtiliai pasl\u0117ptas \u012fd\u0117klas po stalvir\u0161iu yra ne tik prakti\u0161kas, bet ir suteikia visai konstrukcijai elegancijos, tod\u0117l stalo prailginimas tampa tikru malonumu.<\/p>","protected":false},"excerpt":{"rendered":"<p>Plotis (cm): 140\u2013180<br \/>\n\u016agis (cm): 77<br \/>\nGylis (cm): 85<\/p>","protected":false},"featured_media":163091,"comment_status":"open","ping_status":"open","template":"","meta":[],"product_brand":[],"product_cat":[9463,4107,1934],"product_tag":[],"class_list":{"0":"post-163090","1":"product","2":"type-product","3":"status-publish","4":"has-post-thumbnail","6":"product_cat-furniture-system-mosano-wojcik-meble","7":"product_cat-meble-wojcik","8":"product_cat-tables","10":"first","11":"instock","12":"purchasable","13":"product-type-simple"},"_links":{"self":[{"href":"https:\/\/baldumarket.lt\/lt\/wp-json\/wp\/v2\/product\/163090","targetHints":{"allow":["GET"]}}],"collection":[{"href":"https:\/\/baldumarket.lt\/lt\/wp-json\/wp\/v2\/product"}],"about":[{"href":"https:\/\/baldumarket.lt\/lt\/wp-json\/wp\/v2\/types\/product"}],"replies":[{"embeddable":true,"href":"https:\/\/baldumarket.lt\/lt\/wp-json\/wp\/v2\/comments?post=163090"}],"wp:featuredmedia":[{"embeddable":true,"href":"https:\/\/baldumarket.lt\/lt\/wp-json\/wp\/v2\/media\/163091"}],"wp:attachment":[{"href":"https:\/\/baldumarket.lt\/lt\/wp-json\/wp\/v2\/media?parent=163090"}],"wp:term":[{"taxonomy":"product_brand","embeddable":true,"href":"https:\/\/baldumarket.lt\/lt\/wp-json\/wp\/v2\/product_brand?post=163090"},{"taxonomy":"product_cat","embeddable":true,"href":"https:\/\/baldumarket.lt\/lt\/wp-json\/wp\/v2\/product_cat?post=163090"},{"taxonomy":"product_tag","embeddable":true,"href":"https:\/\/baldumarket.lt\/lt\/wp-json\/wp\/v2\/product_tag?post=163090"}],"curies":[{"name":"wp","href":"https:\/\/api.w.org\/{rel}","templated":true}]}}