{"id":163086,"date":"2025-12-19T12:36:35","date_gmt":"2025-12-19T09:36:35","guid":{"rendered":"https:\/\/baldumarket.lt\/product\/mosano-lusp101-polka-wiszaca-dab-cremona-cashmere\/"},"modified":"2026-04-06T19:46:58","modified_gmt":"2026-04-06T16:46:58","slug":"mosano-lusp101-polka-wiszaca-dab-cremona-cashmere","status":"publish","type":"product","link":"https:\/\/baldumarket.lt\/lt\/product\/mosano-lusp101-polka-wiszaca-dab-cremona-cashmere\/","title":{"rendered":"Mosano LUSP101 &#8211; Pakabinama lentyna, Cremona, ka\u0161myro \u0105\u017euolas"},"content":{"rendered":"<p>Atraskite subtil\u0173 \u201eMosano LUSP101\u201c pakabinamos lentynos \u017eaves\u012f \u2013 tobul\u0105 bet kokio modernaus interjero papildym\u0105. \u0160i i\u0161skirtinai eleganti\u0161ka \u201eMOSANO\u201c kolekcijos lentyna ne tik papildys j\u016bs\u0173 svetain\u0117s ar valgomojo erdv\u0119, bet ir taps puikiu pagrindu \u012fvairiems dekoro elementams. Jos 150 cm plotis, 25 cm auk\u0161tis ir 22 cm gylis suteikia daug vietos j\u016bs\u0173 m\u0117gstamiausioms knygoms, vazoniniams augalams ir asmeniniams daiktams, suteikdamos bet kokiam kambariui jaukumo.<\/p>\n<p>Paprastas, ta\u010diau ry\u0161kus LUSP101 lentynos dizainas primena skandinavi\u0161k\u0105 estetik\u0105, derindamas funkcionalum\u0105 su nat\u016bralia apdaila. Pagaminta i\u0161 auk\u0161tos kokyb\u0117s laminuotos plok\u0161t\u0117s, ji yra ne tik atspari \u012fbr\u0117\u017eimams, bet ir lengvai pri\u017ei\u016brima. Be to, gra\u017ei Kremonos \u0105\u017euolo apdaila kartu su subtilia ka\u0161myro spalva suteikia jai unikal\u0173 stili\u0173, puikiai atitinkant\u012f dabartines interjero dizaino tendencijas.<\/p>\n<p>LUSP101 lentyn\u0117l\u0117 \u2013 tai nedidelis elementas, galintis visi\u0161kai pakeisti sienos i\u0161vaizd\u0105. Pakabinus j\u0105 vir\u0161 komodos, sofos ar kaip dekoratyvin\u012f akcent\u0105 prie televizoriaus, interjeras \u012fgaus harmonijos ir lengvumo. Raginame \u017eaisti su forma ir pakabinti dvi lentynas vien\u0105 vir\u0161 kitos arba asimetri\u0161kai, taip sukursite \u012fdom\u0173 ir darn\u0173 efekt\u0105 savo namuose.<\/p>\n<p>Leiskite \u201eMosano LUSP101\u201c lentynai tapti j\u016bs\u0173 gyvenimo dalimi ir pakeisti erdv\u0119, kurioje leid\u017eiate savo kasdienyb\u0119. Investuokite \u012f funkcional\u0173 ir stiling\u0105 aksesuar\u0105, kuris ne tik vizualiai jus d\u017eiugins, bet ir pad\u0117s kasdien susitvarkyti erdv\u0119. Atminkite, kad lentyna pristatoma vienoje pakuot\u0117je ir j\u0105 reikia surinkti patiems \u2013 tai paprastas nuotykis, kuris greitai pakeis j\u016bs\u0173 interjer\u0105!<\/p>","protected":false},"excerpt":{"rendered":"<p>Plotis (cm): 150<br \/>\n\u016agis (cm): 25<br \/>\nGylis (cm): 22<\/p>","protected":false},"featured_media":163087,"comment_status":"open","ping_status":"open","template":"","meta":[],"product_brand":[],"product_cat":[9463,1174,4107],"product_tag":[],"class_list":{"0":"post-163086","1":"product","2":"type-product","3":"status-publish","4":"has-post-thumbnail","6":"product_cat-furniture-system-mosano-wojcik-meble","7":"product_cat-hanging-shelves","8":"product_cat-meble-wojcik","10":"first","11":"instock","12":"purchasable","13":"product-type-simple"},"_links":{"self":[{"href":"https:\/\/baldumarket.lt\/lt\/wp-json\/wp\/v2\/product\/163086","targetHints":{"allow":["GET"]}}],"collection":[{"href":"https:\/\/baldumarket.lt\/lt\/wp-json\/wp\/v2\/product"}],"about":[{"href":"https:\/\/baldumarket.lt\/lt\/wp-json\/wp\/v2\/types\/product"}],"replies":[{"embeddable":true,"href":"https:\/\/baldumarket.lt\/lt\/wp-json\/wp\/v2\/comments?post=163086"}],"wp:featuredmedia":[{"embeddable":true,"href":"https:\/\/baldumarket.lt\/lt\/wp-json\/wp\/v2\/media\/163087"}],"wp:attachment":[{"href":"https:\/\/baldumarket.lt\/lt\/wp-json\/wp\/v2\/media?parent=163086"}],"wp:term":[{"taxonomy":"product_brand","embeddable":true,"href":"https:\/\/baldumarket.lt\/lt\/wp-json\/wp\/v2\/product_brand?post=163086"},{"taxonomy":"product_cat","embeddable":true,"href":"https:\/\/baldumarket.lt\/lt\/wp-json\/wp\/v2\/product_cat?post=163086"},{"taxonomy":"product_tag","embeddable":true,"href":"https:\/\/baldumarket.lt\/lt\/wp-json\/wp\/v2\/product_tag?post=163086"}],"curies":[{"name":"wp","href":"https:\/\/api.w.org\/{rel}","templated":true}]}}