{"id":163082,"date":"2025-12-19T12:36:27","date_gmt":"2025-12-19T09:36:27","guid":{"rendered":"https:\/\/baldumarket.lt\/product\/mosano-lust101-stolik-kawowy-cashmere-dab-cremona\/"},"modified":"2026-04-06T19:46:58","modified_gmt":"2026-04-06T16:46:58","slug":"mosano-lust101-stolik-kawowy-cashmere-dab-cremona","status":"publish","type":"product","link":"https:\/\/baldumarket.lt\/lt\/product\/mosano-lust101-stolik-kawowy-cashmere-dab-cremona\/","title":{"rendered":"Mosano LUST101 &#8211; Ka\u0161myro kavos staliukas, Kremonos \u0105\u017euolas"},"content":{"rendered":"<p>\u201eMosano LUST101\u201c \u2013 tai kavos staliukas, \u017eavintis savo paprastumu ir charakteriu, puikiai papildantis \u012fvairius interjero dizainus. D\u0117l geometrin\u0117s formos ir gerai apgalvot\u0173 proporcij\u0173 (102 x 65 x 46 cm) rasite tobul\u0105 viet\u0105 ne tik savo svetain\u0117s centre, bet ir kaip stiling\u0105 sofos papildym\u0105. Ka\u0161myro apdailos stalvir\u0161is sukuria \u0161ilt\u0105 ir kvie\u010diant\u012f fon\u0105 j\u016bs\u0173 kavai, knygoms ar m\u0117gstamoms dekoracijoms.<\/p>\n<p>\u0160ie stalai i\u0161siskiria unikaliu dizainu, o kremonos \u0105\u017euolo \u0161onai su vertikaliais grioveliais suteikia savitumo. \u0160is spalv\u0173 ir tekst\u016br\u0173 derinys kiekvien\u0105 bald\u0105 paver\u010dia ma\u017eu meno k\u016briniu, kuris traukia ak\u012f ir sukuria unikali\u0105 atmosfer\u0105 j\u016bs\u0173 namuose. Nepriklausomai nuo j\u016bs\u0173 interjero dizaino stiliaus, MOSANO LUST101 suteiks j\u016bs\u0173 interjerui harmonijos ir elegancijos.<\/p>\n<p>Stalo prakti\u0161kumas pabr\u0117\u017eia jo, kaip baldo elemento, universalum\u0105. Viduje yra patogi lentyna, puikiai tinkanti laikra\u0161\u010diams, ne\u0161iojamam kompiuteriui ar stalo \u017eaidimams laikyti. D\u0117l laminuotos plok\u0161t\u0117s stalas yra atsparus kasdieniam naudojimui, o eleganti\u0161ka, grioveliais dekoruota MDF apdaila daro j\u012f ne tik funkcional\u0173, bet ir itin patvar\u0173.<\/p>\n<p>Verta pamin\u0117ti, kad MOSANO LUST101 puikiai dera su kitais MOSANO kolekcijos baldais. J\u012f derindami su vitrina, televizoriaus staliuku ar komoda, galite sukurti darn\u0173, bet \u012fvair\u0173 i\u0161d\u0117stym\u0105. Papildykite j\u012f nat\u016braliais aksesuarais, tokiais kaip akmeninis pad\u0117klas, keraminiai indai ar lininis takelis, kad \u012f savo interjer\u0105 \u012fne\u0161tum\u0117te gamtos prisilietimo ir pabr\u0117\u017etum\u0117te unikal\u0173 jo stili\u0173. \u0160is kavos staliukas yra daugiau nei baldas \u2013 jis prisideda prie j\u016bs\u0173 nam\u0173 atmosferos ir jaukumo.<\/p>","protected":false},"excerpt":{"rendered":"<p>Plotis (cm): 65<br \/>\n\u016agis (cm): 102<br \/>\nGylis (cm): 46<\/p>","protected":false},"featured_media":163083,"comment_status":"open","ping_status":"open","template":"","meta":[],"product_brand":[],"product_cat":[9463,866,4107],"product_tag":[],"class_list":{"0":"post-163082","1":"product","2":"type-product","3":"status-publish","4":"has-post-thumbnail","6":"product_cat-furniture-system-mosano-wojcik-meble","7":"product_cat-coffee-tables","8":"product_cat-meble-wojcik","10":"first","11":"instock","12":"purchasable","13":"product-type-simple"},"_links":{"self":[{"href":"https:\/\/baldumarket.lt\/lt\/wp-json\/wp\/v2\/product\/163082","targetHints":{"allow":["GET"]}}],"collection":[{"href":"https:\/\/baldumarket.lt\/lt\/wp-json\/wp\/v2\/product"}],"about":[{"href":"https:\/\/baldumarket.lt\/lt\/wp-json\/wp\/v2\/types\/product"}],"replies":[{"embeddable":true,"href":"https:\/\/baldumarket.lt\/lt\/wp-json\/wp\/v2\/comments?post=163082"}],"wp:featuredmedia":[{"embeddable":true,"href":"https:\/\/baldumarket.lt\/lt\/wp-json\/wp\/v2\/media\/163083"}],"wp:attachment":[{"href":"https:\/\/baldumarket.lt\/lt\/wp-json\/wp\/v2\/media?parent=163082"}],"wp:term":[{"taxonomy":"product_brand","embeddable":true,"href":"https:\/\/baldumarket.lt\/lt\/wp-json\/wp\/v2\/product_brand?post=163082"},{"taxonomy":"product_cat","embeddable":true,"href":"https:\/\/baldumarket.lt\/lt\/wp-json\/wp\/v2\/product_cat?post=163082"},{"taxonomy":"product_tag","embeddable":true,"href":"https:\/\/baldumarket.lt\/lt\/wp-json\/wp\/v2\/product_tag?post=163082"}],"curies":[{"name":"wp","href":"https:\/\/api.w.org\/{rel}","templated":true}]}}