{"id":163075,"date":"2025-12-19T12:36:11","date_gmt":"2025-12-19T09:36:11","guid":{"rendered":"https:\/\/baldumarket.lt\/product\/mosano-lusk103-komoda-3d4s-cashmere-dab-cremona\/"},"modified":"2026-04-06T19:46:58","modified_gmt":"2026-04-06T16:46:58","slug":"mosano-lusk103-komoda-3d4s-cashmere-dab-cremona","status":"publish","type":"product","link":"https:\/\/baldumarket.lt\/lt\/product\/mosano-lusk103-komoda-3d4s-cashmere-dab-cremona\/","title":{"rendered":"Mosano LUSK103 &#8211; Komoda 3D4S Ka\u0161myro \u0105\u017euolo Cremona"},"content":{"rendered":"<p>\u201eMOSANO\u201c kolekcijos komoda \u201eLUSK103\u201c \u2013 tai meistri\u0161kas elegancijos ir prakti\u0161kumo derinys. 200 cm plotis ir 82,5 cm auk\u0161tis ant pilno cokolio arba 87 cm ant metalini\u0173 kojeli\u0173 daro j\u0105 optimaliu pasirinkimu ie\u0161kantiems baldo, kuris i\u0161siskirt\u0173 moderniame interjere. Grioveli\u0173 fasad\u0173 su \u201eCremona\u201c \u0105\u017euolo apdaila ir lygaus ka\u0161myro spalvos pavir\u0161iaus derinys sukuria fenomenali\u0105 kompozicij\u0105, puikiai atitinkan\u010di\u0105 skandinavi\u0161ko ir japoni\u0161ko stiliaus tendencijas. \u201eLUSK103\u201c komoda yra ne tik esteti\u0161kai patraukli, bet ir funkcionali. Tur\u0117dama tris u\u017erakinamas spinteles ir keturis erdvius stal\u010dius, joje galima laikyti \u012fvairius daiktus. Galite efektyviai susitvarkyti dokumentus, tekstil\u0119 ar dekoratyvinius daiktus, m\u0117gaudamiesi \u0161velnaus u\u017edarymo sistemos, kuri apsaugo nuo nepageidaujamo u\u017etrenkimo, patogumu. Tai leid\u017eia kasdien naudotis komoda patogiai ir maloniai. Nepamir\u0161kite ir galimyb\u0117s pritaikyti pagrind\u0105 pagal savo poreikius. Priklausomai nuo pasirinkto montavimo b\u016bdo, galite rinktis piln\u0105 cokol\u012f, kuris susilies su grindimis ir sukurs jauki\u0105 atmosfer\u0105, arba metalines kojeles, kurios suteiks visam baldui modernumo ir palengvins prieig\u0105 prie grind\u0173, leisdamos naudoti valymo robot\u0105.<\/p>","protected":false},"excerpt":{"rendered":"<p>Plotis (cm): 200<br \/>\n\u016agis (cm): 82,5\u201387<br \/>\nGylis (cm): 40<\/p>","protected":false},"featured_media":163076,"comment_status":"open","ping_status":"open","template":"","meta":[],"product_brand":[],"product_cat":[9461,1173,4107],"product_tag":[],"class_list":{"0":"post-163075","1":"product","2":"type-product","3":"status-publish","4":"has-post-thumbnail","6":"product_cat-furniture-system-monaco-wojcik-meble","7":"product_cat-chests-of-drawers","8":"product_cat-meble-wojcik","10":"first","11":"instock","12":"purchasable","13":"product-type-simple"},"_links":{"self":[{"href":"https:\/\/baldumarket.lt\/lt\/wp-json\/wp\/v2\/product\/163075","targetHints":{"allow":["GET"]}}],"collection":[{"href":"https:\/\/baldumarket.lt\/lt\/wp-json\/wp\/v2\/product"}],"about":[{"href":"https:\/\/baldumarket.lt\/lt\/wp-json\/wp\/v2\/types\/product"}],"replies":[{"embeddable":true,"href":"https:\/\/baldumarket.lt\/lt\/wp-json\/wp\/v2\/comments?post=163075"}],"wp:featuredmedia":[{"embeddable":true,"href":"https:\/\/baldumarket.lt\/lt\/wp-json\/wp\/v2\/media\/163076"}],"wp:attachment":[{"href":"https:\/\/baldumarket.lt\/lt\/wp-json\/wp\/v2\/media?parent=163075"}],"wp:term":[{"taxonomy":"product_brand","embeddable":true,"href":"https:\/\/baldumarket.lt\/lt\/wp-json\/wp\/v2\/product_brand?post=163075"},{"taxonomy":"product_cat","embeddable":true,"href":"https:\/\/baldumarket.lt\/lt\/wp-json\/wp\/v2\/product_cat?post=163075"},{"taxonomy":"product_tag","embeddable":true,"href":"https:\/\/baldumarket.lt\/lt\/wp-json\/wp\/v2\/product_tag?post=163075"}],"curies":[{"name":"wp","href":"https:\/\/api.w.org\/{rel}","templated":true}]}}