{"id":163061,"date":"2025-12-19T12:35:42","date_gmt":"2025-12-19T09:35:42","guid":{"rendered":"https:\/\/baldumarket.lt\/product\/mosano-lusk101-komoda-3d1s-cashmere-dab-cremona\/"},"modified":"2026-04-06T19:46:47","modified_gmt":"2026-04-06T16:46:47","slug":"mosano-lusk101-komoda-3d1s-cashmere-dab-cremona","status":"publish","type":"product","link":"https:\/\/baldumarket.lt\/lt\/product\/mosano-lusk101-komoda-3d1s-cashmere-dab-cremona\/","title":{"rendered":"Mosano LUSK101 &#8211; Komoda 3D1S Ka\u0161myro, Kremonos \u0105\u017euolo spalvos"},"content":{"rendered":"<p>\u201eMOSANO\u201c kolekcijos komoda \u201eLUSK101\u201c \u2013 tai unikalus baldas, kuris pagerina bet kokio interjero estetik\u0105. Minimalistinis dizainas derina modernum\u0105 ir funkcionalum\u0105, tod\u0117l idealiai tinka svetainei, valgomajam ar nam\u0173 biurui. Kremonos \u0105\u017euolo ir ka\u0161myro derinys bei intriguojan\u010diai suprojektuoti grioveliai patraukia ak\u012f, tod\u0117l \u0161is baldas yra daugiau nei tik prakti\u0161ka daikt\u0173 laikymo vieta. Pagrindinis \u201eLUSK101\u201c komodos privalumas \u2013 jos i\u0161d\u0117stymo lankstumas. Galimi du sprendimai \u2013 lieknos metalin\u0117s kojel\u0117s ir tvirtas cokolis \u2013 tod\u0117l j\u0105 lengvai priderinsite prie savo interjero charakterio. Komodos auk\u0161t\u012f galima reguliuoti nuo 82,5 iki 87 cm, tod\u0117l ji harmoningai \u012fsilies \u012f \u012fvairius interjerus \u2013 nuo japoni\u0161ko iki modernaus klasikinio stiliaus. Kiekvienas komodos variantas yra lengvos ir modernios i\u0161vaizdos, o meistri\u0161kumo detal\u0117s suteikia jai unikali\u0105 i\u0161vaizd\u0105. \u201eLUSK101\u201c komoda taip pat pasi\u017eymi gerai suprojektuotu interjeru, kuriame tilps visi j\u016bs\u0173 reikalingi daiktai. Trys u\u017erakinamos spintel\u0117s ir centrinis stal\u010dius suteikia puiki\u0105 viet\u0105 kasdieniams daiktams. Novatori\u0161ka \u0161velnaus u\u017edarymo sistema leid\u017eia patogiai ir tyliai naudotis baldais \u2013 tai \u012fvertins visi nam\u0173 \u016bkio nariai. Be to, dureli\u0173 dizainas be ranken\u0117li\u0173, kurios atsidaro frezuota anga, suteikia komodai unikal\u0173 charakter\u012f.<\/p>","protected":false},"excerpt":{"rendered":"<p>Plotis (cm): 150<br \/>\n\u016agis (cm): 82,5\u201387<br \/>\nGylis (cm): 40<\/p>","protected":false},"featured_media":163062,"comment_status":"open","ping_status":"open","template":"","meta":[],"product_brand":[],"product_cat":[9461,1173,4107],"product_tag":[],"class_list":{"0":"post-163061","1":"product","2":"type-product","3":"status-publish","4":"has-post-thumbnail","6":"product_cat-furniture-system-monaco-wojcik-meble","7":"product_cat-chests-of-drawers","8":"product_cat-meble-wojcik","10":"first","11":"instock","12":"purchasable","13":"product-type-simple"},"_links":{"self":[{"href":"https:\/\/baldumarket.lt\/lt\/wp-json\/wp\/v2\/product\/163061","targetHints":{"allow":["GET"]}}],"collection":[{"href":"https:\/\/baldumarket.lt\/lt\/wp-json\/wp\/v2\/product"}],"about":[{"href":"https:\/\/baldumarket.lt\/lt\/wp-json\/wp\/v2\/types\/product"}],"replies":[{"embeddable":true,"href":"https:\/\/baldumarket.lt\/lt\/wp-json\/wp\/v2\/comments?post=163061"}],"wp:featuredmedia":[{"embeddable":true,"href":"https:\/\/baldumarket.lt\/lt\/wp-json\/wp\/v2\/media\/163062"}],"wp:attachment":[{"href":"https:\/\/baldumarket.lt\/lt\/wp-json\/wp\/v2\/media?parent=163061"}],"wp:term":[{"taxonomy":"product_brand","embeddable":true,"href":"https:\/\/baldumarket.lt\/lt\/wp-json\/wp\/v2\/product_brand?post=163061"},{"taxonomy":"product_cat","embeddable":true,"href":"https:\/\/baldumarket.lt\/lt\/wp-json\/wp\/v2\/product_cat?post=163061"},{"taxonomy":"product_tag","embeddable":true,"href":"https:\/\/baldumarket.lt\/lt\/wp-json\/wp\/v2\/product_tag?post=163061"}],"curies":[{"name":"wp","href":"https:\/\/api.w.org\/{rel}","templated":true}]}}