{"id":163054,"date":"2025-12-19T12:35:27","date_gmt":"2025-12-19T09:35:27","guid":{"rendered":"https:\/\/baldumarket.lt\/product\/mosano-lusf101-komoda-rtv-2d2s-cashmere-dab-cremona\/"},"modified":"2026-04-06T19:46:47","modified_gmt":"2026-04-06T16:46:47","slug":"mosano-lusf101-komoda-rtv-2d2s-cashmere-dab-cremona","status":"publish","type":"product","link":"https:\/\/baldumarket.lt\/lt\/product\/mosano-lusf101-komoda-rtv-2d2s-cashmere-dab-cremona\/","title":{"rendered":"Mosano LUSF101 \u2013 televizoriaus blokas 2D2S ka\u0161myro kremono \u0105\u017euolas"},"content":{"rendered":"<p>\u201eMosano\u201c kolekcijos \u201eLUSF101\u201c televizoriaus staliukas \u2013 puikus pasirinkimas ie\u0161kantiems funkcionalaus ir stilingo sprendimo savo svetainei. 150 cm plo\u010dio jis puikiai tinka net ir ma\u017eesn\u0117ms erdv\u0117ms, tuo pa\u010diu i\u0161laikydamas \u012fsp\u016bding\u0105 i\u0161vaizd\u0105. Neutrali spalv\u0173 gama, kurioje derinamas ka\u0161myras su eleganti\u0161ku kremonos \u0105\u017euolu, suteikia stovui lengvumo, harmoningumo ir sukuria harmoning\u0105 vaizd\u0105 bet kuriame interjere. LUSF101, pasirinkus plonas metalines kojeles arba tvirt\u0105 cokol\u012f, suteikia dizaino lankstumo. Du tvirtinimo variantai (bendras auk\u0161tis 70 cm ties kojel\u0117mis ir 65,5 cm ties cokoliu) leid\u017eia pritaikyti staliuk\u0105 pagal individualius pageidavimus. Nepriklausomai nuo j\u016bs\u0173 pasirinkimo, stovas neabejotinai taps j\u016bs\u0173 svetain\u0117s puo\u0161mena, derinan\u010dia stili\u0173 su funkcionalumu. Centrin\u0117je stovo dalyje yra apgalvoti sprendimai nam\u0173 elektronikos organizavimui. Dvi erdvios spintel\u0117s ir du centriniai stal\u010diai su antracito spalvos metalin\u0117mis rankenomis lengvai sutalpins visus svarbiausius j\u016bs\u0173 priedus, tokius kaip nuotolinio valdymo pulteliai, \u012fkrovikliai ir dokumentai. Be to, atvira lentyna yra puiki vieta pried\u0117liui ar konsolei, suteikianti patogi\u0105 prieig\u0105 prie svarbiausi\u0173 \u012frengini\u0173.<\/p>","protected":false},"excerpt":{"rendered":"<p>Plotis (cm): 150<br \/>\n\u016agis (cm): 65,5\u201370<br \/>\nGylis (cm): 40<\/p>","protected":false},"featured_media":163055,"comment_status":"open","ping_status":"open","template":"","meta":[],"product_brand":[],"product_cat":[9463,4107,1175],"product_tag":[],"class_list":{"0":"post-163054","1":"product","2":"type-product","3":"status-publish","4":"has-post-thumbnail","6":"product_cat-furniture-system-mosano-wojcik-meble","7":"product_cat-meble-wojcik","8":"product_cat-tv-stands","10":"first","11":"instock","12":"purchasable","13":"product-type-simple"},"_links":{"self":[{"href":"https:\/\/baldumarket.lt\/lt\/wp-json\/wp\/v2\/product\/163054","targetHints":{"allow":["GET"]}}],"collection":[{"href":"https:\/\/baldumarket.lt\/lt\/wp-json\/wp\/v2\/product"}],"about":[{"href":"https:\/\/baldumarket.lt\/lt\/wp-json\/wp\/v2\/types\/product"}],"replies":[{"embeddable":true,"href":"https:\/\/baldumarket.lt\/lt\/wp-json\/wp\/v2\/comments?post=163054"}],"wp:featuredmedia":[{"embeddable":true,"href":"https:\/\/baldumarket.lt\/lt\/wp-json\/wp\/v2\/media\/163055"}],"wp:attachment":[{"href":"https:\/\/baldumarket.lt\/lt\/wp-json\/wp\/v2\/media?parent=163054"}],"wp:term":[{"taxonomy":"product_brand","embeddable":true,"href":"https:\/\/baldumarket.lt\/lt\/wp-json\/wp\/v2\/product_brand?post=163054"},{"taxonomy":"product_cat","embeddable":true,"href":"https:\/\/baldumarket.lt\/lt\/wp-json\/wp\/v2\/product_cat?post=163054"},{"taxonomy":"product_tag","embeddable":true,"href":"https:\/\/baldumarket.lt\/lt\/wp-json\/wp\/v2\/product_tag?post=163054"}],"curies":[{"name":"wp","href":"https:\/\/api.w.org\/{rel}","templated":true}]}}