{"id":163050,"date":"2025-12-19T12:35:19","date_gmt":"2025-12-19T09:35:19","guid":{"rendered":"https:\/\/baldumarket.lt\/product\/cut-out-lyot01-stolik-kawowy-cashmere-dab-coast-evoke\/"},"modified":"2026-04-06T18:43:27","modified_gmt":"2026-04-06T15:43:27","slug":"cut-out-lyot01-stolik-kawowy-cashmere-dab-coast-evoke","status":"publish","type":"product","link":"https:\/\/baldumarket.lt\/lt\/product\/cut-out-lyot01-stolik-kawowy-cashmere-dab-coast-evoke\/","title":{"rendered":"CUT OUT LYOT01 \u2013 \u201eCoast Evoke\u201c ka\u0161myro \u0105\u017euolo kavos staliukas"},"content":{"rendered":"<p>Kavos staliukas \u201eCUT OUT LYOT01\u201c \u2013 puikus pasirinkimas modernaus stiliaus ir funkcionali\u0173 sprendim\u0173 m\u0117g\u0117jams. Unikalus dizainas derina paprastum\u0105 ir modernum\u0105, tod\u0117l puikiai tinka bet kuriai svetainei. Subtilus asimetri\u0161kas poslinkis suteikia staliuko formai lengvumo, suteikdamas interjerui unikal\u0173 charakter\u012f ir ritm\u0105, kuris patraukia ak\u012f.<\/p>\n<p>Pagamintas i\u0161 patvarios laminuotos plok\u0161t\u0117s, jis u\u017etikrina ne tik esteti\u0161k\u0105 i\u0161vaizd\u0105, bet ir patog\u0173 kasdien\u012f naudojim\u0105. Stalas, apdailintas \u201eCoast-Evoke\u201c \u0105\u017euolo ir ka\u0161myro spalvomis, puikiai dera prie \u012fvairi\u0173 interjero dizain\u0173 \u2013 nuo \u0161viesaus, skandinavi\u0161ko iki sant\u016braus ir minimalistinio. Tai dar vienas privalumas, d\u0117l kurio jis yra universalus pasirinkimas ie\u0161kantiems prakti\u0161k\u0173 ir stiling\u0173 bald\u0173.<\/p>\n<p>Erdvus, daugiau nei 105 cm plo\u010dio stalvir\u0161is, \u201eCUT OUT\u201c stalas yra puiki vieta rytinei kavai, vakariniams stalo \u017eaidimams arba patogiai pasid\u0117ti knyg\u0105 ar nuotolinio valdymo pultel\u012f. Apatin\u0117 lentyna suteikia funkcionalumo, nes suteikia papildomos vietos smulkiems daiktams, kuriuos norite tur\u0117ti po ranka, bet neb\u016btinai gerai matomoje vietoje \u2013 ne\u012ftik\u0117tinai prakti\u0161kas sprendimas bet kokiems moderniems namams.<\/p>\n<p>LYOT01 \u2013 tai baldas, puikiai atitinkantis vertinan\u010di\u0173j\u0173 paprastus ir funkcionalius sprendimus, ta\u010diau kartu ir i\u0161skirtin\u012f stili\u0173 l\u016bkes\u010dius. Jis puikiai tinka tiek ma\u017eesn\u0117se erdv\u0117se, tiek didel\u0117se svetain\u0117se, kur labai svarbu derinti estetik\u0105 ir prakti\u0161kum\u0105. Pasirinkdami \u0161\u012f stal\u0105, investuojate \u012f dizainerio sukurt\u0105 akcent\u0105, kuris papuo\u0161 j\u016bs\u0173 svetain\u0119, sukurs maloni\u0105 atmosfer\u0105 ir tarnaus kiekvienam nam\u0173 \u016bkio nariui ilgus metus.<\/p>","protected":false},"excerpt":{"rendered":"<p>Plotis (cm): 68,1<br \/>\n\u016agis (cm): 105,6<br \/>\nGylis (cm): 37,2<\/p>","protected":false},"featured_media":163051,"comment_status":"open","ping_status":"open","template":"","meta":[],"product_brand":[],"product_cat":[9459,866,4107],"product_tag":[],"class_list":{"0":"post-163050","1":"product","2":"type-product","3":"status-publish","4":"has-post-thumbnail","6":"product_cat-furniture-system-cut-out-wojcik-meble","7":"product_cat-coffee-tables","8":"product_cat-meble-wojcik","10":"first","11":"instock","12":"purchasable","13":"product-type-simple"},"_links":{"self":[{"href":"https:\/\/baldumarket.lt\/lt\/wp-json\/wp\/v2\/product\/163050","targetHints":{"allow":["GET"]}}],"collection":[{"href":"https:\/\/baldumarket.lt\/lt\/wp-json\/wp\/v2\/product"}],"about":[{"href":"https:\/\/baldumarket.lt\/lt\/wp-json\/wp\/v2\/types\/product"}],"replies":[{"embeddable":true,"href":"https:\/\/baldumarket.lt\/lt\/wp-json\/wp\/v2\/comments?post=163050"}],"wp:featuredmedia":[{"embeddable":true,"href":"https:\/\/baldumarket.lt\/lt\/wp-json\/wp\/v2\/media\/163051"}],"wp:attachment":[{"href":"https:\/\/baldumarket.lt\/lt\/wp-json\/wp\/v2\/media?parent=163050"}],"wp:term":[{"taxonomy":"product_brand","embeddable":true,"href":"https:\/\/baldumarket.lt\/lt\/wp-json\/wp\/v2\/product_brand?post=163050"},{"taxonomy":"product_cat","embeddable":true,"href":"https:\/\/baldumarket.lt\/lt\/wp-json\/wp\/v2\/product_cat?post=163050"},{"taxonomy":"product_tag","embeddable":true,"href":"https:\/\/baldumarket.lt\/lt\/wp-json\/wp\/v2\/product_tag?post=163050"}],"curies":[{"name":"wp","href":"https:\/\/api.w.org\/{rel}","templated":true}]}}