{"id":163046,"date":"2025-12-19T12:35:11","date_gmt":"2025-12-19T09:35:11","guid":{"rendered":"https:\/\/baldumarket.lt\/product\/cut-out-ctuv02r-witryna-2d-prawa-cashmere-dab-coast-evoke\/"},"modified":"2026-04-06T18:43:27","modified_gmt":"2026-04-06T15:43:27","slug":"cut-out-ctuv02r-witryna-2d-prawa-cashmere-dab-coast-evoke","status":"publish","type":"product","link":"https:\/\/baldumarket.lt\/lt\/product\/cut-out-ctuv02r-witryna-2d-prawa-cashmere-dab-coast-evoke\/","title":{"rendered":"CUT OUT CTUV02R &#8211; 2D vitrinos teis\u0117s, ka\u0161myro \u0105\u017euolas, pakrant\u0117s efektas"},"content":{"rendered":"<p>Vitrina \u201eCUT OUT CTUV02R\u201c \u2013 tikras bald\u0173 perlas, puikiai tinkantis bet kokiam moderniam interjerui. Jos apgalvotas dizainas derina novatori\u0161k\u0105 dizain\u0105 su jaukia apdaila, tod\u0117l tai puikus sprendimas tiems, kurie vertina elegancij\u0105 ir funkcionalum\u0105. Matinis ka\u0161myro fasadas harmoningai papildo \u0161ilt\u0105 \u201eCoast Evoke\u201c \u0105\u017euolo atspalv\u012f, sukurdamas unikal\u0173 derin\u012f, kuris lengvai integruojasi \u012f \u012fvairius interjero dizainus.<\/p>\n<p>\u0160i vitrina pasi\u017eymi subtiliu stiklu, kuris suteikia visai konstrukcijai lengvumo. Tai leid\u017eia lengvai eksponuoti m\u0117gstamiausias dekoracijas ir atminimo daiktus, paver\u010diant juos kambario traukos centru. Papildomai pasirenkamas LED ap\u0161vietimas subtiliai i\u0161ry\u0161kina vertingas detales, suteikdamas interjerui unikali\u0105 atmosfer\u0105. \u0160is baldas ne tik sutvarko erdv\u0119, bet ir sukuria \u012fsp\u016bd\u012f sve\u010diams.<\/p>\n<p>140 cm auk\u0161\u010dio ir 95 cm plo\u010dio CUT OUT CTUV02R idealiai tinka ma\u017eesn\u0117ms erdv\u0117ms, kur svarbus kiekvienas centimetras. Gerai apgalvotas vitrinos dizainas yra ne tik patrauklus, bet ir prakti\u0161kas, leid\u017eiantis tvarkingai laikyti daiktus. Dar vienas privalumas \u2013 \u0161velniai u\u017esidaran\u010dios durel\u0117s, tod\u0117l vitrinos naudojimas yra tikras malonumas.<\/p>\n<p>Pasirinkdami CUT OUT CTUV02R vitrin\u0105, investuojate \u012f bald\u0105, kuris puikiai papildys j\u016bs\u0173 interjer\u0105. Tegul \u0161is eleganti\u0161kas elementas ne tik pabr\u0117\u0161 j\u016bs\u0173 erdv\u0117s stili\u0173, bet ir sukurs \u0161ilumos bei modernumo atmosfer\u0105. Pasirinkite vitrin\u0105, kuri suteiks j\u016bs\u0173 namams unikal\u0173 charakter\u012f ir pavers kiekvien\u0105 kampel\u012f ypatingu.<\/p>","protected":false},"excerpt":{"rendered":"<p>Plotis (cm): 95<br \/>\n\u016agis (cm): 140<br \/>\nGylis (cm): 40<\/p>","protected":false},"featured_media":163047,"comment_status":"open","ping_status":"open","template":"","meta":[],"product_brand":[],"product_cat":[9459,4107,2006],"product_tag":[],"class_list":{"0":"post-163046","1":"product","2":"type-product","3":"status-publish","4":"has-post-thumbnail","6":"product_cat-furniture-system-cut-out-wojcik-meble","7":"product_cat-meble-wojcik","8":"product_cat-vitrines","10":"first","11":"instock","12":"purchasable","13":"product-type-simple"},"_links":{"self":[{"href":"https:\/\/baldumarket.lt\/lt\/wp-json\/wp\/v2\/product\/163046","targetHints":{"allow":["GET"]}}],"collection":[{"href":"https:\/\/baldumarket.lt\/lt\/wp-json\/wp\/v2\/product"}],"about":[{"href":"https:\/\/baldumarket.lt\/lt\/wp-json\/wp\/v2\/types\/product"}],"replies":[{"embeddable":true,"href":"https:\/\/baldumarket.lt\/lt\/wp-json\/wp\/v2\/comments?post=163046"}],"wp:featuredmedia":[{"embeddable":true,"href":"https:\/\/baldumarket.lt\/lt\/wp-json\/wp\/v2\/media\/163047"}],"wp:attachment":[{"href":"https:\/\/baldumarket.lt\/lt\/wp-json\/wp\/v2\/media?parent=163046"}],"wp:term":[{"taxonomy":"product_brand","embeddable":true,"href":"https:\/\/baldumarket.lt\/lt\/wp-json\/wp\/v2\/product_brand?post=163046"},{"taxonomy":"product_cat","embeddable":true,"href":"https:\/\/baldumarket.lt\/lt\/wp-json\/wp\/v2\/product_cat?post=163046"},{"taxonomy":"product_tag","embeddable":true,"href":"https:\/\/baldumarket.lt\/lt\/wp-json\/wp\/v2\/product_tag?post=163046"}],"curies":[{"name":"wp","href":"https:\/\/api.w.org\/{rel}","templated":true}]}}