{"id":163042,"date":"2025-12-19T12:35:03","date_gmt":"2025-12-19T09:35:03","guid":{"rendered":"https:\/\/baldumarket.lt\/product\/cut-out-ctuv03-witryna-3d-cashmere-dab-coast-evoke\/"},"modified":"2026-04-06T18:43:27","modified_gmt":"2026-04-06T15:43:27","slug":"cut-out-ctuv03-witryna-3d-cashmere-dab-coast-evoke","status":"publish","type":"product","link":"https:\/\/baldumarket.lt\/lt\/product\/cut-out-ctuv03-witryna-3d-cashmere-dab-coast-evoke\/","title":{"rendered":"CUT OUT CTUV03 &#8211; 3D ka\u0161myro \u0105\u017euolo \u201eCoast Evoke\u201c vitrina"},"content":{"rendered":"<p>Vitrina \u201eCUT OUT CTUV03\u201c \u2013 tai unikalus baldas, kuris d\u0117mes\u012f traukia ne tik estetika, bet ir apgalvotu dizainu. Ji pasi\u017eymi pla\u010diu korpusu ir subtiliomis stiklo plok\u0161t\u0117mis \u0161onuose, sukurian\u010diomis lengvumo ir modernumo poj\u016bt\u012f. \u0160iltas pakrant\u0117s \u0105\u017euolo atspalvis, derinamas su eleganti\u0161ka ka\u0161myro spalva, sukuria jauki\u0105 atmosfer\u0105, puikiai derindamas funkcionalum\u0105 ir estetik\u0105. \u0160is baldas puikiai tinka tiek erdviam valgomajam, tiek jaukiai svetainei ar atviro plano gyvenamajai zonai.<\/p>\n<p>Spintel\u0119 sudaro trys fasadai: vienas tvirtas, o du \u012fstiklinti. D\u0117l tyli\u0173 vyri\u0173 jas lengva atidaryti. Kasdienis naudojimas tampa malonumu, nesijaudinant d\u0117l atsitiktinio u\u017esitrenkimo. Viduje rasite daugyb\u0119 vietos daiktams susid\u0117ti, \u012fskaitant \u0161e\u0161ias lentynas, puikiai tinkan\u010dias dekoracijoms, keramikai ar m\u0117gstamoms knygoms eksponuoti, suteikian\u010dias bet kokiam interjerui unikalumo.<\/p>\n<p>Eleganti\u0161kos stiklin\u0117s lentynos ir gr\u016bdinto stiklo fasadai sukuria minimalistin\u012f, ta\u010diau stiling\u0105 vaizd\u0105. \u012emontuotas GAMA ap\u0161vietimas skleid\u017eia subtil\u0173, aplinkos ap\u0161vietim\u0105, puikiai tinkant\u012f sukurti atmosferinius vakarus su \u0161eima ir draugais. Papildomi prisegami LED pro\u017eektoriai leid\u017eia dar labiau pabr\u0117\u017eti pasirinktus elementus, tod\u0117l CTUV03 vitrina tampa ne tik baldu, bet ir dekoratyviniu elementu.<\/p>\n<p>Kiekviena \u0161ios vitrinos detal\u0117 buvo kruop\u0161\u010diai apgalvota, siekiant sukurti harmoning\u0105 visum\u0105. Eleganti\u0161kos juodos rankenos ir deran\u010dios kojel\u0117s suteikia modernumo, ta\u010diau nemenkina eleganti\u0161ko dizaino. CUT OUT CTUV03 vitrina yra puikus pasirinkimas tiems, kurie nori derinti daikt\u0173 laikym\u0105 su estetika, taip pat tiems, kurie vertina baldus, kurie gra\u017eiai atrodys ilgus metus. Jei ie\u0161kote erdvios, bet vizualiai lengvos vitrinos, CTUV03 tikrai pateisins j\u016bs\u0173 l\u016bkes\u010dius!<\/p>","protected":false},"excerpt":{"rendered":"<p>Plotis (cm): 150<br \/>\n\u016agis (cm): 140<br \/>\nGylis (cm): 40<\/p>","protected":false},"featured_media":163043,"comment_status":"open","ping_status":"open","template":"","meta":[],"product_brand":[],"product_cat":[9459,4107,2006],"product_tag":[],"class_list":{"0":"post-163042","1":"product","2":"type-product","3":"status-publish","4":"has-post-thumbnail","6":"product_cat-furniture-system-cut-out-wojcik-meble","7":"product_cat-meble-wojcik","8":"product_cat-vitrines","10":"first","11":"instock","12":"purchasable","13":"product-type-simple"},"_links":{"self":[{"href":"https:\/\/baldumarket.lt\/lt\/wp-json\/wp\/v2\/product\/163042","targetHints":{"allow":["GET"]}}],"collection":[{"href":"https:\/\/baldumarket.lt\/lt\/wp-json\/wp\/v2\/product"}],"about":[{"href":"https:\/\/baldumarket.lt\/lt\/wp-json\/wp\/v2\/types\/product"}],"replies":[{"embeddable":true,"href":"https:\/\/baldumarket.lt\/lt\/wp-json\/wp\/v2\/comments?post=163042"}],"wp:featuredmedia":[{"embeddable":true,"href":"https:\/\/baldumarket.lt\/lt\/wp-json\/wp\/v2\/media\/163043"}],"wp:attachment":[{"href":"https:\/\/baldumarket.lt\/lt\/wp-json\/wp\/v2\/media?parent=163042"}],"wp:term":[{"taxonomy":"product_brand","embeddable":true,"href":"https:\/\/baldumarket.lt\/lt\/wp-json\/wp\/v2\/product_brand?post=163042"},{"taxonomy":"product_cat","embeddable":true,"href":"https:\/\/baldumarket.lt\/lt\/wp-json\/wp\/v2\/product_cat?post=163042"},{"taxonomy":"product_tag","embeddable":true,"href":"https:\/\/baldumarket.lt\/lt\/wp-json\/wp\/v2\/product_tag?post=163042"}],"curies":[{"name":"wp","href":"https:\/\/api.w.org\/{rel}","templated":true}]}}