{"id":163038,"date":"2025-12-19T12:34:55","date_gmt":"2025-12-19T09:34:55","guid":{"rendered":"https:\/\/baldumarket.lt\/product\/cut-out-ctuv01l-witryna-1d-lewa-cashmere-dab-coast-evoke\/"},"modified":"2026-04-06T18:43:27","modified_gmt":"2026-04-06T15:43:27","slug":"cut-out-ctuv01l-witryna-1d-lewa-cashmere-dab-coast-evoke","status":"publish","type":"product","link":"https:\/\/baldumarket.lt\/lt\/product\/cut-out-ctuv01l-witryna-1d-lewa-cashmere-dab-coast-evoke\/","title":{"rendered":"CUT OUT CTUV01L &#8211; 1D vitrina kair\u0117je, ka\u0161myro \u0105\u017euolo, pakrant\u0117s efekto spalva"},"content":{"rendered":"<p>\u201eCUT OUT CTUV01L\u201c vitrina \u2013 tai unikalus baldas, kuris skland\u017eiai integruojasi \u012f modern\u0173 interjer\u0105. Minimalistinis dizainas, paremtas nat\u016braliu dekoru ir eleganti\u0161komis linijomis, paver\u010dia j\u012f j\u016bs\u0173 svetain\u0117s, valgomojo ar biuro traukos centru. 60 cm plo\u010dio, 198 cm auk\u0161\u010dio ir 40 cm gylio spintel\u0117 puikiai tinka ma\u017eesn\u0117ms erdv\u0117ms, kur svarbi kiekviena detal\u0117.<\/p>\n<p>Unikali spalv\u0173 gama, kurioje derinamas ka\u0161myras ir pakrant\u0117s dvasi\u0105 primenantis \u0105\u017euolas, suteikia spintelei ne tik elegancijos, bet ir jaukumo. Gr\u016bdinto stiklo stiklas ir i\u0161skirtinis priekin\u0117s dalies i\u0161pjovimas sukuria lengvumo poj\u016bt\u012f, o LED ap\u0161vietimas suteikia \u017eavesio. \u0160is sprendimas leid\u017eia subtiliai pary\u0161kinti kiekvien\u0105 eksponuojam\u0105 daikt\u0105 \u2013 nuo stiklo iki dizaineri\u0173 dekoracij\u0173, sukuriant unikal\u0173 vizualin\u012f efekt\u0105.<\/p>\n<p>Spintel\u0117s vidus pasi\u017eymi prakti\u0161komis detal\u0117mis, \u012fskaitant tris skaidraus stiklo lentynas, kurios suteikia puiki\u0105 viet\u0105 j\u016bs\u0173 m\u0117gstamiausiems aksesuarams. Varstoma kair\u0117 priekin\u0117 dalis, pagaminta i\u0161 inovatyvios med\u017eiagos, turi \u0161velnaus u\u017edarymo sistem\u0105, tod\u0117l naudotis vitrina yra ne tik malonu, bet ir tylu. Be to, pasirenkamas LED ap\u0161vietimas leid\u017eia reguliuoti \u0161viesos intensyvum\u0105 pagal savo skon\u012f, sukuriant jauki\u0105 atmosfer\u0105 kambaryje.<\/p>\n<p>CUT OUT CTUV01L vitrina yra ne tik esteti\u0161kai patraukli, bet ir funkcionali. Gerai apgalvotas dizainas ir pristatymas dviejose pakuot\u0117se supaprastina transportavim\u0105 ir surinkim\u0105, o i\u0161samios instrukcijos paver\u010dia surinkim\u0105 tikru malonumu. Papildomos savyb\u0117s, tokios kaip matin\u0117s juodos rankenos ir subtil\u016bs slydimai, suteikia visam baldui modern\u0173 charakter\u012f.<\/p>\n<p>Pasirinkdami CUT OUT CTUV01L vitrin\u0105, investuojate \u012f stili\u0173, funkcionalum\u0105 ir modernius sprendimus. \u0160is baldas puikiai sutvarkys ir papuo\u0161 j\u016bs\u0173 erdv\u0119. \u012ene\u0161kite \u012f savo interjer\u0105 lengvumo, elegancijos ir patvarumo, m\u0117gaudamiesi estetika kiekvien\u0105 dien\u0105!<\/p>","protected":false},"excerpt":{"rendered":"<p>Plotis (cm): 60<br \/>\n\u016agis (cm): 198<br \/>\nGylis (cm): 40<\/p>","protected":false},"featured_media":163039,"comment_status":"open","ping_status":"open","template":"","meta":[],"product_brand":[],"product_cat":[9459,4107,2006],"product_tag":[],"class_list":{"0":"post-163038","1":"product","2":"type-product","3":"status-publish","4":"has-post-thumbnail","6":"product_cat-furniture-system-cut-out-wojcik-meble","7":"product_cat-meble-wojcik","8":"product_cat-vitrines","10":"first","11":"instock","12":"purchasable","13":"product-type-simple"},"_links":{"self":[{"href":"https:\/\/baldumarket.lt\/lt\/wp-json\/wp\/v2\/product\/163038","targetHints":{"allow":["GET"]}}],"collection":[{"href":"https:\/\/baldumarket.lt\/lt\/wp-json\/wp\/v2\/product"}],"about":[{"href":"https:\/\/baldumarket.lt\/lt\/wp-json\/wp\/v2\/types\/product"}],"replies":[{"embeddable":true,"href":"https:\/\/baldumarket.lt\/lt\/wp-json\/wp\/v2\/comments?post=163038"}],"wp:featuredmedia":[{"embeddable":true,"href":"https:\/\/baldumarket.lt\/lt\/wp-json\/wp\/v2\/media\/163039"}],"wp:attachment":[{"href":"https:\/\/baldumarket.lt\/lt\/wp-json\/wp\/v2\/media?parent=163038"}],"wp:term":[{"taxonomy":"product_brand","embeddable":true,"href":"https:\/\/baldumarket.lt\/lt\/wp-json\/wp\/v2\/product_brand?post=163038"},{"taxonomy":"product_cat","embeddable":true,"href":"https:\/\/baldumarket.lt\/lt\/wp-json\/wp\/v2\/product_cat?post=163038"},{"taxonomy":"product_tag","embeddable":true,"href":"https:\/\/baldumarket.lt\/lt\/wp-json\/wp\/v2\/product_tag?post=163038"}],"curies":[{"name":"wp","href":"https:\/\/api.w.org\/{rel}","templated":true}]}}