{"id":163034,"date":"2025-12-19T12:34:47","date_gmt":"2025-12-19T09:34:47","guid":{"rendered":"https:\/\/baldumarket.lt\/product\/cut-out-ctuv01r-witryna-1-drzwiowa-prawa-cashmere-dab-coast-evoke\/"},"modified":"2026-04-06T18:43:27","modified_gmt":"2026-04-06T15:43:27","slug":"cut-out-ctuv01r-witryna-1-drzwiowa-prawa-cashmere-dab-coast-evoke","status":"publish","type":"product","link":"https:\/\/baldumarket.lt\/lt\/product\/cut-out-ctuv01r-witryna-1-drzwiowa-prawa-cashmere-dab-coast-evoke\/","title":{"rendered":"CUT OUT CTUV01R &#8211; Vien\u0173 dur\u0173 vitrina, de\u0161inin\u0117, ka\u0161myro \u0105\u017euolo, \u201eCoast Evoke\u201c"},"content":{"rendered":"<p>Vitrina \u201eCUT OUT CTUV01R\u201c yra b\u016btinas pirkinys visiems, norintiems savo interjer\u0105 pagra\u017einti eleganti\u0161ku ir moderniu akcentu. D\u0117l savo eleganti\u0161ko dizaino \u0161i spintel\u0117 suteikia kambariui harmonijos ir \u0161viesos, puikiai j\u0105 organizuodama. Ji puikiai tinka tiek svetainei, tiek valgomajam, kur puikiai papildys \u201eCUT OUT\u201c kolekcij\u0105, sukurdama darni\u0105 kompozicij\u0105 su kitais baldais. Vitrinos matmenys \u2013 60 cm plo\u010dio, 198 cm auk\u0161\u010dio ir 40 cm gylio \u2013 yra kompakti\u0161ka ir lengvai patenkina net ir reikliausi\u0173 \u017emoni\u0173 poreikius.<\/p>\n<p>Vitrinos spalv\u0173 gama \u2013 madingas ka\u0161myro ir nat\u016bralaus \u0105\u017euolo derinys \u201cCoast Evoke\u201d. \u0160is derinys ne tik suteikia jaukumo, bet ir atitinka dabartines interjero dizaino tendencijas. Puikiai suderintos spalvos paver\u010dia \u0161\u012f bald\u0105 j\u016bs\u0173 interjero vitrina, suteikdamos jam \u0161ilt\u0105 ir sveting\u0105 charakter\u012f. Subtili\u0173 atspalvi\u0173 derinys su \u0161iltais \u0105\u017euolo akcentais sukuria maloni\u0105 atmosfer\u0105, kuri kasdien d\u017eiugina tiek gyventojus, tiek sve\u010dius.<\/p>\n<p>\u201eCUT OUT CTUV01R\u201c vitrina buvo sukurta atsi\u017evelgiant \u012f naudotojo patogum\u0105. De\u0161inin\u0117s pus\u0117s varstomos durys turi \u0161velnaus u\u017edarymo mechanizm\u0105, tod\u0117l ja nepaprastai patogu naudotis net ir tyliuose kambariuose. Viduje erdvios, skaidraus stiklo lentynos puikiai tinka m\u0117gstamoms dekoracijoms, knygoms ar stikliniams indams eksponuoti, o stiklinis priekis pabr\u0117\u017eia eleganti\u0161k\u0105 vitrinos charakter\u012f.<\/p>\n<p>Tokios detal\u0117s kaip matin\u0117s juodos rankenos ir subtilios kojel\u0117s suteikia modernumo ir funkcionalumo. Minimalistinis dizainas yra ne\u012fkyrus, ta\u010diau u\u017etikrina patog\u0173 kasdien\u012f naudojim\u0105. Be to, vieno ta\u0161ko neutralios baltos spalvos GAMA ap\u0161vietimas sukuria jauki\u0105 atmosfer\u0105, i\u0161ry\u0161kindamas eksponuojamus daiktus. Dar ry\u0161kesniam efektui sukurti galimas papildomas LED \u201eClip\u201c ap\u0161vietimas, kuris pary\u0161kins pasirinktus elementus.<\/p>\n<p>CUT OUT CTUV01R vitrina \u2013 tai tobulas estetikos ir funkcionalumo derinys. D\u0117l eleganti\u0161ko dizaino, mading\u0173 spalv\u0173 ir eleganti\u0161kos apdailos ji i\u0161siskiria i\u0161 kit\u0173 bald\u0173. Ie\u0161kote stilingo baldo, kuris pad\u0117t\u0173 eksponuoti m\u0117gstamiausius daiktus? CUT OUT CTUV01R vitrina bus puikus sprendimas norint pagyvinti j\u016bs\u0173 interjer\u0105 ir suteikti jam modernumo.<\/p>","protected":false},"excerpt":{"rendered":"<p>Plotis (cm): 60<br \/>\n\u016agis (cm): 198<br \/>\nGylis (cm): 40<\/p>","protected":false},"featured_media":163035,"comment_status":"open","ping_status":"open","template":"","meta":[],"product_brand":[],"product_cat":[9459,4107,2006],"product_tag":[],"class_list":{"0":"post-163034","1":"product","2":"type-product","3":"status-publish","4":"has-post-thumbnail","6":"product_cat-furniture-system-cut-out-wojcik-meble","7":"product_cat-meble-wojcik","8":"product_cat-vitrines","10":"first","11":"instock","12":"purchasable","13":"product-type-simple"},"_links":{"self":[{"href":"https:\/\/baldumarket.lt\/lt\/wp-json\/wp\/v2\/product\/163034","targetHints":{"allow":["GET"]}}],"collection":[{"href":"https:\/\/baldumarket.lt\/lt\/wp-json\/wp\/v2\/product"}],"about":[{"href":"https:\/\/baldumarket.lt\/lt\/wp-json\/wp\/v2\/types\/product"}],"replies":[{"embeddable":true,"href":"https:\/\/baldumarket.lt\/lt\/wp-json\/wp\/v2\/comments?post=163034"}],"wp:featuredmedia":[{"embeddable":true,"href":"https:\/\/baldumarket.lt\/lt\/wp-json\/wp\/v2\/media\/163035"}],"wp:attachment":[{"href":"https:\/\/baldumarket.lt\/lt\/wp-json\/wp\/v2\/media?parent=163034"}],"wp:term":[{"taxonomy":"product_brand","embeddable":true,"href":"https:\/\/baldumarket.lt\/lt\/wp-json\/wp\/v2\/product_brand?post=163034"},{"taxonomy":"product_cat","embeddable":true,"href":"https:\/\/baldumarket.lt\/lt\/wp-json\/wp\/v2\/product_cat?post=163034"},{"taxonomy":"product_tag","embeddable":true,"href":"https:\/\/baldumarket.lt\/lt\/wp-json\/wp\/v2\/product_tag?post=163034"}],"curies":[{"name":"wp","href":"https:\/\/api.w.org\/{rel}","templated":true}]}}