{"id":163026,"date":"2025-12-19T12:34:30","date_gmt":"2025-12-19T09:34:30","guid":{"rendered":"https:\/\/baldumarket.lt\/product\/cut-out-ctup01-polka-wiszaca-dab-coast-evoke\/"},"modified":"2026-04-06T18:43:27","modified_gmt":"2026-04-06T15:43:27","slug":"cut-out-ctup01-polka-wiszaca-dab-coast-evoke","status":"publish","type":"product","link":"https:\/\/baldumarket.lt\/lt\/product\/cut-out-ctup01-polka-wiszaca-dab-coast-evoke\/","title":{"rendered":"CUT OUT CTUP01 \u2013 pakabinama lentyna \u201eCoast Evoke Oak\u201c"},"content":{"rendered":"<p>Sienin\u0117 lentyna \u201eCUT OUT CTUP01\u201c \u2013 tai tobulas modernumo ir nat\u016bralaus \u017eavesio derinys, puikiai atitinkantis naujausias interjero dizaino tendencijas. Universali forma ir \u201eCoast Oak\u201c apdaila ne tik sukuria \u017eav\u0173 paprastum\u0105, bet ir suteikia interjerui jaukumo. 150 cm plo\u010dio, 18 cm auk\u0161\u010dio ir 19,6 cm gylio \u0161i lentyna bus puikus akcentas j\u016bs\u0173 svetain\u0117je, prie\u0161kambaryje ar miegamajame, maksimaliai i\u0161naudojant turim\u0105 erdv\u0119.<\/p>\n<p>Pagaminta i\u0161 patvarios laminuotos med\u017eio dro\u017eli\u0173 plok\u0161t\u0117s, lentyna CUT OUT CTUP01 ne tik puikiai atrodo, bet ir u\u017etikrina stabilum\u0105 bei ilgaam\u017ei\u0161kum\u0105. Lengva konstrukcija, sverianti vos 7,5 kg, leid\u017eia j\u0105 lengvai sumontuoti, tod\u0117l galite greitai pakeisti savo interjer\u0105 be nereikaling\u0173 komplikacij\u0173. Tai leid\u017eia vos per kelias akimirkas sukurti eleganti\u0161k\u0105 erdv\u0119, d\u017eiuginan\u010di\u0105 kiekviena detale.<\/p>\n<p>I\u0161skirtinis \u2019Coast Evoke\u201c \u0105\u017euolo atspalvio medienos ra\u0161tas yra ne tik esteti\u0161kai patrauklus, bet ir universalus, tod\u0117l lentyna puikiai tinka \u012fvairiems interjero stiliams \u2013 nuo skandinavi\u0161ko iki lofto ir modernaus. Nesvarbu, ar planuojate eksponuoti knygas, nuotrauk\u0173 r\u0117melius, ar g\u0117li\u0173 dekoracijas, CUT OUT CTUP01 lentyna bus puiki vieta eksponuoti m\u0117gstamiausius daiktus ir pritraukti lankytoj\u0173 d\u0117mes\u012f.<\/p>\n<p>CUT OUT CTUP01 lentynos transportavimas ir surinkimas yra labai paprastas \u2013 ji pristatoma vienoje pakuot\u0117je, tod\u0117l taupo j\u016bs\u0173 laik\u0105 ir suteikia patogumo j\u016bs\u0173 interjero dizainui. Tai puikus pasirinkimas tiems, kurie ie\u0161ko paprast\u0173, bet stiling\u0173 element\u0173 savo namams. Pasirinkite CUT OUT lentyn\u0105 ir sukurkite harmoning\u0105 erdv\u0119, kuri neabejotinai atspind\u0117s j\u016bs\u0173 individual\u0173 stili\u0173 ir modernaus gyvenimo elegancij\u0105.<\/p>","protected":false},"excerpt":{"rendered":"<p>Plotis (cm): 150<br \/>\n\u016agis (cm): 18<br \/>\nGylis (cm): 19,6<\/p>","protected":false},"featured_media":163027,"comment_status":"open","ping_status":"open","template":"","meta":[],"product_brand":[],"product_cat":[9459,1174,4107],"product_tag":[],"class_list":{"0":"post-163026","1":"product","2":"type-product","3":"status-publish","4":"has-post-thumbnail","6":"product_cat-furniture-system-cut-out-wojcik-meble","7":"product_cat-hanging-shelves","8":"product_cat-meble-wojcik","10":"first","11":"instock","12":"purchasable","13":"product-type-simple"},"_links":{"self":[{"href":"https:\/\/baldumarket.lt\/lt\/wp-json\/wp\/v2\/product\/163026","targetHints":{"allow":["GET"]}}],"collection":[{"href":"https:\/\/baldumarket.lt\/lt\/wp-json\/wp\/v2\/product"}],"about":[{"href":"https:\/\/baldumarket.lt\/lt\/wp-json\/wp\/v2\/types\/product"}],"replies":[{"embeddable":true,"href":"https:\/\/baldumarket.lt\/lt\/wp-json\/wp\/v2\/comments?post=163026"}],"wp:featuredmedia":[{"embeddable":true,"href":"https:\/\/baldumarket.lt\/lt\/wp-json\/wp\/v2\/media\/163027"}],"wp:attachment":[{"href":"https:\/\/baldumarket.lt\/lt\/wp-json\/wp\/v2\/media?parent=163026"}],"wp:term":[{"taxonomy":"product_brand","embeddable":true,"href":"https:\/\/baldumarket.lt\/lt\/wp-json\/wp\/v2\/product_brand?post=163026"},{"taxonomy":"product_cat","embeddable":true,"href":"https:\/\/baldumarket.lt\/lt\/wp-json\/wp\/v2\/product_cat?post=163026"},{"taxonomy":"product_tag","embeddable":true,"href":"https:\/\/baldumarket.lt\/lt\/wp-json\/wp\/v2\/product_tag?post=163026"}],"curies":[{"name":"wp","href":"https:\/\/api.w.org\/{rel}","templated":true}]}}