{"id":163022,"date":"2025-12-19T12:34:22","date_gmt":"2025-12-19T09:34:22","guid":{"rendered":"https:\/\/baldumarket.lt\/product\/cut-out-ctut01-stolik-kawowy-1-szuflada-dab-coast-evoke-cashmere\/"},"modified":"2026-04-06T18:43:17","modified_gmt":"2026-04-06T15:43:17","slug":"cut-out-ctut01-stolik-kawowy-1-szuflada-dab-coast-evoke-cashmere","status":"publish","type":"product","link":"https:\/\/baldumarket.lt\/lt\/product\/cut-out-ctut01-stolik-kawowy-1-szuflada-dab-coast-evoke-cashmere\/","title":{"rendered":"CUT OUT CTUT01 \u2013 kavos staliukas su 1 stal\u010diumi, pagamintas i\u0161 \u201eCoast Oak Evoke Cashmere\u201c"},"content":{"rendered":"<p>Kavos staliukas \u201eCUT OUT\u201c \u2013 tai modernus baldas, puikiai derinantis funkcionalum\u0105 ir eleganti\u0161k\u0105 stili\u0173. Pagamintas i\u0161 auk\u0161tos kokyb\u0117s laminuotos med\u017eio dro\u017eli\u0173 plok\u0161t\u0117s, jis pasi\u017eymi tvirta konstrukcija ir esteti\u0161ku dizainu, tod\u0117l idealiai tinka namams su ribota erdve. Jo matmenys \u2013 110 cm auk\u0161\u010dio, 65 cm plo\u010dio ir 44,5 cm gylio \u2013 leid\u017eia jam puikiai tikti net ir ma\u017eoje svetain\u0117je, tapdamas kambario traukos centru.<\/p>\n<p>Kavos staliukas \u201eCUT OUT\u201c \u2013 tai baldas, puikiai tinkantis kasdieniam gyvenimui. Jis suteikia daug vietos puodeliui aromatingos kavos ar m\u0117gstamai knygai, tod\u0117l atsipalaidavimo akimirkas paver\u010dia dar malonesn\u0117mis. Minimalistinis dizainas, pary\u0161kintas matin\u0117mis juodomis ranken\u0117l\u0117mis, puikiai dera su \u0161iuolaikin\u0117mis interjero dizaino tendencijomis ir sukuria harmoning\u0105 aplink\u0105 j\u016bs\u0173 namuose.<\/p>\n<p>Nors ir eleganti\u0161kas, CUT OUT stalas yra ir ne\u012ftik\u0117tinai prakti\u0161kas. Jo pavir\u0161ius ir erdv\u0117 po stalvir\u0161iu puikiai tinka \u012fvairiems smulkiems daiktams susid\u0117ti, padeda i\u0161laikyti tvark\u0105. D\u0117l patvari\u0173 med\u017eiag\u0173 naudojimo \u0161is baldas yra atsparus kasdieniam naudojimui, tod\u0117l idealiai tinka \u0161eimoms ir aktyv\u0173 gyvenimo b\u016bd\u0105 m\u0117gstantiems \u017emon\u0117ms.<\/p>\n<p>Pasirinkdami CUT OUT stal\u0105, investuojate \u012f kokyb\u0119 ir nesenstant\u012f stili\u0173. \u0160is baldas d\u017eiugins ak\u012f ilgus metus, o jo funkcionalumas kiekvien\u0105 akimirk\u0105, praleist\u0105 su juo, pavers i\u0161skirtine. Nelaukite! Rinkit\u0117s elegancij\u0105 ir komfort\u0105, kurie papuo\u0161 j\u016bs\u0173 interjer\u0105, derindami estetik\u0105 su prakti\u0161kumu.<\/p>","protected":false},"excerpt":{"rendered":"<p>Plotis (cm): 65<br \/>\n\u016agis (cm): 110<br \/>\nGylis (cm): 44,5<\/p>","protected":false},"featured_media":163023,"comment_status":"open","ping_status":"open","template":"","meta":[],"product_brand":[],"product_cat":[9459,866,4107],"product_tag":[],"class_list":{"0":"post-163022","1":"product","2":"type-product","3":"status-publish","4":"has-post-thumbnail","6":"product_cat-furniture-system-cut-out-wojcik-meble","7":"product_cat-coffee-tables","8":"product_cat-meble-wojcik","10":"first","11":"instock","12":"purchasable","13":"product-type-simple"},"_links":{"self":[{"href":"https:\/\/baldumarket.lt\/lt\/wp-json\/wp\/v2\/product\/163022","targetHints":{"allow":["GET"]}}],"collection":[{"href":"https:\/\/baldumarket.lt\/lt\/wp-json\/wp\/v2\/product"}],"about":[{"href":"https:\/\/baldumarket.lt\/lt\/wp-json\/wp\/v2\/types\/product"}],"replies":[{"embeddable":true,"href":"https:\/\/baldumarket.lt\/lt\/wp-json\/wp\/v2\/comments?post=163022"}],"wp:featuredmedia":[{"embeddable":true,"href":"https:\/\/baldumarket.lt\/lt\/wp-json\/wp\/v2\/media\/163023"}],"wp:attachment":[{"href":"https:\/\/baldumarket.lt\/lt\/wp-json\/wp\/v2\/media?parent=163022"}],"wp:term":[{"taxonomy":"product_brand","embeddable":true,"href":"https:\/\/baldumarket.lt\/lt\/wp-json\/wp\/v2\/product_brand?post=163022"},{"taxonomy":"product_cat","embeddable":true,"href":"https:\/\/baldumarket.lt\/lt\/wp-json\/wp\/v2\/product_cat?post=163022"},{"taxonomy":"product_tag","embeddable":true,"href":"https:\/\/baldumarket.lt\/lt\/wp-json\/wp\/v2\/product_tag?post=163022"}],"curies":[{"name":"wp","href":"https:\/\/api.w.org\/{rel}","templated":true}]}}