{"id":163018,"date":"2025-12-19T12:34:14","date_gmt":"2025-12-19T09:34:14","guid":{"rendered":"https:\/\/baldumarket.lt\/product\/cut-out-ctuf03-komoda-rtv-1k1d-cashmere-dab-coast-evoke\/"},"modified":"2026-04-06T18:43:17","modified_gmt":"2026-04-06T15:43:17","slug":"cut-out-ctuf03-komoda-rtv-1k1d-cashmere-dab-coast-evoke","status":"publish","type":"product","link":"https:\/\/baldumarket.lt\/lt\/product\/cut-out-ctuf03-komoda-rtv-1k1d-cashmere-dab-coast-evoke\/","title":{"rendered":"CUT OUT CTUF03 &#8211; TV staliukas 1K1D ka\u0161myro \u0105\u017euolo spalvos, \u201eCoast Evoke\u201c"},"content":{"rendered":"<p>Su \u201eCUT OUT\u201c televizoriaus staliuku suteikite savo interjerui modernaus stiliaus ir funkcionalumo. \u0160is eleganti\u0161kas \u0161ios unikalios kolekcijos baldas puikiai derina stili\u0173 ir prakti\u0161kum\u0105, tapdamas bet kurio kambario traukos centru. Pagamintas i\u0161 auk\u0161tos kokyb\u0117s laminuotos plok\u0161t\u0117s, pasi\u017eymin\u010dios \u017eavingais ka\u0161myro ir pakrant\u0117s stiliaus \u0105\u017euolo atspalviais, staliukas tikrai atkreips d\u0117mes\u012f ir suteiks j\u016bs\u0173 interjerui charakterio.<\/p>\n<p>\u012esp\u016bding\u0173 210 cm plo\u010dio, 58 cm auk\u0161\u010dio ir 42 cm gylio matmen\u0173 \u201eCUT OUT\u201c stovas puikiai tinka tiek didesn\u0117ms, tiek ma\u017eesn\u0117ms patalpoms. D\u0117l apgalvoto dizaino erdv\u0117 i\u0161naudojama funkcionaliai, nes jame yra daug vietos garso ir vaizdo \u012frangai bei kitiems priedams, kuriuos norite stilingai eksponuoti. D\u0117l i\u0161manaus i\u0161planavimo ir vien\u0173 dureli\u0173 bei vieno atvarto lengvai palaikysite tvark\u0105 ir \u0161var\u0105 savo svetain\u0117je.<\/p>\n<p>\u0160is baldas pasi\u017eymi ne tik estetika, bet ir prakti\u0161kumu. Eleganti\u0161kos juodos metalin\u0117s rankenos ir tvirtos kojel\u0117s, pagamintos i\u0161 patvaraus plastiko, ne tik pagerina i\u0161vaizd\u0105, bet ir u\u017etikrina patvarum\u0105 bei stabilum\u0105. Pasirinkdami m\u016bs\u0173 indauja, investuojate \u012f gamin\u012f, kuris ne tik puikiai atrodo, bet ir tarnaus ilgus metus, derindamas auk\u0161tos kokyb\u0117s meistri\u0161kum\u0105 su moderniu dizainu.<\/p>\n<p>\u201eCUT OUT\u201c televizoriaus spintel\u0117 \u2013 puikus pasirinkimas tiems, kurie vertina minimalizm\u0105 ir funkcionalum\u0105 savo interjere. Lengvas pristatymas ir surinkimas u\u017etikrina komfort\u0105 ir taupo laik\u0105 kuriant svajoni\u0173 interjer\u0105. \u012esitikinkite patys, kaip \u0161is unikalus baldas gali pakeisti j\u016bs\u0173 namus!<\/p>","protected":false},"excerpt":{"rendered":"<p>Plotis (cm): 210<br \/>\n\u016agis (cm): 58<br \/>\nGylis (cm): 42<\/p>","protected":false},"featured_media":163019,"comment_status":"open","ping_status":"open","template":"","meta":[],"product_brand":[],"product_cat":[9459,4107,1175],"product_tag":[],"class_list":{"0":"post-163018","1":"product","2":"type-product","3":"status-publish","4":"has-post-thumbnail","6":"product_cat-furniture-system-cut-out-wojcik-meble","7":"product_cat-meble-wojcik","8":"product_cat-tv-stands","10":"first","11":"instock","12":"purchasable","13":"product-type-simple"},"_links":{"self":[{"href":"https:\/\/baldumarket.lt\/lt\/wp-json\/wp\/v2\/product\/163018","targetHints":{"allow":["GET"]}}],"collection":[{"href":"https:\/\/baldumarket.lt\/lt\/wp-json\/wp\/v2\/product"}],"about":[{"href":"https:\/\/baldumarket.lt\/lt\/wp-json\/wp\/v2\/types\/product"}],"replies":[{"embeddable":true,"href":"https:\/\/baldumarket.lt\/lt\/wp-json\/wp\/v2\/comments?post=163018"}],"wp:featuredmedia":[{"embeddable":true,"href":"https:\/\/baldumarket.lt\/lt\/wp-json\/wp\/v2\/media\/163019"}],"wp:attachment":[{"href":"https:\/\/baldumarket.lt\/lt\/wp-json\/wp\/v2\/media?parent=163018"}],"wp:term":[{"taxonomy":"product_brand","embeddable":true,"href":"https:\/\/baldumarket.lt\/lt\/wp-json\/wp\/v2\/product_brand?post=163018"},{"taxonomy":"product_cat","embeddable":true,"href":"https:\/\/baldumarket.lt\/lt\/wp-json\/wp\/v2\/product_cat?post=163018"},{"taxonomy":"product_tag","embeddable":true,"href":"https:\/\/baldumarket.lt\/lt\/wp-json\/wp\/v2\/product_tag?post=163018"}],"curies":[{"name":"wp","href":"https:\/\/api.w.org\/{rel}","templated":true}]}}